{"id":15454,"date":"2025-11-08T14:09:25","date_gmt":"2025-11-08T14:09:25","guid":{"rendered":"https:\/\/www.largepillow.com\/product\/plush-recliner-chair-and-ottoman-set-modern-upholstered-lounge-sofa"},"modified":"2026-03-12T02:42:24","modified_gmt":"2026-03-12T02:42:24","slug":"plysch-fatolj-och-ottoman-set-modern-stoppad-loungesoffa","status":"publish","type":"product","link":"https:\/\/www.largepillow.com\/sv\/product\/plush-recliner-chair-and-ottoman-set-modern-upholstered-lounge-sofa\/","title":{"rendered":"Plysch f\u00e5t\u00f6lj och fotpall, modern kl\u00e4dd loungesoffa"},"content":{"rendered":"[zc_getpagecontent mb=&#8221;mb_aplus&#8221; apid=&#8221;153&#8243;]\n","protected":false},"excerpt":{"rendered":"<ul>\n<li>O\u00f6vertr\u00e4ffad komfort och plyschdesign: Upplev ultimat avkoppling med denna f\u00e5t\u00f6lj, noggrant designad med en fyllning av h\u00f6gdensitetspolyesterfiber som vaggar din kropp i mjukhet. Det lyxiga plyschtyget omsluter din hud varsamt, medan det texturerade garnf\u00e4rgade \u00f6verdraget ger elegans och h\u00e5llbarhet. Den intrikat veckade nackkudden f\u00f6rst\u00e4rker den visuella dragningskraften och ger inte bara en lyxig touch utan ocks\u00e5 sk\u00f6nheten i vilket rum som helst.<\/li>\n<li>Bekv\u00e4ma f\u00e5t\u00f6ljer med fotpall: Denna sch\u00e4slongf\u00e5t\u00f6lj f\u00f6r inomhusbruk har en tv\u00e5delad design med en huvudsits med vilf\u00e5t\u00f6lj och en matchande fotpall f\u00f6r maximal flexibilitet. Den matchande fotpallen \u00f6kar din komfort samtidigt som den \u00e4ven fungerar som extra sittplats vid behov. Denna vilf\u00e5t\u00f6lj l\u00e5ter dig str\u00e4cka ut benen eller sitta uppr\u00e4tt bekv\u00e4mt.<\/li>\n<li>Ergonomisk design: Loungesoffan \u00e4r ergonomiskt utformad f\u00f6r att st\u00f6dja din rygg, nacke och huvud. Den strukturerade f\u00e5t\u00f6ljen och fotst\u00f6det passar perfekt in i din kropp, vilket hj\u00e4lper till att minska tr\u00f6tthet och f\u00f6rb\u00e4ttra avslappningen. Oavsett om du anv\u00e4nder den som l\u00e4sf\u00e5t\u00f6lj, vardagsrumsdetalj eller sovrumskompanjon, garanterar denna sch\u00e4slongf\u00e5t\u00f6lj inomhus komfort f\u00f6r vuxna, ton\u00e5ringar och till och med husdjur.<\/li>\n<li>Olika anv\u00e4ndningsomr\u00e5den: Oavsett om du placerar denna sch\u00e4slongf\u00e5t\u00f6lj inomhus i ett studenthem, sovrum, balkong eller l\u00e4sh\u00f6rna, ger den en mysig och modern touch. Loungesoffan \u00e4r perfekt f\u00f6r vuxna, ton\u00e5ringar och till och med husdjur, och erbjuder en multifunktionell och avkopplande sittl\u00f6sning. Dess mjuka, plyschiga material garanterar l\u00e5ngvarig komfort under alla aktiviteter, fr\u00e5n arbetspauser till avslappnad avkoppling.<\/li>\n<li>Icke-montering: Ta bara bort vakuumf\u00f6rpackningen s\u00e5 \u00e5terg\u00e5r f\u00e5t\u00f6ljen och fotpallen till sitt ursprungliga skick inom 24\u201348 timmar. Observera att soffan skickas i tv\u00e5 separata l\u00e5dor och kan anl\u00e4nda vid olika tidpunkter. N\u00e4r de \u00e4r helt utf\u00e4llda kommer din f\u00e5t\u00f6lj och loungesoffa att ge en bekv\u00e4m tillflyktsort som kombinerar exklusiv design, komfort och praktiska egenskaper.<\/li>\n<\/ul>","protected":false},"featured_media":15440,"comment_status":"open","ping_status":"closed","template":"","meta":[],"product_brand":[],"product_cat":[228],"product_tag":[],"class_list":{"0":"post-15454","1":"product","2":"type-product","3":"status-publish","4":"has-post-thumbnail","6":"product_cat-cushions","8":"first","9":"instock","10":"sold-individually","11":"shipping-taxable","12":"purchasable","13":"product-type-simple"},"_links":{"self":[{"href":"https:\/\/www.largepillow.com\/sv\/wp-json\/wp\/v2\/product\/15454","targetHints":{"allow":["GET"]}}],"collection":[{"href":"https:\/\/www.largepillow.com\/sv\/wp-json\/wp\/v2\/product"}],"about":[{"href":"https:\/\/www.largepillow.com\/sv\/wp-json\/wp\/v2\/types\/product"}],"replies":[{"embeddable":true,"href":"https:\/\/www.largepillow.com\/sv\/wp-json\/wp\/v2\/comments?post=15454"}],"wp:featuredmedia":[{"embeddable":true,"href":"https:\/\/www.largepillow.com\/sv\/wp-json\/wp\/v2\/media\/15440"}],"wp:attachment":[{"href":"https:\/\/www.largepillow.com\/sv\/wp-json\/wp\/v2\/media?parent=15454"}],"wp:term":[{"taxonomy":"product_brand","embeddable":true,"href":"https:\/\/www.largepillow.com\/sv\/wp-json\/wp\/v2\/product_brand?post=15454"},{"taxonomy":"product_cat","embeddable":true,"href":"https:\/\/www.largepillow.com\/sv\/wp-json\/wp\/v2\/product_cat?post=15454"},{"taxonomy":"product_tag","embeddable":true,"href":"https:\/\/www.largepillow.com\/sv\/wp-json\/wp\/v2\/product_tag?post=15454"}],"curies":[{"name":"wp","href":"https:\/\/api.w.org\/{rel}","templated":true}]}}