{"id":156,"date":"2022-09-15T06:26:18","date_gmt":"2022-09-15T06:26:18","guid":{"rendered":"https:\/\/www.largepillow.com\/product\/daybed-wedge-pillow"},"modified":"2025-11-05T02:15:25","modified_gmt":"2025-11-05T02:15:25","slug":"sangkudden","status":"publish","type":"product","link":"https:\/\/www.largepillow.com\/sv\/product\/bed-bolster-pillow","title":{"rendered":"S\u00e4ngbolsterkudde"},"content":{"rendered":"<p>Uppt\u00e4ck den ultimata komforten med s\u00e4ngbolsterkudden<\/p>\n<p>Tr\u00f6tt p\u00e5 att k\u00e4mpa f\u00f6r att f\u00e5 det bekv\u00e4mt i s\u00e4ngen medan du l\u00e4ser eller tittar p\u00e5 TV? Vi presenterar den revolutionerande Bed Bolster Pillow, den multifunktionella 3-i-1-kudden som tar avkopplingen vid l\u00e4ggdags till nya h\u00f6jder. <\/p>\n<p>Denna triangul\u00e4ra kudde \u00e4r tillverkad av h\u00f6gkvalitativa material och erbjuder ergonomiskt svankst\u00f6d som formar sig perfekt efter din rygg och midja. Det andningsbara polyester\u00f6verdraget och den elastiska innerkudden ger precis r\u00e4tt m\u00e4ngd f\u00f6ljsamhet f\u00f6r timmar av sp\u00e4nningsfri komfort. <\/p>\n<p>Kunderna \u00e4lskar hur m\u00e5ngsidig s\u00e4ngbolsterkudden \u00e4r:<\/p>\n<p>\u201dJag anv\u00e4nder min uppr\u00e4tt som ryggst\u00f6d n\u00e4r jag sitter upp i s\u00e4ngen. Det \u00e4r s\u00e5 mycket b\u00e4ttre \u00e4n att k\u00e4mpa med platta kuddar som bara glider ner.\u201d<\/p>\n<p>\u201dDen h\u00e4r kilkudden \u00e4r fantastisk. Jag sover p\u00e5 sidan och att l\u00e4gga den under benen har gjort underverk mot min ryggsm\u00e4rta.\u201d  <\/p>\n<p>\u201dJag \u00e4lskar att anv\u00e4nda den som en liten soffkudde. Den har den perfekta storleken f\u00f6r att min dotter och jag ska kunna gosa och l\u00e4sa tillsammans.\u201d<\/p>\n<p>Med storlekar fr\u00e5n 45 cm upp till rymliga 200 cm kan s\u00e4ngkudden rymma allt fr\u00e5n personligt bruk till samsovning med en partner. De praktiska sidofickorna ger dig plats att f\u00f6rvara b\u00f6cker, fj\u00e4rrkontroller, telefoner och mer, medan det avtagbara \u00f6verdraget med dragkedja g\u00f6r det enkelt att tv\u00e4tta. <\/p>\n<p>F\u00f6rh\u00f6j din avslappning med den enda kudden som g\u00f6r allt. Ta hem Bed Bolster Pillow och uppt\u00e4ck ultimat komfort idag!<\/p>","protected":false},"excerpt":{"rendered":"<ul>\n<li><strong>Ultimat komfort:<\/strong> Denna huvudgavelskudde erbjuder utm\u00e4rkt komfort tack vare sin triangul\u00e4ra form. S\u00e4ngst\u00f6dskudden passar perfekt mot rygg och rygg, vilket minimerar trycket p\u00e5 l\u00e4ndryggen. Denna kilformade l\u00e4skudden kan hj\u00e4lpa dig att h\u00e5lla dig sp\u00e4nningsfri i s\u00e4ngen eller soffan, vilket \u00e4r perfekt f\u00f6r arbetande nattugglor, bokmalar och f\u00f6r att titta p\u00e5 TV i s\u00e4ngen. Denna extra stora bolsterkudden \u00e4r den enda kilformade huvudgavelskudden som rymmer tv\u00e5 personer.<\/li>\n<li><strong>3-i-1 stor kudde:<\/strong> Du kan anv\u00e4nda kudden st\u00e5ende som en ryggst\u00f6dskudde f\u00f6r huvudgaveln n\u00e4r du sitter i s\u00e4ngen eller l\u00e4gga den platt p\u00e5 s\u00e4ngen f\u00f6r att anv\u00e4nda den som en stor kilformad kudde n\u00e4r du sover p\u00e5 rygg eller sida, eller som en benkudde f\u00f6r att h\u00f6ja benen. Om du vill ha en stor huvudgavelskudde som ger st\u00f6d f\u00f6r b\u00e5de dig och din partner \u00e4r det ett utm\u00e4rkt alternativ.<\/li>\n<li><strong>Multifunktionell design:<\/strong> Vissa anv\u00e4nder den stora triangul\u00e4ra kudden som en kudde till huvudgaveln, medan andra anv\u00e4nder den som en b\u00e4lteskudde, den kan ocks\u00e5 fungera som en ryggst\u00f6dskudde till soffan eller dagb\u00e4dden. Den \u00e4r b\u00e5de snygg och funktionell, vilket g\u00f6r den till ett utm\u00e4rkt tillskott till alla sovrum.<\/li>\n<li><strong>\u00d6verl\u00e4gset hantverk:<\/strong> \u00d6rngottet har manchesterlook och \u00e4r tillverkat av 100% polyester. V\u00e5r huvudgavelkudde \u00e4r andningsbar och bekv\u00e4m nog att h\u00e5lla formen och inte f\u00f6rlora formen med tiden. En sidoficka p\u00e5 varje sida l\u00e5ter dig f\u00f6rvara din bok eller telefon.<\/li>\n<li><strong>L\u00e4tt att tv\u00e4tta:<\/strong> L\u00e4s\u00f6rns \u00f6verdrag \u00e4r f\u00e4st vid kudden med knappar och \u00e4r l\u00e4tt att ta bort med en enkel dragkedja. Detta g\u00f6r reng\u00f6ringen problemfri. Ta bara bort \u00f6verdraget och tv\u00e4tta snabbt i maskin f\u00f6r att f\u00e5 din kudde att se ut som ny.<\/li>\n<li><strong>Storlek:<\/strong> 45 cm (L45 x B20 x H50 | 0 knappar), 60 cm (L60 x B20 x H50 | 0 knappar), 80 cm (L80 x B20 x H50 | 2 knappar), 100 cm (L100 x B20 x H50 | 3 knappar), 120 cm (L120 x B20 x H50 | 4 knappar), 140 cm (L140 x B20 x H50 | 4 knappar), 160 cm (L160 x B20 x H50 | 5 knappar), 180 cm (L180 x B20 x H50 | 6 knappar), 200 cm (L200 x B20 x H50 | 7 knappar).<\/li>\n<\/ul>","protected":false},"featured_media":137,"comment_status":"open","ping_status":"closed","template":"","meta":[],"product_brand":[],"product_cat":[15],"product_tag":[66,225,195,206,218,102,75,168,154,199,163,59],"class_list":{"0":"post-156","1":"product","2":"type-product","3":"status-publish","4":"has-post-thumbnail","6":"product_cat-large-wedge-pillow","7":"product_tag-back-support-pillow","8":"product_tag-bed-bolster-pillow","9":"product_tag-brown-pillow","10":"product_tag-bumper-pillow","11":"product_tag-corduroy-pillow","12":"product_tag-couch-pillow","13":"product_tag-daybed-pillow","14":"product_tag-headboard-pillow","15":"product_tag-large-body-pillow","16":"product_tag-large-wedge-pillow","17":"product_tag-leg-pillow","18":"product_tag-reading-pillow","20":"first","21":"instock","22":"featured","23":"shipping-taxable","24":"purchasable","25":"product-type-variable"},"_links":{"self":[{"href":"https:\/\/www.largepillow.com\/sv\/wp-json\/wp\/v2\/product\/156","targetHints":{"allow":["GET"]}}],"collection":[{"href":"https:\/\/www.largepillow.com\/sv\/wp-json\/wp\/v2\/product"}],"about":[{"href":"https:\/\/www.largepillow.com\/sv\/wp-json\/wp\/v2\/types\/product"}],"replies":[{"embeddable":true,"href":"https:\/\/www.largepillow.com\/sv\/wp-json\/wp\/v2\/comments?post=156"}],"wp:featuredmedia":[{"embeddable":true,"href":"https:\/\/www.largepillow.com\/sv\/wp-json\/wp\/v2\/media\/137"}],"wp:attachment":[{"href":"https:\/\/www.largepillow.com\/sv\/wp-json\/wp\/v2\/media?parent=156"}],"wp:term":[{"taxonomy":"product_brand","embeddable":true,"href":"https:\/\/www.largepillow.com\/sv\/wp-json\/wp\/v2\/product_brand?post=156"},{"taxonomy":"product_cat","embeddable":true,"href":"https:\/\/www.largepillow.com\/sv\/wp-json\/wp\/v2\/product_cat?post=156"},{"taxonomy":"product_tag","embeddable":true,"href":"https:\/\/www.largepillow.com\/sv\/wp-json\/wp\/v2\/product_tag?post=156"}],"curies":[{"name":"wp","href":"https:\/\/api.w.org\/{rel}","templated":true}]}}