{"id":16483,"date":"2026-02-08T03:09:34","date_gmt":"2026-02-08T03:09:34","guid":{"rendered":"https:\/\/www.largepillow.com\/product\/contemporary-ottoman-cube-decorative-pouf-footrest-for-home-white-marble"},"modified":"2026-02-11T02:58:28","modified_gmt":"2026-02-11T02:58:28","slug":"modern-ottomansk-kub-dekorativ-pufffotstod-for-hemmet-vit-marmor","status":"publish","type":"product","link":"https:\/\/www.largepillow.com\/sv\/product\/contemporary-ottoman-cube-decorative-pouf-footrest-for-home-white-marble","title":{"rendered":"Modern ottomansk kub dekorativ pufffotst\u00f6d f\u00f6r hemmet (vit marmor)"},"content":{"rendered":"<p>F\u00f6rvandla ditt vardagsrum med denna m\u00e5ngsidiga och eleganta ottoman i kubform som fungerar som b\u00e5de en funktionell fotpall och en dekorativ accentm\u00f6bel. Med fantastiska m\u00f6nster som skapar en lyxig, naturlig estetik, m\u00e4ter denna ottoman 55*55*40 cm (22 x 22 x 17 tum) \u2013 perfekt f\u00f6r alla rumsmilj\u00f6er. Kubdesignen visar upp intrikata virvlande m\u00f6nster i rika bruna och gyllene toner, vilket g\u00f6r varje m\u00f6bel unik. Tillverkad med h\u00f6gkvalitativ skumstoppning ger den bekv\u00e4mt st\u00f6d oavsett om den anv\u00e4nds som fotst\u00f6d, extra sittplats eller sidobord. Den moderna designen kompletterar enkelt olika inredningsstilar, fr\u00e5n modern till rustik. Den rej\u00e4la storleken g\u00f6r den till ett idealiskt val f\u00f6r b\u00e5de praktisk anv\u00e4ndning och som ett i\u00f6gonfallande inslag i din heminredning. Finns i olika m\u00f6nster, med alternativ f\u00f6r anpassade designer som matchar dina specifika estetiska behov. Den m\u00e5ngsidiga h\u00f6jden och den robusta konstruktionen s\u00e4kerst\u00e4ller att denna ottoman kan tj\u00e4na flera syften, fr\u00e5n ett bekv\u00e4mt fotst\u00f6d till ett improviserat soffbord eller extra sittplatser vid g\u00e4ster.<\/p>","protected":false},"excerpt":{"rendered":"<ul>\n<li>M\u00e5ngsidig design: Modern kubottoman som fungerar som fotpall, extra sittplats eller dekorativ accentm\u00f6bel med sl\u00e5ende \u00e5dringsm\u00f6nster.<\/li>\n<li>Premiumstorlek: M\u00e5tt 55*55*40 cm (22 x 22 x 17 tum), perfekt f\u00f6r vardagsrum, sovrum eller alla utrymmen som beh\u00f6ver snygg funktionalitet.<\/li>\n<li>Anpassade alternativ: Finns i olika m\u00f6nster med m\u00f6jlighet till privata specialanpassade m\u00f6nster som matchar dina unika inredningsbehov.<\/li>\n<li>Bekv\u00e4mt st\u00f6d: Tillverkad med h\u00f6gkvalitativ skumstoppning f\u00f6r optimal komfort och h\u00e5llbarhet samtidigt som den bibeh\u00e5ller sin form.<\/li>\n<li>Uttrycksfullt f\u00f6rem\u00e5l: Distinkt m\u00f6nster i olika toner skapar en i\u00f6gonfallande accent f\u00f6r alla rumsinredningar.<\/li>\n<\/ul>","protected":false},"featured_media":16476,"comment_status":"open","ping_status":"closed","template":"","meta":[],"product_brand":[],"product_cat":[228],"product_tag":[],"class_list":{"0":"post-16483","1":"product","2":"type-product","3":"status-publish","4":"has-post-thumbnail","6":"product_cat-cushions","8":"first","9":"instock","10":"shipping-taxable","11":"purchasable","12":"product-type-simple"},"_links":{"self":[{"href":"https:\/\/www.largepillow.com\/sv\/wp-json\/wp\/v2\/product\/16483","targetHints":{"allow":["GET"]}}],"collection":[{"href":"https:\/\/www.largepillow.com\/sv\/wp-json\/wp\/v2\/product"}],"about":[{"href":"https:\/\/www.largepillow.com\/sv\/wp-json\/wp\/v2\/types\/product"}],"replies":[{"embeddable":true,"href":"https:\/\/www.largepillow.com\/sv\/wp-json\/wp\/v2\/comments?post=16483"}],"wp:featuredmedia":[{"embeddable":true,"href":"https:\/\/www.largepillow.com\/sv\/wp-json\/wp\/v2\/media\/16476"}],"wp:attachment":[{"href":"https:\/\/www.largepillow.com\/sv\/wp-json\/wp\/v2\/media?parent=16483"}],"wp:term":[{"taxonomy":"product_brand","embeddable":true,"href":"https:\/\/www.largepillow.com\/sv\/wp-json\/wp\/v2\/product_brand?post=16483"},{"taxonomy":"product_cat","embeddable":true,"href":"https:\/\/www.largepillow.com\/sv\/wp-json\/wp\/v2\/product_cat?post=16483"},{"taxonomy":"product_tag","embeddable":true,"href":"https:\/\/www.largepillow.com\/sv\/wp-json\/wp\/v2\/product_tag?post=16483"}],"curies":[{"name":"wp","href":"https:\/\/api.w.org\/{rel}","templated":true}]}}