{"id":16515,"date":"2026-02-08T03:29:28","date_gmt":"2026-02-08T03:29:28","guid":{"rendered":"https:\/\/www.largepillow.com\/product\/versatile-ottoman-foot-stool-modern-cube-pouf-for-home-decor-seating-yellow-wood-grain"},"modified":"2026-02-11T02:58:28","modified_gmt":"2026-02-11T02:58:28","slug":"mangsidig-ottomansk-fotpall-modern-kubpuff-for-heminredning-sittplatser-gul-traadring","status":"publish","type":"product","link":"https:\/\/www.largepillow.com\/sv\/product\/versatile-ottoman-foot-stool-modern-cube-pouf-for-home-decor-seating-yellow-wood-grain","title":{"rendered":"M\u00e5ngsidig fotpall i ottomansk stil, modern kubpuff f\u00f6r heminredning och sittplatser (gul tr\u00e4\u00e5dring)"},"content":{"rendered":"<p>M\u00e5tten p\u00e5 denna moderna kubottoman \u00e4r cirka 55*55*40 cm (22\u2033 L x 22\u2033 B x 17\u2033 H). Denna kubottoman ger dig ett mer realistiskt utseende. Denna ottoman \u00e4r inte bara ett fotst\u00f6d, du kan anv\u00e4nda den som en sittplats, soffbord, sidobord eller nattduksbord, och kan ge trevlig bekv\u00e4mlighet i ditt dagliga liv, vilket g\u00f6r den till en m\u00e5ngsidig accentm\u00f6bel som anpassar sig till dina behov i bostadsutrymmet.<\/p>","protected":false},"excerpt":{"rendered":"<ul>\n<li>M\u00e5ngsidig design: Modern kubottoman som fungerar som fotpall, extra sittplats eller dekorativ accentm\u00f6bel med sl\u00e5ende tr\u00e4\u00e5dringsm\u00f6nster.<\/li>\n<li>Premiumstorlek: M\u00e5tt 55*55*40 cm (22 x 22 x 17 tum), perfekt f\u00f6r vardagsrum, sovrum eller alla utrymmen som beh\u00f6ver snygg funktionalitet.<\/li>\n<li>Bekv\u00e4mt st\u00f6d: Tillverkad med h\u00f6gkvalitativ skumstoppning f\u00f6r optimal komfort och h\u00e5llbarhet samtidigt som den bibeh\u00e5ller sin form.<\/li>\n<li>I\u00f6gonfallande dekor: Ett distinkt tr\u00e4\u00e5dringsm\u00f6nster i m\u00f6rka och ljusa toner skapar en i\u00f6gonfallande accent f\u00f6r alla rumsinredningar.<\/li>\n<li>Flera f\u00e4rger Finns i olika m\u00f6nster med alternativ f\u00f6r att matcha dina unika inredningsbehov.<\/li>\n<\/ul>","protected":false},"featured_media":16508,"comment_status":"open","ping_status":"closed","template":"","meta":[],"product_brand":[],"product_cat":[228],"product_tag":[],"class_list":{"0":"post-16515","1":"product","2":"type-product","3":"status-publish","4":"has-post-thumbnail","6":"product_cat-cushions","8":"first","9":"instock","10":"shipping-taxable","11":"purchasable","12":"product-type-simple"},"_links":{"self":[{"href":"https:\/\/www.largepillow.com\/sv\/wp-json\/wp\/v2\/product\/16515","targetHints":{"allow":["GET"]}}],"collection":[{"href":"https:\/\/www.largepillow.com\/sv\/wp-json\/wp\/v2\/product"}],"about":[{"href":"https:\/\/www.largepillow.com\/sv\/wp-json\/wp\/v2\/types\/product"}],"replies":[{"embeddable":true,"href":"https:\/\/www.largepillow.com\/sv\/wp-json\/wp\/v2\/comments?post=16515"}],"wp:featuredmedia":[{"embeddable":true,"href":"https:\/\/www.largepillow.com\/sv\/wp-json\/wp\/v2\/media\/16508"}],"wp:attachment":[{"href":"https:\/\/www.largepillow.com\/sv\/wp-json\/wp\/v2\/media?parent=16515"}],"wp:term":[{"taxonomy":"product_brand","embeddable":true,"href":"https:\/\/www.largepillow.com\/sv\/wp-json\/wp\/v2\/product_brand?post=16515"},{"taxonomy":"product_cat","embeddable":true,"href":"https:\/\/www.largepillow.com\/sv\/wp-json\/wp\/v2\/product_cat?post=16515"},{"taxonomy":"product_tag","embeddable":true,"href":"https:\/\/www.largepillow.com\/sv\/wp-json\/wp\/v2\/product_tag?post=16515"}],"curies":[{"name":"wp","href":"https:\/\/api.w.org\/{rel}","templated":true}]}}