{"id":16552,"date":"2026-02-08T07:50:38","date_gmt":"2026-02-08T07:50:38","guid":{"rendered":"https:\/\/www.largepillow.com\/product\/convertible-modular-floor-sofa-floor-pillow-couch-lounge-chair-for-home"},"modified":"2026-02-11T02:58:33","modified_gmt":"2026-02-11T02:58:33","slug":"konvertibel-modular-golvsoffa-golvkudde-soffa-loungestol-for-hemmet","status":"publish","type":"product","link":"https:\/\/www.largepillow.com\/sv\/product\/convertible-modular-floor-sofa-floor-pillow-couch-lounge-chair-for-home","title":{"rendered":"Konvertibel modul\u00e4r golvsoffa, golvkuddesoffa, loungef\u00e5t\u00f6lj f\u00f6r hemmet"},"content":{"rendered":"[zc_getpagecontent mb=&#8221;mb_aplus&#8221; apid=&#8221;156&#8243;]\n","protected":false},"excerpt":{"rendered":"<ul>\n<li>Modul\u00e4r och platsbesparande design: Denna 4-delade golvsoffgrupp inkluderar 2 extra stora sittdynor och 2 ryggst\u00f6d \u2013 ingen ram kr\u00e4vs! Kombinera dem fritt som en golvsoffa mot en v\u00e4gg, anv\u00e4nd dem som stora golvdynor eller omforma dem till en f\u00e5t\u00f6lj, sektionssoffa eller avslappnad sittgrupp f\u00f6r att passa in i ditt utrymme. Perfekt f\u00f6r sm\u00e5 l\u00e4genheter, studenthem eller mysiga vr\u00e5r, sparar den utrymme samtidigt som den erbjuder maximal komfort.<\/li>\n<li>Inspirerad av rostat br\u00f6d, gjord f\u00f6r komfort: Denna golvsoffa \u00e4r inspirerad av den mjuka, gyllene konsistensen av nybakat rostat br\u00f6d och har en varm beige-guldf\u00e4rg och ultramjukt stoppning. I samma \u00f6gonblick som du s\u00e4tter dig ner kommer du att k\u00e4nna att du sjunker ner i ett moln av avkoppling \u2013 perfekt f\u00f6r att skapa en lugn och mysig atmosf\u00e4r i vilket rum som helst.<\/li>\n<li>V\u00e4ndbara f\u00e4rger och premiumtyg: De v\u00e4ndbara \u00f6verdragen i tv\u00e5 toner (orange och beige) \u00e4r tillverkade av mjuk holl\u00e4ndsk sammet, vilket ger tv\u00e5 snygga utseenden och en mysig touch som matchar din inredning.<\/li>\n<li>Molnliknande, st\u00f6djande komfort: Varje kudde \u00e4r gener\u00f6st stoppad med fluffig PP-bomull, vilket ger tjock, st\u00f6djande stoppning och utm\u00e4rkt \u00e5terfj\u00e4dring. Oavsett om du l\u00e4ser, spelar spel, sover middag eller kopplar av, ger denna golvsoffa ultimat komfort p\u00e5 golvniv\u00e5.<\/li>\n<li>Flexibel och portabel: L\u00e4tt design med dolda handtag g\u00f6r den enkel att flytta och omkonfigurera. De modul\u00e4ra kuddarna inspirerar till kreativitet och flexibilitet i ditt bostadsutrymme.<\/li>\n<li>Enkel sk\u00f6tsel och installation: Levereras med avtagbara, tv\u00e4ttbara \u00f6verdrag f\u00f6r enkel reng\u00f6ring. Setet levereras vakuumf\u00f6rpackat i tv\u00e5 separata f\u00f6rpackningar; v\u00e4nta 24\u201372 timmar efter uppackning f\u00f6r att uppleva dess verkliga mjukhet.<\/li>\n<\/ul>","protected":false},"featured_media":16535,"comment_status":"open","ping_status":"closed","template":"","meta":[],"product_brand":[],"product_cat":[228],"product_tag":[],"class_list":{"0":"post-16552","1":"product","2":"type-product","3":"status-publish","4":"has-post-thumbnail","6":"product_cat-cushions","8":"first","9":"outofstock","10":"sold-individually","11":"shipping-taxable","12":"purchasable","13":"product-type-simple"},"_links":{"self":[{"href":"https:\/\/www.largepillow.com\/sv\/wp-json\/wp\/v2\/product\/16552","targetHints":{"allow":["GET"]}}],"collection":[{"href":"https:\/\/www.largepillow.com\/sv\/wp-json\/wp\/v2\/product"}],"about":[{"href":"https:\/\/www.largepillow.com\/sv\/wp-json\/wp\/v2\/types\/product"}],"replies":[{"embeddable":true,"href":"https:\/\/www.largepillow.com\/sv\/wp-json\/wp\/v2\/comments?post=16552"}],"wp:featuredmedia":[{"embeddable":true,"href":"https:\/\/www.largepillow.com\/sv\/wp-json\/wp\/v2\/media\/16535"}],"wp:attachment":[{"href":"https:\/\/www.largepillow.com\/sv\/wp-json\/wp\/v2\/media?parent=16552"}],"wp:term":[{"taxonomy":"product_brand","embeddable":true,"href":"https:\/\/www.largepillow.com\/sv\/wp-json\/wp\/v2\/product_brand?post=16552"},{"taxonomy":"product_cat","embeddable":true,"href":"https:\/\/www.largepillow.com\/sv\/wp-json\/wp\/v2\/product_cat?post=16552"},{"taxonomy":"product_tag","embeddable":true,"href":"https:\/\/www.largepillow.com\/sv\/wp-json\/wp\/v2\/product_tag?post=16552"}],"curies":[{"name":"wp","href":"https:\/\/api.w.org\/{rel}","templated":true}]}}