{"id":16625,"date":"2026-02-10T03:18:15","date_gmt":"2026-02-10T03:18:15","guid":{"rendered":"https:\/\/www.largepillow.com\/product\/adjustable-face-down-pillow-for-eye-surgery-bbl-massage-sleeping"},"modified":"2026-02-11T03:05:42","modified_gmt":"2026-02-11T03:05:42","slug":"justerbar-kudde-med-ansiktet-nedat-for-ogonkirurgi-bbl-massage-somn","status":"publish","type":"product","link":"https:\/\/www.largepillow.com\/sv\/product\/adjustable-face-down-pillow-for-eye-surgery-bbl-massage-sleeping","title":{"rendered":"Justerbar kudde med ansiktet ned\u00e5t f\u00f6r \u00f6gonkirurgi, BBL, massage, s\u00f6mn"},"content":{"rendered":"[zc_getpagecontent mb=&#8221;mb_aplus&#8221; apid=&#8221;164&#8243;]\n","protected":false},"excerpt":{"rendered":"<ul>\n<li><strong>Justerbar ansiktsposition<\/strong>Ansiktets storlek och position kan justeras f\u00f6r att m\u00f6ta individuella behov, och de breddade ventilations\u00f6ppningarna med dubbla kanaler s\u00e4kerst\u00e4ller smidig andning.<\/li>\n<li><strong>3 lager svampskarvning<\/strong>Lager 1: Mjukt och formar sig efter kroppen; Lager 2: Bekv\u00e4m elasticitet; Lager 3: Garanterar st\u00f6d, justerbar \u00f6ppningskontur ger gott om st\u00f6d f\u00f6r huvud, axlar och br\u00f6st, vilket bibeh\u00e5ller ryggradens linjering.<\/li>\n<li><strong>Multifunktionell kudde<\/strong>Massagekudde med framsidan ned\u00e5t. Den hj\u00e4lper till med \u00e5terh\u00e4mtning efter olika operationer och kan \u00e4ven anv\u00e4ndas som massagekudde i hemmet, kiropraktormassage, skrivbordslurar eller f\u00f6r att sova p\u00e5 mage p\u00e5 natten.<\/li>\n<li><strong>Mjuk och bekv\u00e4m<\/strong>Denna magkudde \u00e4r tillverkad av hudv\u00e4nligt och andningsbart tyg med en trelagers svampdesign som ger b\u00e5de st\u00f6d och komfort.<\/li>\n<li><strong>Avtagbar och tv\u00e4ttbar<\/strong>Det avtagbara \u00f6rngottet med osynlig dragkedja \u00e4r l\u00e4tt att tv\u00e4tta och kan tv\u00e4ttas i maskin.<\/li>\n<\/ul>","protected":false},"featured_media":16616,"comment_status":"open","ping_status":"closed","template":"","meta":[],"product_brand":[],"product_cat":[228],"product_tag":[],"class_list":{"0":"post-16625","1":"product","2":"type-product","3":"status-publish","4":"has-post-thumbnail","6":"product_cat-cushions","8":"first","9":"instock","10":"sold-individually","11":"shipping-taxable","12":"purchasable","13":"product-type-variable","14":"has-default-attributes"},"_links":{"self":[{"href":"https:\/\/www.largepillow.com\/sv\/wp-json\/wp\/v2\/product\/16625","targetHints":{"allow":["GET"]}}],"collection":[{"href":"https:\/\/www.largepillow.com\/sv\/wp-json\/wp\/v2\/product"}],"about":[{"href":"https:\/\/www.largepillow.com\/sv\/wp-json\/wp\/v2\/types\/product"}],"replies":[{"embeddable":true,"href":"https:\/\/www.largepillow.com\/sv\/wp-json\/wp\/v2\/comments?post=16625"}],"wp:featuredmedia":[{"embeddable":true,"href":"https:\/\/www.largepillow.com\/sv\/wp-json\/wp\/v2\/media\/16616"}],"wp:attachment":[{"href":"https:\/\/www.largepillow.com\/sv\/wp-json\/wp\/v2\/media?parent=16625"}],"wp:term":[{"taxonomy":"product_brand","embeddable":true,"href":"https:\/\/www.largepillow.com\/sv\/wp-json\/wp\/v2\/product_brand?post=16625"},{"taxonomy":"product_cat","embeddable":true,"href":"https:\/\/www.largepillow.com\/sv\/wp-json\/wp\/v2\/product_cat?post=16625"},{"taxonomy":"product_tag","embeddable":true,"href":"https:\/\/www.largepillow.com\/sv\/wp-json\/wp\/v2\/product_tag?post=16625"}],"curies":[{"name":"wp","href":"https:\/\/api.w.org\/{rel}","templated":true}]}}