{"id":16948,"date":"2026-03-01T01:52:59","date_gmt":"2026-03-01T01:52:59","guid":{"rendered":"https:\/\/www.largepillow.com\/product\/neo-livingstones-large-pebble-cushions-pebble-pillows-rock-pillows-set"},"modified":"2026-03-02T20:26:16","modified_gmt":"2026-03-02T20:26:16","slug":"neo-livingstones-stora-kuddar-med-stensten-kuddar-med-stenkuddar","status":"publish","type":"product","link":"https:\/\/www.largepillow.com\/sv\/product\/neo-livingstones-large-pebble-cushions-pebble-pillows-rock-pillows-set","title":{"rendered":"Neo-LivingStones Stora Kuddar med Sten Kuddar Set med Stenkuddar"},"content":{"rendered":"[zc_getpagecontent mb=&#8221;mb_aplus&#8221; apid=&#8221;165&#8243;]\n","protected":false},"excerpt":{"rendered":"<ul>\n<li>Mixa och matcha storlekar: Soft Stone-kuddarna finns i sex olika storlekar (fr\u00e5n 20 cm till 95 cm l\u00e5nga) och kan staplas, spridas eller grupperas f\u00f6r att skapa din personliga mjuka loungedel. Passar utm\u00e4rkt som ottomaner, golvsittplatser eller accentkuddar.<\/li>\n<li>Kvalitetsmaterial: Tillverkade av mjuk, st\u00f6djande polypropylen (PP) bomull och premiumkomposit borstad polyesterstickad tyg, dessa kuddar \u00e4r perfekta f\u00f6r avkoppling, sittande, slappa eller till och med fantasifull lek. St\u00f6djande men \u00e4nd\u00e5 plyschiga.<\/li>\n<li>Enkelt underh\u00e5ll och installation: Monteringsfri och l\u00e4tt. Halkfri botten f\u00f6r s\u00e4kerhet. Reng\u00f6r enkelt med en fuktig trasa. Dragkedjorna kan l\u00e5sas upp med ett gem n\u00e4r det beh\u00f6vs \u2013 se den medf\u00f6ljande fotoguiden.<\/li>\n<li>Speciell tillverkningsteknik: Vi anv\u00e4nder avancerade panels\u00f6mnadstekniker i den yttre designen av v\u00e5ra produkter, vilket s\u00e4kerst\u00e4ller ett elegant och sofistikerat utseende.<\/li>\n<li>S\u00e4ljs i 4 setkombinationer: V\u00e4lj mellan fyra utvalda set \u2013 se produktbilder f\u00f6r exakt inneh\u00e5ll; du f\u00e5r vad du ser.<\/li>\n<li>Ny produktlansering: 90 dagars prisgaranti. Om priset sjunker inom 90 dagar \u00e5terbetalar vi mellanskillnaden.<\/li>\n<li>Retur- och bytespolicy: K\u00f6pare ansvarar f\u00f6r returfraktkostnaderna vid eventuell retur eller byte.<\/li>\n<\/ul>","protected":false},"featured_media":16930,"comment_status":"open","ping_status":"closed","template":"","meta":[],"product_brand":[],"product_cat":[30],"product_tag":[],"class_list":{"0":"post-16948","1":"product","2":"type-product","3":"status-publish","4":"has-post-thumbnail","6":"product_cat-large-rock-pillow","8":"first","9":"instock","10":"sold-individually","11":"shipping-taxable","12":"purchasable","13":"product-type-variable","14":"has-default-attributes"},"_links":{"self":[{"href":"https:\/\/www.largepillow.com\/sv\/wp-json\/wp\/v2\/product\/16948","targetHints":{"allow":["GET"]}}],"collection":[{"href":"https:\/\/www.largepillow.com\/sv\/wp-json\/wp\/v2\/product"}],"about":[{"href":"https:\/\/www.largepillow.com\/sv\/wp-json\/wp\/v2\/types\/product"}],"replies":[{"embeddable":true,"href":"https:\/\/www.largepillow.com\/sv\/wp-json\/wp\/v2\/comments?post=16948"}],"wp:featuredmedia":[{"embeddable":true,"href":"https:\/\/www.largepillow.com\/sv\/wp-json\/wp\/v2\/media\/16930"}],"wp:attachment":[{"href":"https:\/\/www.largepillow.com\/sv\/wp-json\/wp\/v2\/media?parent=16948"}],"wp:term":[{"taxonomy":"product_brand","embeddable":true,"href":"https:\/\/www.largepillow.com\/sv\/wp-json\/wp\/v2\/product_brand?post=16948"},{"taxonomy":"product_cat","embeddable":true,"href":"https:\/\/www.largepillow.com\/sv\/wp-json\/wp\/v2\/product_cat?post=16948"},{"taxonomy":"product_tag","embeddable":true,"href":"https:\/\/www.largepillow.com\/sv\/wp-json\/wp\/v2\/product_tag?post=16948"}],"curies":[{"name":"wp","href":"https:\/\/api.w.org\/{rel}","templated":true}]}}