{"id":185,"date":"2022-09-15T06:35:24","date_gmt":"2022-09-15T06:35:24","guid":{"rendered":"https:\/\/www.largepillow.com\/product\/triangle-bolster-pillow"},"modified":"2025-11-05T02:15:26","modified_gmt":"2025-11-05T02:15:26","slug":"triangular-kudde","status":"publish","type":"product","link":"https:\/\/www.largepillow.com\/sv\/product\/triangular-pillow","title":{"rendered":"Triangul\u00e4r kudde"},"content":{"rendered":"<p>Uppt\u00e4ck ultimat komfort med den m\u00e5ngsidiga triangul\u00e4ra kudden<\/p>\n<p>Njut av o\u00f6vertr\u00e4ffad komfort med den innovativa triangul\u00e4ra kudden, utformad f\u00f6r att f\u00f6rh\u00f6ja din avslappning och st\u00f6dupplevelse.<\/p>\n<p>O\u00f6vertr\u00e4ffad komfort och st\u00f6d<\/p>\n<p>Den ergonomiska triangul\u00e4ra formen p\u00e5 denna huvudgavelkudde formar sig perfekt efter din rygg och midja, vilket ger exceptionellt st\u00f6d och minimerar trycket p\u00e5 l\u00e4ndryggen. Oavsett om du ligger uppr\u00e4tt i s\u00e4ngen i timmar av l\u00e4sning, arbete eller TV-tittande, garanterar denna kudde en sp\u00e4nningsfri och avslappnad position.<\/p>\n<p>3-i-1 multifunktionell design<\/p>\n<p>Omfamna m\u00e5ngsidigheten hos den triangul\u00e4ra kudden. Anv\u00e4nd den uppr\u00e4tt som en st\u00f6djande huvudgavel, l\u00e4gg den platt f\u00f6r b\u00e4ttre s\u00f6mn som en kilformad kudde, eller h\u00f6j benen f\u00f6r f\u00f6rb\u00e4ttrad blodcirkulation som en benkudde. Det \u00e4r den perfekta l\u00f6sningen f\u00f6r par som s\u00f6ker ultimat komfort i s\u00e4ngen.<\/p>\n<p>Snygg och funktionell<\/p>\n<p>\u00d6rngottets eleganta manchesterutseende och mjuka polyestermaterial utstr\u00e5lar elegans samtidigt som det andas och \u00e4r bekv\u00e4mt. Kudden beh\u00e5ller sin form utan anstr\u00e4ngning, vilket garanterar l\u00e5ngvarig komfort och st\u00f6d. Sidofickorna p\u00e5 varje sida rymmer bekv\u00e4mt din telefon eller en bok.<\/p>\n<p>Enkelt underh\u00e5ll<\/p>\n<p>Reng\u00f6ring av den triangul\u00e4ra kudden \u00e4r en barnlek. Det avtagbara \u00f6verdraget har en dragkedja f\u00f6r problemfri tv\u00e4tt. Ta bara bort det och sl\u00e4ng den i maskinen f\u00f6r en grundlig reng\u00f6ring som h\u00e5ller din kudde fr\u00e4sch och inbjudande.<\/p>\n<p>Kundomd\u00f6men<\/p>\n<p>Ta inte bara v\u00e5rt ord f\u00f6r det. H\u00e4r \u00e4r vad n\u00f6jda kunder s\u00e4ger:<\/p>\n<p>\u201cDen h\u00e4r kudden \u00e4r fantastisk! Jag anv\u00e4nder den som kudde till huvudgaveln, och den \u00e4r s\u00e5 mjuk och st\u00f6djande. Jag \u00e4lskar manchesterf\u00e4rgen, och den \u00e4r det perfekta tillskottet till mitt sovrum.\u201d<br \/>\n\u201cJag sover p\u00e5 sidan, och den h\u00e4r kudden har varit en livr\u00e4ddare. Den h\u00e5ller mitt huvud och min nacke i linje, och jag har m\u00e4rkt en enorm skillnad i min s\u00f6mnkvalitet.\u201d<br \/>\n\u201cJag \u00e4lskar hur m\u00e5ngsidig den h\u00e4r kudden \u00e4r. Jag anv\u00e4nder den som en huvudgavelkudde under dagen och plattar sedan ut den f\u00f6r att anv\u00e4nda den som en kilformad kudde n\u00e4r jag sover. Den \u00e4r s\u00e5 bekv\u00e4m och praktisk.\u201d<\/p>\n<p>F\u00f6rh\u00f6j din komfort och avkoppling idag med den triangul\u00e4ra kudden. Dess o\u00f6vertr\u00e4ffade m\u00e5ngsidighet, \u00f6verl\u00e4gsna hantverk och kundgodk\u00e4nda kvalitet g\u00f6r den till ett oumb\u00e4rligt tillskott i alla sovrum.<\/p>","protected":false},"excerpt":{"rendered":"<ul>\n<li><strong>Ultimat komfort:<\/strong> Denna huvudgavelskudde erbjuder utm\u00e4rkt komfort tack vare sin triangul\u00e4ra form. S\u00e4ngst\u00f6dskudden passar perfekt mot rygg och rygg, vilket minimerar trycket p\u00e5 l\u00e4ndryggen. Denna kilformade l\u00e4skudden kan hj\u00e4lpa dig att h\u00e5lla dig sp\u00e4nningsfri i s\u00e4ngen eller soffan, vilket \u00e4r perfekt f\u00f6r arbetande nattugglor, bokmalar och f\u00f6r att titta p\u00e5 TV i s\u00e4ngen. Denna extra stora bolsterkudden \u00e4r den enda kilformade huvudgavelskudden som rymmer tv\u00e5 personer.<\/li>\n<li><strong>3-i-1 stor kudde:<\/strong> Du kan anv\u00e4nda kudden st\u00e5ende som en ryggst\u00f6dskudde f\u00f6r huvudgaveln n\u00e4r du sitter i s\u00e4ngen eller l\u00e4gga den platt p\u00e5 s\u00e4ngen f\u00f6r att anv\u00e4nda den som en stor kilformad kudde n\u00e4r du sover p\u00e5 rygg eller sida, eller som en benkudde f\u00f6r att h\u00f6ja benen. Om du vill ha en stor huvudgavelskudde som ger st\u00f6d f\u00f6r b\u00e5de dig och din partner \u00e4r det ett utm\u00e4rkt alternativ.<\/li>\n<li><strong>Multifunktionell design:<\/strong> Vissa anv\u00e4nder den stora triangul\u00e4ra kudden som en kudde till huvudgaveln, medan andra anv\u00e4nder den som en b\u00e4lteskudde, den kan ocks\u00e5 fungera som en ryggst\u00f6dskudde till soffan eller dagb\u00e4dden. Den \u00e4r b\u00e5de snygg och funktionell, vilket g\u00f6r den till ett utm\u00e4rkt tillskott till alla sovrum.<\/li>\n<li><strong>\u00d6verl\u00e4gset hantverk:<\/strong> \u00d6rngottet har manchesterlook och \u00e4r tillverkat av 100% polyester. V\u00e5r huvudgavelkudde \u00e4r andningsbar och bekv\u00e4m nog att h\u00e5lla formen och inte f\u00f6rlora formen med tiden. En sidoficka p\u00e5 varje sida l\u00e5ter dig f\u00f6rvara din bok eller telefon.<\/li>\n<li><strong>L\u00e4tt att tv\u00e4tta:<\/strong> L\u00e4s\u00f6rns \u00f6verdrag \u00e4r f\u00e4st vid kudden med knappar och \u00e4r l\u00e4tt att ta bort med en enkel dragkedja. Detta g\u00f6r reng\u00f6ringen problemfri. Ta bara bort \u00f6verdraget och tv\u00e4tta snabbt i maskin f\u00f6r att f\u00e5 din kudde att se ut som ny.<\/li>\n<li><strong>Storlek:<\/strong> 45 cm (L45 x B20 x H50 | 0 knappar), 60 cm (L60 x B20 x H50 | 0 knappar), 80 cm (L80 x B20 x H50 | 2 knappar), 100 cm (L100 x B20 x H50 | 3 knappar), 120 cm (L120 x B20 x H50 | 4 knappar), 140 cm (L140 x B20 x H50 | 4 knappar), 160 cm (L160 x B20 x H50 | 5 knappar), 180 cm (L180 x B20 x H50 | 6 knappar), 200 cm (L200 x B20 x H50 | 7 knappar).<\/li>\n<\/ul>","protected":false},"featured_media":166,"comment_status":"open","ping_status":"closed","template":"","meta":[],"product_brand":[],"product_cat":[15],"product_tag":[205,204,206,218,207,209,223,199,163,68],"class_list":{"0":"post-185","1":"product","2":"type-product","3":"status-publish","4":"has-post-thumbnail","6":"product_cat-large-wedge-pillow","7":"product_tag-back-support-headboard-pillow","8":"product_tag-bed-support-cushion","9":"product_tag-bumper-pillow","10":"product_tag-corduroy-pillow","11":"product_tag-daybed-backrest-bolster-pillow","12":"product_tag-extra-large-bolster-pillow","13":"product_tag-large-bolster","14":"product_tag-large-wedge-pillow","15":"product_tag-leg-pillow","16":"product_tag-wedge-reading-pillow","18":"first","19":"instock","20":"featured","21":"shipping-taxable","22":"purchasable","23":"product-type-variable"},"_links":{"self":[{"href":"https:\/\/www.largepillow.com\/sv\/wp-json\/wp\/v2\/product\/185","targetHints":{"allow":["GET"]}}],"collection":[{"href":"https:\/\/www.largepillow.com\/sv\/wp-json\/wp\/v2\/product"}],"about":[{"href":"https:\/\/www.largepillow.com\/sv\/wp-json\/wp\/v2\/types\/product"}],"replies":[{"embeddable":true,"href":"https:\/\/www.largepillow.com\/sv\/wp-json\/wp\/v2\/comments?post=185"}],"wp:featuredmedia":[{"embeddable":true,"href":"https:\/\/www.largepillow.com\/sv\/wp-json\/wp\/v2\/media\/166"}],"wp:attachment":[{"href":"https:\/\/www.largepillow.com\/sv\/wp-json\/wp\/v2\/media?parent=185"}],"wp:term":[{"taxonomy":"product_brand","embeddable":true,"href":"https:\/\/www.largepillow.com\/sv\/wp-json\/wp\/v2\/product_brand?post=185"},{"taxonomy":"product_cat","embeddable":true,"href":"https:\/\/www.largepillow.com\/sv\/wp-json\/wp\/v2\/product_cat?post=185"},{"taxonomy":"product_tag","embeddable":true,"href":"https:\/\/www.largepillow.com\/sv\/wp-json\/wp\/v2\/product_tag?post=185"}],"curies":[{"name":"wp","href":"https:\/\/api.w.org\/{rel}","templated":true}]}}