{"id":290,"date":"2022-09-15T22:35:06","date_gmt":"2022-09-15T22:35:06","guid":{"rendered":"https:\/\/www.largepillow.com\/product\/daybed-bolster-pillow"},"modified":"2025-11-05T02:15:26","modified_gmt":"2025-11-05T02:15:26","slug":"triangular-kilkudde","status":"publish","type":"product","link":"https:\/\/www.largepillow.com\/sv\/product\/triangular-wedge-pillow","title":{"rendered":"Triangul\u00e4r kilkudde"},"content":{"rendered":"<p>Uppt\u00e4ck den ultimata komforten med den triangul\u00e4ra kilkudden<\/p>\n<p>Tr\u00f6tt p\u00e5 att anstr\u00e4nga rygg och nacke medan du l\u00e4ser eller tittar p\u00e5 TV i s\u00e4ngen? Vi presenterar Triangular Wedge Pillow \u2013 den multifunktionella kudden som tar avkoppling inf\u00f6r s\u00e4ngg\u00e5endet till n\u00e4sta niv\u00e5. <\/p>\n<p>Denna stora kudde \u00e4r tillverkad av h\u00f6gkvalitativa material och erbjuder utm\u00e4rkt komfort tack vare sin ergonomiska triangul\u00e4ra design som justerar din rygg och midja. Det andningsbara polyester\u00f6verdraget och den formbevarande fyllningen ger ett mjukt men \u00e4nd\u00e5 fast st\u00f6d oavsett om du sitter uppr\u00e4tt eller ligger ner.<\/p>\n<p>Kunderna \u00e4lskar att anv\u00e4nda det p\u00e5 olika s\u00e4tt:<\/p>\n<p>\u201cJag anv\u00e4nder den varje kv\u00e4ll som ryggkudde. Min sm\u00e4rta i nedre delen av ryggen har minskat avsev\u00e4rt!\u201d<\/p>\n<p>\u201c&quot;Den \u00e4r tillr\u00e4ckligt bred f\u00f6r att jag och min fru ska kunna luta oss bekv\u00e4mt mot den. Inga fler nacksp\u00e4nningar!&quot;\u201d  <\/p>\n<p>\u201cJag placerar den under benen f\u00f6r att hj\u00e4lpa till med cirkulationsproblem. S\u00e5 bekv\u00e4m!\u201d<\/p>\n<p>Med nio storlekar tillg\u00e4ngliga hittar du garanterat en som passar dina behov. Njut av personlig komfort och st\u00f6d f\u00f6r att l\u00e4sa, arbeta, titta p\u00e5 program eller bara slappa i s\u00e4ngen med denna 3-i-1 kilformade huvudgavelkudde.  <\/p>\n<p>Ta med multifunktionell avkoppling hem idag!<\/p>","protected":false},"excerpt":{"rendered":"<ul>\n<li><strong>Ultimat komfort:<\/strong> Denna huvudgavelskudde erbjuder utm\u00e4rkt komfort tack vare sin triangul\u00e4ra form. S\u00e4ngst\u00f6dskudden passar perfekt mot rygg och rygg, vilket minimerar trycket p\u00e5 l\u00e4ndryggen. Denna kilformade l\u00e4skudden kan hj\u00e4lpa dig att h\u00e5lla dig sp\u00e4nningsfri i s\u00e4ngen eller soffan, vilket \u00e4r perfekt f\u00f6r arbetande nattugglor, bokmalar och f\u00f6r att titta p\u00e5 TV i s\u00e4ngen. Denna extra stora bolsterkudden \u00e4r den enda kilformade huvudgavelskudden som rymmer tv\u00e5 personer.<\/li>\n<li><strong>3-i-1 stor kudde:<\/strong> Du kan anv\u00e4nda kudden st\u00e5ende som en ryggst\u00f6dskudde f\u00f6r huvudgaveln n\u00e4r du sitter i s\u00e4ngen eller l\u00e4gga den platt p\u00e5 s\u00e4ngen f\u00f6r att anv\u00e4nda den som en stor kilformad kudde n\u00e4r du sover p\u00e5 rygg eller sida, eller som en benkudde f\u00f6r att h\u00f6ja benen. Om du vill ha en stor huvudgavelskudde som ger st\u00f6d f\u00f6r b\u00e5de dig och din partner \u00e4r det ett utm\u00e4rkt alternativ.<\/li>\n<li><strong>Multifunktionell design:<\/strong> Vissa anv\u00e4nder den stora triangul\u00e4ra kudden som en kudde till huvudgaveln, medan andra anv\u00e4nder den som en b\u00e4lteskudde, den kan ocks\u00e5 fungera som en ryggst\u00f6dskudde till soffan eller dagb\u00e4dden. Den \u00e4r b\u00e5de snygg och funktionell, vilket g\u00f6r den till ett utm\u00e4rkt tillskott till alla sovrum.<\/li>\n<li><strong>\u00d6verl\u00e4gset hantverk:<\/strong> \u00d6rngottet har manchesterlook och \u00e4r tillverkat av 100% polyester. V\u00e5r huvudgavelkudde \u00e4r andningsbar och bekv\u00e4m nog att h\u00e5lla formen och inte f\u00f6rlora formen med tiden. En sidoficka p\u00e5 varje sida l\u00e5ter dig f\u00f6rvara din bok eller telefon.<\/li>\n<li><strong>L\u00e4tt att tv\u00e4tta:<\/strong> L\u00e4s\u00f6rns \u00f6verdrag \u00e4r f\u00e4st vid kudden med knappar och \u00e4r l\u00e4tt att ta bort med en enkel dragkedja. Detta g\u00f6r reng\u00f6ringen problemfri. Ta bara bort \u00f6verdraget och tv\u00e4tta snabbt i maskin f\u00f6r att f\u00e5 din kudde att se ut som ny.<\/li>\n<li><strong>Storlek:<\/strong> 45 cm (L45 x B20 x H50 | 0 knappar), 60 cm (L60 x B20 x H50 | 0 knappar), 80 cm (L80 x B20 x H50 | 2 knappar), 100 cm (L100 x B20 x H50 | 3 knappar), 120 cm (L120 x B20 x H50 | 4 knappar), 140 cm (L140 x B20 x H50 | 4 knappar), 160 cm (L160 x B20 x H50 | 5 knappar), 180 cm (L180 x B20 x H50 | 6 knappar), 200 cm (L200 x B20 x H50 | 7 knappar).<\/li>\n<\/ul>","protected":false},"featured_media":271,"comment_status":"open","ping_status":"closed","template":"","meta":[],"product_brand":[],"product_cat":[15],"product_tag":[205,204,206,218,217,209,168,223,199,112,224,68],"class_list":{"0":"post-290","1":"product","2":"type-product","3":"status-publish","4":"has-post-thumbnail","6":"product_cat-large-wedge-pillow","7":"product_tag-back-support-headboard-pillow","8":"product_tag-bed-support-cushion","9":"product_tag-bumper-pillow","10":"product_tag-corduroy-pillow","11":"product_tag-daybed-backrest","12":"product_tag-extra-large-bolster-pillow","13":"product_tag-headboard-pillow","14":"product_tag-large-bolster","15":"product_tag-large-wedge-pillow","16":"product_tag-lumbar-support-pillow","17":"product_tag-red-pillow","18":"product_tag-wedge-reading-pillow","20":"first","21":"instock","22":"shipping-taxable","23":"purchasable","24":"product-type-variable"},"_links":{"self":[{"href":"https:\/\/www.largepillow.com\/sv\/wp-json\/wp\/v2\/product\/290","targetHints":{"allow":["GET"]}}],"collection":[{"href":"https:\/\/www.largepillow.com\/sv\/wp-json\/wp\/v2\/product"}],"about":[{"href":"https:\/\/www.largepillow.com\/sv\/wp-json\/wp\/v2\/types\/product"}],"replies":[{"embeddable":true,"href":"https:\/\/www.largepillow.com\/sv\/wp-json\/wp\/v2\/comments?post=290"}],"wp:featuredmedia":[{"embeddable":true,"href":"https:\/\/www.largepillow.com\/sv\/wp-json\/wp\/v2\/media\/271"}],"wp:attachment":[{"href":"https:\/\/www.largepillow.com\/sv\/wp-json\/wp\/v2\/media?parent=290"}],"wp:term":[{"taxonomy":"product_brand","embeddable":true,"href":"https:\/\/www.largepillow.com\/sv\/wp-json\/wp\/v2\/product_brand?post=290"},{"taxonomy":"product_cat","embeddable":true,"href":"https:\/\/www.largepillow.com\/sv\/wp-json\/wp\/v2\/product_cat?post=290"},{"taxonomy":"product_tag","embeddable":true,"href":"https:\/\/www.largepillow.com\/sv\/wp-json\/wp\/v2\/product_tag?post=290"}],"curies":[{"name":"wp","href":"https:\/\/api.w.org\/{rel}","templated":true}]}}