{"id":3222,"date":"2024-07-22T04:17:50","date_gmt":"2024-07-22T04:17:50","guid":{"rendered":"https:\/\/www.largepillow.com\/product\/car-seat-booster-seat-for-dogs-pet-travel-bed"},"modified":"2026-03-12T10:57:57","modified_gmt":"2026-03-12T10:57:57","slug":"bilbarnstol-balteskudde-for-hundar-husdjur-resesang","status":"publish","type":"product","link":"https:\/\/www.largepillow.com\/sv\/product\/car-seat-booster-seat-for-dogs-pet-travel-bed","title":{"rendered":"Bilbarnstol f\u00f6r hundar, reseb\u00e4dd f\u00f6r husdjur"},"content":{"rendered":"[zc_getpagecontent mb=&#8221;mb_aplus&#8221; apid=&#8221;37&#8243;]\n","protected":false},"excerpt":{"rendered":"<ul>\n<li><strong>H\u00f6gkvalitativt material<\/strong>Tillverkad av h\u00f6gkvalitativ bomullslinne, andningsbar och bekv\u00e4m, bits\u00e4ker, slitstark och l\u00e4tt att reng\u00f6ra. Fylld med premium polyester, h\u00f6gkvalitativ motst\u00e5ndskraft, som ger ett stadigt st\u00f6d med komfort och mjukhet. Beh\u00e5ller sin form och fasthet f\u00f6r l\u00e5ngvarig anv\u00e4ndning.<\/li>\n<li><strong>Multifunktionell bilbarnstol f\u00f6r hundar<\/strong>Hundbils\u00e4tets justerbara sp\u00e4nne kan ocks\u00e5 anv\u00e4ndas som handrem, vilket \u00e4r bekv\u00e4mt att b\u00e4ra utomhus, det kan ocks\u00e5 anv\u00e4ndas som hundb\u00e4dd hemma; det kan ocks\u00e5 anv\u00e4ndas i soffan f\u00f6r att skydda soffan fr\u00e5n att skadas av hundar.<\/li>\n<li><strong>L\u00e4tt att installera<\/strong>Den lilla bilbarnstolen f\u00f6r hundar levereras med en ryggst\u00f6dslist, f\u00e4st bara ryggst\u00f6dslisten p\u00e5 baksidan av frams\u00e4tet och justera l\u00e4ngden p\u00e5 remmarna. Den mellanstora bilbarnstolen f\u00f6r hundar kan installeras genom att h\u00e4nga tv\u00e5 justerbara b\u00e4rbara handtag p\u00e5 fram- respektive baks\u00e4tet i bilen, l\u00e4mpliga f\u00f6r en m\u00e4ngd olika biltyper. Den halkfria botten f\u00f6rhindrar att b\u00e4lteskudden glider i bilen, vilket ger en s\u00e4krare milj\u00f6 f\u00f6r husdjur.<\/li>\n<li><strong>S\u00e4tesm\u00e5tt<\/strong>M\u00e5tt: Liten: 52 cm (l\u00e4ngd) x 52 cm (bredd) x 42 cm (h\u00f6jd), Stor: 76 cm (l\u00e4ngd) x 52 cm (bredd) x 39 cm (h\u00f6jd). Hundbarnstolen i storlek S passar f\u00f6r frams\u00e4tet p\u00e5 bilar. Hundbarnstolen i storlek L passar f\u00f6r installation i baks\u00e4tet p\u00e5 alla typer av bilar. Hundbarnstolen \u00e4r utrustad med s\u00e4kerhetsb\u00e4lten f\u00f6r att garantera ditt husdjurs s\u00e4kerhet, och oroa dig inte f\u00f6r att ditt husdjur st\u00f6r dig under k\u00f6rning.<\/li>\n<li><strong>L\u00e4tt att reng\u00f6ra<\/strong>Denna bilbarnstol \u00e4r helt avtagbar, det finns osynliga dragkedjor i de fyra h\u00f6rnen, \u00f6ppna bara dragkedjan och ta ut PP-bomullen, l\u00e4gg bilbarnstols\u00f6verdraget i tv\u00e4ttmaskinen f\u00f6r reng\u00f6ring; du kan ocks\u00e5 anv\u00e4nda en dammsugare f\u00f6r att reng\u00f6ra ytliga orenheter eller h\u00e5r p\u00e5 b\u00e4ltesstolen under den dagliga reng\u00f6ringen.<\/li>\n<li><strong>Varma tips<\/strong>Hundbils\u00e4tet \u00e4r vakuumf\u00f6rpackat f\u00f6r frakt, s\u00e5 mer fyllnadsmedel tills\u00e4tts f\u00f6r att bibeh\u00e5lla sitsens form och s\u00e4kerst\u00e4lla dess h\u00e5llbarhet och funktionalitet. Om du tycker att hundbils\u00e4tets fyllnadsmedel \u00e4r f\u00f6r mycket f\u00f6r husdjur kan du sj\u00e4lv ta bort lite fyllnadsmedel f\u00f6r att uppn\u00e5 \u00f6nskad komfortniv\u00e5 f\u00f6r ditt husdjur. V\u00e4nligen v\u00e4nta 24\u201348 timmar f\u00f6r att det ska \u00e5terg\u00e5 till sin ursprungliga tjocklek och form efter uppackning.<\/li>\n<\/ul>","protected":false},"featured_media":3569,"comment_status":"open","ping_status":"closed","template":"","meta":[],"product_brand":[],"product_cat":[227],"product_tag":[],"class_list":{"0":"post-3222","1":"product","2":"type-product","3":"status-publish","4":"has-post-thumbnail","6":"product_cat-pet-supplies","8":"first","9":"instock","10":"shipping-taxable","11":"purchasable","12":"product-type-variable","13":"has-default-attributes"},"_links":{"self":[{"href":"https:\/\/www.largepillow.com\/sv\/wp-json\/wp\/v2\/product\/3222","targetHints":{"allow":["GET"]}}],"collection":[{"href":"https:\/\/www.largepillow.com\/sv\/wp-json\/wp\/v2\/product"}],"about":[{"href":"https:\/\/www.largepillow.com\/sv\/wp-json\/wp\/v2\/types\/product"}],"replies":[{"embeddable":true,"href":"https:\/\/www.largepillow.com\/sv\/wp-json\/wp\/v2\/comments?post=3222"}],"wp:featuredmedia":[{"embeddable":true,"href":"https:\/\/www.largepillow.com\/sv\/wp-json\/wp\/v2\/media\/3569"}],"wp:attachment":[{"href":"https:\/\/www.largepillow.com\/sv\/wp-json\/wp\/v2\/media?parent=3222"}],"wp:term":[{"taxonomy":"product_brand","embeddable":true,"href":"https:\/\/www.largepillow.com\/sv\/wp-json\/wp\/v2\/product_brand?post=3222"},{"taxonomy":"product_cat","embeddable":true,"href":"https:\/\/www.largepillow.com\/sv\/wp-json\/wp\/v2\/product_cat?post=3222"},{"taxonomy":"product_tag","embeddable":true,"href":"https:\/\/www.largepillow.com\/sv\/wp-json\/wp\/v2\/product_tag?post=3222"}],"curies":[{"name":"wp","href":"https:\/\/api.w.org\/{rel}","templated":true}]}}