{"id":3344,"date":"2024-07-23T00:52:32","date_gmt":"2024-07-23T00:52:32","guid":{"rendered":"https:\/\/www.largepillow.com\/product\/versatile-and-durable-travel-dog-crate-for-medium-dogs"},"modified":"2024-10-03T16:31:25","modified_gmt":"2024-10-03T16:31:25","slug":"mangsidig-och-hallbar-resehundbur-for-medelstora-hundar","status":"publish","type":"product","link":"https:\/\/www.largepillow.com\/sv\/product\/versatile-and-durable-travel-dog-crate-for-medium-dogs\/","title":{"rendered":"M\u00e5ngsidig och h\u00e5llbar hundbur f\u00f6r medelstora hundar"},"content":{"rendered":"[zc_getpagecontent mb=&#8221;mb_aplus&#8221; apid=&#8221;62&#8243;]\n","protected":false},"excerpt":{"rendered":"<ul>\n<li>SNABB MONTERING P\u00c5 20 SEKUNDER: V\u00e5r travek-bur f\u00f6r medelstora hundar har en problemfri allt-i-ett-design som eliminerar behovet av komplicerad installation. S\u00e4g adj\u00f6 till frustrationen med monteringen och njut av bekv\u00e4mligheten med enkel installation och f\u00f6rvaring.<\/li>\n<li>M\u00c5NGSIDIG GARDINDESIGN: Hundburen \u00e4r designad med funktionalitet i \u00e5tanke och levereras med en gardin som kan justeras f\u00f6r att passa olika \u00e5rstider. Skydda ditt husdjur fr\u00e5n kyliga vindar under vintern och rulla upp den f\u00f6r optimal ventilation och komfort under sommarm\u00e5naderna.<\/li>\n<li>MULTIFUNKTIONELL ANV\u00c4NDNING: Denna hopf\u00e4llbara hundbur \u00e4r otroligt m\u00e5ngsidig och kan fungera som ett mysigt hem f\u00f6r din p\u00e4lskling, en s\u00e4ker husdjursbur f\u00f6r bilresor, ett bekv\u00e4mt f\u00f6rlossningst\u00e4lt eller ett portabelt utomhusskydd f\u00f6r \u00e4ventyr. Njut av bekv\u00e4mligheten och komforten den ger, vart du \u00e4n g\u00e5r.<\/li>\n<li>MATERIAL AV PREMIUMKVALITET: Denna medelstora hundbur \u00e4r kl\u00e4dd med slitstarkt, vattent\u00e4tt oxfordtyg och \u00e4r byggd f\u00f6r att motst\u00e5 olika v\u00e4derf\u00f6rh\u00e5llanden. De f\u00f6rst\u00e4rkta h\u00f6rnen s\u00e4kerst\u00e4ller f\u00f6rl\u00e4ngd produktlivsl\u00e4ngd, medan den halkfria botten ger extra stabilitet och s\u00e4kerhet.<\/li>\n<li>PRAKTISK SIDFICKA: Hundkojans utsida \u00e4r utrustad med en praktisk sidoficka, s\u00e5 att du enkelt kan b\u00e4ra ditt husdjurs vattenflaska, snacks, leksaker och andra n\u00f6dv\u00e4ndigheter under resor utomhus. H\u00e5ll dig organiserad och f\u00f6rberedd f\u00f6r alla \u00e4ventyr med denna genomt\u00e4nkta designfunktion.<\/li>\n<\/ul>","protected":false},"featured_media":3331,"comment_status":"open","ping_status":"closed","template":"","meta":[],"product_brand":[],"product_cat":[227],"product_tag":[],"class_list":{"0":"post-3344","1":"product","2":"type-product","3":"status-publish","4":"has-post-thumbnail","6":"product_cat-pet-supplies","8":"first","9":"outofstock","10":"featured","11":"shipping-taxable","12":"purchasable","13":"product-type-simple"},"_links":{"self":[{"href":"https:\/\/www.largepillow.com\/sv\/wp-json\/wp\/v2\/product\/3344","targetHints":{"allow":["GET"]}}],"collection":[{"href":"https:\/\/www.largepillow.com\/sv\/wp-json\/wp\/v2\/product"}],"about":[{"href":"https:\/\/www.largepillow.com\/sv\/wp-json\/wp\/v2\/types\/product"}],"replies":[{"embeddable":true,"href":"https:\/\/www.largepillow.com\/sv\/wp-json\/wp\/v2\/comments?post=3344"}],"wp:featuredmedia":[{"embeddable":true,"href":"https:\/\/www.largepillow.com\/sv\/wp-json\/wp\/v2\/media\/3331"}],"wp:attachment":[{"href":"https:\/\/www.largepillow.com\/sv\/wp-json\/wp\/v2\/media?parent=3344"}],"wp:term":[{"taxonomy":"product_brand","embeddable":true,"href":"https:\/\/www.largepillow.com\/sv\/wp-json\/wp\/v2\/product_brand?post=3344"},{"taxonomy":"product_cat","embeddable":true,"href":"https:\/\/www.largepillow.com\/sv\/wp-json\/wp\/v2\/product_cat?post=3344"},{"taxonomy":"product_tag","embeddable":true,"href":"https:\/\/www.largepillow.com\/sv\/wp-json\/wp\/v2\/product_tag?post=3344"}],"curies":[{"name":"wp","href":"https:\/\/api.w.org\/{rel}","templated":true}]}}