{"id":3379,"date":"2024-07-23T01:30:58","date_gmt":"2024-07-23T01:30:58","guid":{"rendered":"https:\/\/www.largepillow.com\/product\/large-couch-dog-bed-with-supportive-foam-soft-cotton"},"modified":"2025-05-30T13:36:37","modified_gmt":"2025-05-30T13:36:37","slug":"stor-hundbadd-med-stodjande-skum-i-mjuk-bomull","status":"publish","type":"product","link":"https:\/\/www.largepillow.com\/sv\/product\/large-couch-dog-bed-with-supportive-foam-soft-cotton","title":{"rendered":"Stor hundb\u00e4dd med st\u00f6djande skum och mjuk bomull"},"content":{"rendered":"[zc_getpagecontent mb=&#8221;mb_aplus&#8221; apid=&#8221;74&#8243;]\n","protected":false},"excerpt":{"rendered":"<ul>\n<li>Lugnande hundb\u00e4dd: Botten av v\u00e5r lugnande stora hundb\u00e4dd \u00e4r uppdelad i tv\u00e5 lager, best\u00e5ende av cirka 7,5 cm h\u00f6gdensitetsskum och 7,5 cm mjuk bomullsfyllning. Detta ger effektivt st\u00f6d f\u00f6r ditt husdjurs kropp samtidigt som det erbjuder o\u00f6vertr\u00e4ffad komfort.<\/li>\n<li>Djup hundb\u00e4dd mot \u00e5ngest: Upplev o\u00f6vertr\u00e4ffad komfort och avskildhet med v\u00e5r 40 cm djupa hundb\u00e4dd. Din hund kommer att finna ren tillfredsst\u00e4llelse n\u00e4r den kryper ihop sig och sjunker ner i de lyxiga djupen av denna exceptionella oas. Den slutna designen erbjuder en s\u00e4ker och avskild fristad, vilket g\u00f6r att din hund kan njuta av ost\u00f6rd personlig plats. Lindra din hunds \u00e5ngest med denna djupa gosb\u00e4dd f\u00f6r hundar.<\/li>\n<li>Bekv\u00e4m \u00e5tkomst: V\u00e5r lugnande s\u00e4ng f\u00f6r stora hundar har en smart halvsluten design som g\u00f6r det enkelt f\u00f6r din hund att komma i och ur, samtidigt som den ger en l\u00e4mplig h\u00f6jd f\u00f6r en k\u00e4nsla av trygghet. Din hund kan fritt komma i och ur den lugnande s\u00e4ngen f\u00f6r hundar, och de halvslutna bolstren erbjuder avskildhet och separation, s\u00e5 att de kan njuta av en fridfull s\u00f6mn i en mysig milj\u00f6. Denna design ger ett varmt och tryggt utrymme som fr\u00e4mjar lugn och avkoppling.<\/li>\n<li>Rymlig design f\u00f6r alla storlekar: V\u00e5r stora anti-\u00e5ngesthundb\u00e4dd \u00e4r rymlig och bekv\u00e4m, l\u00e4mplig f\u00f6r hundar i alla storlekar. Oavsett om du har en liten eller stor ras kan de fritt breda ut sig, str\u00e4cka ut sina lemmar och helt slappna av. De gener\u00f6sa m\u00e5tten p\u00e5 den stora lugnande hundb\u00e4dden ger gott om viloutrymme, s\u00e5 att ditt husdjur kan njuta av st\u00f6rsta m\u00f6jliga komfort under sin vilotid.<\/li>\n<li>Bekv\u00e4m och l\u00e4tt att reng\u00f6ra \u2013 Den lugnande hundb\u00e4dden f\u00f6r stora hundar har ett luftigt och mjukt sammetstyg som ger en mild och bekv\u00e4m k\u00e4nsla. Det yttre lagret \u00e4r tillverkat av Oxford-tyg som \u00e4r utformat f\u00f6r l\u00e5ngvarig prestanda och s\u00e4kerst\u00e4ller dess motst\u00e5ndskraft mot dagligt slitage. Den halkfria botten garanterar stabilitet p\u00e5 alla ytor. Den lugnande hundb\u00e4dden \u00e4r utrustad med ett avtagbart \u00f6verdrag och en dubbel dragkedja, vilket m\u00f6jligg\u00f6r enkel tv\u00e4tt.<\/li>\n<\/ul>","protected":false},"featured_media":3370,"comment_status":"open","ping_status":"closed","template":"","meta":[],"product_brand":[],"product_cat":[227],"product_tag":[],"class_list":{"0":"post-3379","1":"product","2":"type-product","3":"status-publish","4":"has-post-thumbnail","6":"product_cat-pet-supplies","8":"first","9":"instock","10":"shipping-taxable","11":"purchasable","12":"product-type-simple"},"_links":{"self":[{"href":"https:\/\/www.largepillow.com\/sv\/wp-json\/wp\/v2\/product\/3379","targetHints":{"allow":["GET"]}}],"collection":[{"href":"https:\/\/www.largepillow.com\/sv\/wp-json\/wp\/v2\/product"}],"about":[{"href":"https:\/\/www.largepillow.com\/sv\/wp-json\/wp\/v2\/types\/product"}],"replies":[{"embeddable":true,"href":"https:\/\/www.largepillow.com\/sv\/wp-json\/wp\/v2\/comments?post=3379"}],"wp:featuredmedia":[{"embeddable":true,"href":"https:\/\/www.largepillow.com\/sv\/wp-json\/wp\/v2\/media\/3370"}],"wp:attachment":[{"href":"https:\/\/www.largepillow.com\/sv\/wp-json\/wp\/v2\/media?parent=3379"}],"wp:term":[{"taxonomy":"product_brand","embeddable":true,"href":"https:\/\/www.largepillow.com\/sv\/wp-json\/wp\/v2\/product_brand?post=3379"},{"taxonomy":"product_cat","embeddable":true,"href":"https:\/\/www.largepillow.com\/sv\/wp-json\/wp\/v2\/product_cat?post=3379"},{"taxonomy":"product_tag","embeddable":true,"href":"https:\/\/www.largepillow.com\/sv\/wp-json\/wp\/v2\/product_tag?post=3379"}],"curies":[{"name":"wp","href":"https:\/\/api.w.org\/{rel}","templated":true}]}}