{"id":3404,"date":"2024-07-23T02:34:39","date_gmt":"2024-07-23T02:34:39","guid":{"rendered":"https:\/\/www.largepillow.com\/product\/fireside-bean-bag-chairs-comfy-single-couch-for-reading"},"modified":"2024-10-03T16:31:25","modified_gmt":"2024-10-03T16:31:25","slug":"backsackstolar-vid-eldstaden-bekvam-enkel-soffa-for-lasning","status":"publish","type":"product","link":"https:\/\/www.largepillow.com\/sv\/product\/fireside-bean-bag-chairs-comfy-single-couch-for-reading","title":{"rendered":"B\u00e4cks\u00e4ckar med \u00f6ppen spis: Bekv\u00e4m enkel soffa f\u00f6r l\u00e4sning"},"content":{"rendered":"[zc_getpagecontent mb=&#8221;mb_aplus&#8221; apid=&#8221;56&#8243;]\n","protected":false},"excerpt":{"rendered":"<ul>\n<li><strong>Rymlig sits:<\/strong> 63 cm (h\u00f6jd) x 86 cm (l\u00e4ngd) x 72 cm (bredd), 6 kg. S\u00e4cks\u00e4cken \u00e4r rymlig och l\u00e4mplig f\u00f6r alla kroppstyper. Ergonomiskt ryggst\u00f6d. Beh\u00e5ller formen \u00e4ven efter l\u00e5nga timmars anv\u00e4ndning.<\/li>\n<li><strong>Slitstarkt tyg:<\/strong> V\u00e5r s\u00e4ckstol \u00e4r tillverkad av slitstarkt, vattent\u00e4tt oxfordtyg som \u00e4r l\u00e4tt att reng\u00f6ra. Det halkfria svarta undertyget ger ett s\u00e4kert grepp.<\/li>\n<li><strong>Skumst\u00f6d:<\/strong> V\u00e5r s\u00e4ckstol \u00e4r fylld med h\u00f6gdensitetsskum i ett stycke och erbjuder mjuk sittkomfort samt ett fast st\u00f6d f\u00f6r rygg och ben. Den ergonomiska designen garanterar komfort och f\u00f6rhindrar ryggsm\u00e4rtor.<\/li>\n<li><strong>Kreativ design:<\/strong>\u00a03D-sk\u00e4rningen ger extra f\u00f6rvaringsutrymme och hj\u00e4lper stolen att beh\u00e5lla sin form \u00e4ven efter l\u00e5ngvarig anv\u00e4ndning.<\/li>\n<li><strong>Produktv\u00e5rd:<\/strong>\u00a0Reng\u00f6r med en fuktig trasa, undvik direkt solljus och starka kemikalier. L\u00e5t s\u00e4cksoffan andas i 2 timmar efter uppackning f\u00f6r optimal elasticitet.<\/li>\n<\/ul>","protected":false},"featured_media":3565,"comment_status":"open","ping_status":"closed","template":"","meta":[],"product_brand":[],"product_cat":[228],"product_tag":[],"class_list":{"0":"post-3404","1":"product","2":"type-product","3":"status-publish","4":"has-post-thumbnail","6":"product_cat-cushions","8":"first","9":"outofstock","10":"shipping-taxable","11":"purchasable","12":"product-type-simple"},"_links":{"self":[{"href":"https:\/\/www.largepillow.com\/sv\/wp-json\/wp\/v2\/product\/3404","targetHints":{"allow":["GET"]}}],"collection":[{"href":"https:\/\/www.largepillow.com\/sv\/wp-json\/wp\/v2\/product"}],"about":[{"href":"https:\/\/www.largepillow.com\/sv\/wp-json\/wp\/v2\/types\/product"}],"replies":[{"embeddable":true,"href":"https:\/\/www.largepillow.com\/sv\/wp-json\/wp\/v2\/comments?post=3404"}],"wp:featuredmedia":[{"embeddable":true,"href":"https:\/\/www.largepillow.com\/sv\/wp-json\/wp\/v2\/media\/3565"}],"wp:attachment":[{"href":"https:\/\/www.largepillow.com\/sv\/wp-json\/wp\/v2\/media?parent=3404"}],"wp:term":[{"taxonomy":"product_brand","embeddable":true,"href":"https:\/\/www.largepillow.com\/sv\/wp-json\/wp\/v2\/product_brand?post=3404"},{"taxonomy":"product_cat","embeddable":true,"href":"https:\/\/www.largepillow.com\/sv\/wp-json\/wp\/v2\/product_cat?post=3404"},{"taxonomy":"product_tag","embeddable":true,"href":"https:\/\/www.largepillow.com\/sv\/wp-json\/wp\/v2\/product_tag?post=3404"}],"curies":[{"name":"wp","href":"https:\/\/api.w.org\/{rel}","templated":true}]}}