{"id":3449,"date":"2024-07-25T02:57:32","date_gmt":"2024-07-25T02:57:32","guid":{"rendered":"https:\/\/www.largepillow.com\/product\/portable-small-pet-car-seat-front-seat-safety-for-dogs-cats"},"modified":"2025-03-01T12:11:51","modified_gmt":"2025-03-01T12:11:51","slug":"barbar-bilbarnstol-for-sma-husdjur-i-framsatet-for-hundar-och-katter","status":"publish","type":"product","link":"https:\/\/www.largepillow.com\/sv\/product\/portable-small-pet-car-seat-front-seat-safety-for-dogs-cats","title":{"rendered":"B\u00e4rbar bilbarnstol f\u00f6r sm\u00e5 husdjur, s\u00e4kerhet i frams\u00e4tet f\u00f6r hundar och katter"},"content":{"rendered":"[zc_getpagecontent mb=&#8221;mb_aplus&#8221; apid=&#8221;79&#8243;]\n","protected":false},"excerpt":{"rendered":"<ul>\n<li><strong>Ultimat s\u00e4kerhet och trygghet:<\/strong> V\u00e5rt hunds\u00e4te i mittkonsolskum erbjuder ett 4-faldigt s\u00e4kerhetssystem som garanterar din lilla hunds eller katts s\u00e4kerhet under bilresor. Med dubbla s\u00e4kerhetsb\u00e4lten som kan f\u00e4stas p\u00e5 f\u00f6rars\u00e4tet, ett s\u00e4kerhetsb\u00e4lte f\u00f6r husdjur, fasta remmar f\u00f6r stabilitet och en halkfri bas kan du vara trygg i vetskapen om att ditt husdjur sitter s\u00e4kert p\u00e5 plats.<\/li>\n<li><strong>Bekv\u00e4mt material:<\/strong> Denna bilbarnstol f\u00f6r hundar i mittkonsolen \u00e4r fylld med mjukt och st\u00f6djande skummaterial, vilket garanterar komfort och formbevaring. Den kan f\u00e4llas ihop f\u00f6r att st\u00f6dja hundens huvud och ge ditt husdjur en bredare vy s\u00e5 att de kan njuta av landskapet. Ingen metallram, ingen s\u00e4kerhetsrisk.<\/li>\n<li><strong>Flera anv\u00e4ndningsscenarier:<\/strong> V\u00e5r bilbarnstol i mittkonsolen kan installeras p\u00e5 bilens mittkonsol, vilket sparar utrymme och g\u00f6r att flera passagerare kan \u00e5ka bekv\u00e4mt. Det justerbara handtaget p\u00e5 bilbarnstolen i mittkonsolen s\u00e4kerst\u00e4ller ocks\u00e5 s\u00e4ker installation p\u00e5 passagerars\u00e4tet, vilket ger ytterligare anv\u00e4ndningsm\u00f6jligheter.<\/li>\n<li><strong>Utformad f\u00f6r sm\u00e5 husdjur:<\/strong> Denna b\u00e4lteskudde \u00e4r speciellt utformad f\u00f6r sm\u00e5 hundar och katter som v\u00e4ger under 5,6 kg och ger ett mysigt och bekv\u00e4mt utrymme f\u00f6r din lurviga v\u00e4n. Den hindrar dem fr\u00e5n att str\u00f6va omkring i bilen, vilket minskar distraktioner och s\u00e4kerst\u00e4ller deras s\u00e4kerhet under hela resan. Den fungerar ocks\u00e5 som en liten husdjursbur, vilket ger bekv\u00e4mlighet och flexibilitet n\u00e4r du reser med din lurviga v\u00e4n.<\/li>\n<li><strong>Bekv\u00e4m design:<\/strong> F\u00f6rutom att fungera som en bilbarnstol i mittkonsolen f\u00f6r hundar, kan den ocks\u00e5 anv\u00e4ndas som en liten transport\u00f6r f\u00f6r husdjur, vilket ger bekv\u00e4mlighet och m\u00e5ngsidighet under resor med din lurviga f\u00f6ljeslagare. Fickorna p\u00e5 b\u00e5da sidor \u00e4r praktiska f\u00f6r att enkelt f\u00f6rvara hundtillbeh\u00f6r.<\/li>\n<\/ul>","protected":false},"featured_media":3439,"comment_status":"open","ping_status":"closed","template":"","meta":[],"product_brand":[],"product_cat":[227],"product_tag":[],"class_list":{"0":"post-3449","1":"product","2":"type-product","3":"status-publish","4":"has-post-thumbnail","6":"product_cat-pet-supplies","8":"first","9":"instock","10":"shipping-taxable","11":"purchasable","12":"product-type-simple"},"_links":{"self":[{"href":"https:\/\/www.largepillow.com\/sv\/wp-json\/wp\/v2\/product\/3449","targetHints":{"allow":["GET"]}}],"collection":[{"href":"https:\/\/www.largepillow.com\/sv\/wp-json\/wp\/v2\/product"}],"about":[{"href":"https:\/\/www.largepillow.com\/sv\/wp-json\/wp\/v2\/types\/product"}],"replies":[{"embeddable":true,"href":"https:\/\/www.largepillow.com\/sv\/wp-json\/wp\/v2\/comments?post=3449"}],"wp:featuredmedia":[{"embeddable":true,"href":"https:\/\/www.largepillow.com\/sv\/wp-json\/wp\/v2\/media\/3439"}],"wp:attachment":[{"href":"https:\/\/www.largepillow.com\/sv\/wp-json\/wp\/v2\/media?parent=3449"}],"wp:term":[{"taxonomy":"product_brand","embeddable":true,"href":"https:\/\/www.largepillow.com\/sv\/wp-json\/wp\/v2\/product_brand?post=3449"},{"taxonomy":"product_cat","embeddable":true,"href":"https:\/\/www.largepillow.com\/sv\/wp-json\/wp\/v2\/product_cat?post=3449"},{"taxonomy":"product_tag","embeddable":true,"href":"https:\/\/www.largepillow.com\/sv\/wp-json\/wp\/v2\/product_tag?post=3449"}],"curies":[{"name":"wp","href":"https:\/\/api.w.org\/{rel}","templated":true}]}}