{"id":3464,"date":"2024-07-25T03:03:31","date_gmt":"2024-07-25T03:03:31","guid":{"rendered":"https:\/\/www.largepillow.com\/product\/small-dog-car-seat-with-safety-belt-for-front-seat"},"modified":"2024-12-09T09:08:30","modified_gmt":"2024-12-09T09:08:30","slug":"liten-hundbilsits-med-sakerhetsbalte-for-framsatet","status":"publish","type":"product","link":"https:\/\/www.largepillow.com\/sv\/product\/small-dog-car-seat-with-safety-belt-for-front-seat","title":{"rendered":"Liten bilbarnstol med s\u00e4kerhetsb\u00e4lte f\u00f6r hundar i frams\u00e4tet"},"content":{"rendered":"[zc_getpagecontent mb=&#8221;mb_aplus&#8221; apid=&#8221;78&#8243;]\n","protected":false},"excerpt":{"rendered":"<ul>\n<li><strong>Ultimat s\u00e4kerhet och trygghet:<\/strong> V\u00e5rt vattent\u00e4ta bilbarnstol i mittkonsolen erbjuder ett 4-faldigt s\u00e4kerhetssystem som garanterar din lilla hunds eller katts s\u00e4kerhet under bilresor. Med dubbla s\u00e4kerhetsb\u00e4lten som kan f\u00e4stas p\u00e5 f\u00f6rars\u00e4tet, ett s\u00e4kerhetsb\u00e4lte f\u00f6r husdjur, fasta remmar f\u00f6r stabilitet och en halkfri bas kan du vara trygg i vetskapen om att ditt husdjur sitter s\u00e4kert p\u00e5 plats.<\/li>\n<li><strong>Design mot \u00e5ngest:<\/strong> V\u00e5rt hundbils\u00e4te i mittkonsolen har en dragkedja upptill som skapar en sluten hundbils\u00e4te, vilket effektivt lindrar \u00e5ngest hos husdjur och hanterar \u00f6veraktiva husdjur, vilket f\u00f6rb\u00e4ttrar k\u00f6rs\u00e4kerheten. Samtidigt g\u00f6r designen att hundens huvud f\u00f6rblir synligt, vilket ger ett bredare synf\u00e4lt f\u00f6r ditt husdjur att njuta av landskapet.<\/li>\n<li><strong>Utformad f\u00f6r sm\u00e5 husdjur:<\/strong> Denna b\u00e4lteskudde \u00e4r speciellt utformad f\u00f6r sm\u00e5 hundar och katter som v\u00e4ger under 5,6 kg och ger ett mysigt och bekv\u00e4mt utrymme f\u00f6r din lurviga v\u00e4n. Den hindrar dem fr\u00e5n att str\u00f6va omkring i bilen, vilket minskar distraktioner och s\u00e4kerst\u00e4ller deras s\u00e4kerhet under hela resan. Den fungerar ocks\u00e5 som en liten husdjursbur, vilket ger bekv\u00e4mlighet och flexibilitet n\u00e4r du reser med din lurviga v\u00e4n.<\/li>\n<li><strong>Bekv\u00e4m design:<\/strong> F\u00f6rutom att fungera som en bilbarnstol i mittkonsolen f\u00f6r hundar, kan den ocks\u00e5 anv\u00e4ndas som en liten transport\u00f6r f\u00f6r husdjur, vilket ger bekv\u00e4mlighet och m\u00e5ngsidighet under resor med din lurviga f\u00f6ljeslagare. Fickorna p\u00e5 b\u00e5da sidor \u00e4r praktiska f\u00f6r att enkelt f\u00f6rvara hundtillbeh\u00f6r.<\/li>\n<li><strong>Bekv\u00e4mt material:<\/strong> Denna bilbarnstol f\u00f6r hundar i mittkonsolen \u00e4r tillverkad av mjukt, konstl\u00e4der, vilket \u00e4r b\u00e5de snyggt och bekv\u00e4mt. Interi\u00f6ren \u00e4r fodrad med supervarmt plyschtyg. Ingen metallram, ingen s\u00e4kerhetsrisk.<\/li>\n<\/ul>","protected":false},"featured_media":3450,"comment_status":"open","ping_status":"closed","template":"","meta":[],"product_brand":[],"product_cat":[227],"product_tag":[],"class_list":{"0":"post-3464","1":"product","2":"type-product","3":"status-publish","4":"has-post-thumbnail","6":"product_cat-pet-supplies","8":"first","9":"instock","10":"shipping-taxable","11":"purchasable","12":"product-type-simple"},"_links":{"self":[{"href":"https:\/\/www.largepillow.com\/sv\/wp-json\/wp\/v2\/product\/3464","targetHints":{"allow":["GET"]}}],"collection":[{"href":"https:\/\/www.largepillow.com\/sv\/wp-json\/wp\/v2\/product"}],"about":[{"href":"https:\/\/www.largepillow.com\/sv\/wp-json\/wp\/v2\/types\/product"}],"replies":[{"embeddable":true,"href":"https:\/\/www.largepillow.com\/sv\/wp-json\/wp\/v2\/comments?post=3464"}],"wp:featuredmedia":[{"embeddable":true,"href":"https:\/\/www.largepillow.com\/sv\/wp-json\/wp\/v2\/media\/3450"}],"wp:attachment":[{"href":"https:\/\/www.largepillow.com\/sv\/wp-json\/wp\/v2\/media?parent=3464"}],"wp:term":[{"taxonomy":"product_brand","embeddable":true,"href":"https:\/\/www.largepillow.com\/sv\/wp-json\/wp\/v2\/product_brand?post=3464"},{"taxonomy":"product_cat","embeddable":true,"href":"https:\/\/www.largepillow.com\/sv\/wp-json\/wp\/v2\/product_cat?post=3464"},{"taxonomy":"product_tag","embeddable":true,"href":"https:\/\/www.largepillow.com\/sv\/wp-json\/wp\/v2\/product_tag?post=3464"}],"curies":[{"name":"wp","href":"https:\/\/api.w.org\/{rel}","templated":true}]}}