{"id":347,"date":"2022-09-15T22:38:34","date_gmt":"2022-09-15T22:38:34","guid":{"rendered":"https:\/\/www.largepillow.com\/product\/bolster-headboard"},"modified":"2025-11-05T02:15:26","modified_gmt":"2025-11-05T02:15:26","slug":"ryggstodskudde-3","status":"publish","type":"product","link":"https:\/\/www.largepillow.com\/sv\/product\/back-support-cushion","title":{"rendered":"Ryggst\u00f6dskudde"},"content":{"rendered":"<p>Ryggst\u00f6dskudden \u2013 den ultimata komforten f\u00f6r din s\u00e4ng eller soffa. Om du \u00e4r en nattuggla, bokmal eller bara \u00e4lskar att str\u00e4ckkolla dina favoritprogram i s\u00e4ngen, \u00e4r denna stora bolsterkudden perfekt f\u00f6r dig. Denna huvudgavelkudd har en triangul\u00e4r form som sitter t\u00e4tt mot ryggen och midjan, vilket ger lindring av trycket mot l\u00e4ndryggen och ryggen. Det \u00e4r den enda kilformade huvudgavelkudden som rymmer tv\u00e5 personer, vilket g\u00f6r den till ett utm\u00e4rkt alternativ till att ha tv\u00e5 separata kuddar.<\/p>\n<p>Men det \u00e4r inte allt \u2013 den h\u00e4r ryggst\u00f6dskudden \u00e4r utformad f\u00f6r att vara multifunktionell. Du kan anv\u00e4nda den som en ryggst\u00f6dskudde f\u00f6r huvudgaveln n\u00e4r du sitter i s\u00e4ngen, l\u00e4gga den platt p\u00e5 s\u00e4ngen f\u00f6r att anv\u00e4nda den som en stor kilformad kudde n\u00e4r du sover p\u00e5 rygg eller sida, eller till och med anv\u00e4nda den som en benkudde f\u00f6r att lyfta upp benen. Det \u00e4r ett utm\u00e4rkt alternativ f\u00f6r par som beh\u00f6ver en stor huvudgavelskudde som ger st\u00f6d f\u00f6r b\u00e5da.<\/p>\n<p>\u00d6rngottet till denna l\u00e4skudd \u00e4r tillverkat med \u00f6verl\u00e4gset hantverk och har en manchesterlook av 100% polyester, vilket g\u00f6r det andningsbart och bekv\u00e4mt nog att h\u00e5lla formen \u00f6ver tid. En sidoficka p\u00e5 varje sida l\u00e5ter dig stoppa in din bok eller telefon i det, s\u00e5 att du har dem inom r\u00e4ckh\u00e5ll medan du kopplar av.<\/p>\n<p>Att reng\u00f6ra denna ryggst\u00f6dskudde \u00e4r ocks\u00e5 en barnlek. L\u00e4s\u00f6verdraget \u00e4r f\u00e4st vid kudden med knappar och kan enkelt tas bort med en enkel dragkedja, vilket g\u00f6r det enkelt att h\u00e5lla det rent. Ta bara bort \u00f6verdraget och tv\u00e4tta det snabbt i maskin f\u00f6r att f\u00e5 din kudde att se ut som ny.<\/p>\n<p>Denna produkt finns i olika storlekar fr\u00e5n 45 cm till 200 cm f\u00f6r att passa olika s\u00e4ngstorlekar. Du kan v\u00e4lja den som passar dina behov och preferenser.<\/p>\n<p>Kunder som har k\u00f6pt den h\u00e4r produkten lovordar den. En kund kommenterade att kudden \u00e4r &quot;perfekt f\u00f6r att l\u00e4sa och titta p\u00e5 TV i s\u00e4ngen&quot;, medan en annan sa &quot;produktens kvalitet \u00e4r utm\u00e4rkt \u2013 definitivt v\u00e4rd k\u00f6pet.&quot; Med ett h\u00f6gt kundn\u00f6jdhetsbetyg \u00e4r denna ryggst\u00f6dskudde ett m\u00e5ste f\u00f6r alla som \u00e4lskar att koppla av i s\u00e4ngen eller i soffan.<\/p>\n<p>Sammanfattningsvis \u00e4r ryggst\u00f6dskudden ett snyggt och funktionellt tillskott till alla sovrum. Den erbjuder utm\u00e4rkt komfort och st\u00f6d, \u00e4r multifunktionell, l\u00e4tt att reng\u00f6ra och finns i olika storlekar f\u00f6r att passa olika s\u00e4ngstorlekar. V\u00e4nta inte \u2013 k\u00f6p din idag och upplev den ultimata komforten i din s\u00e4ng eller soffa!<\/p>","protected":false},"excerpt":{"rendered":"<ul>\n<li><strong>Ultimat komfort:<\/strong> Denna huvudgavelskudde erbjuder utm\u00e4rkt komfort tack vare sin triangul\u00e4ra form. S\u00e4ngst\u00f6dskudden passar perfekt mot rygg och rygg, vilket minimerar trycket p\u00e5 l\u00e4ndryggen. Denna kilformade l\u00e4skudden kan hj\u00e4lpa dig att h\u00e5lla dig sp\u00e4nningsfri i s\u00e4ngen eller soffan, vilket \u00e4r perfekt f\u00f6r arbetande nattugglor, bokmalar och f\u00f6r att titta p\u00e5 TV i s\u00e4ngen. Denna extra stora bolsterkudden \u00e4r den enda kilformade huvudgavelskudden som rymmer tv\u00e5 personer.<\/li>\n<li><strong>3-i-1 stor kudde:<\/strong> Du kan anv\u00e4nda kudden st\u00e5ende som en ryggst\u00f6dskudde f\u00f6r huvudgaveln n\u00e4r du sitter i s\u00e4ngen eller l\u00e4gga den platt p\u00e5 s\u00e4ngen f\u00f6r att anv\u00e4nda den som en stor kilformad kudde n\u00e4r du sover p\u00e5 rygg eller sida, eller som en benkudde f\u00f6r att h\u00f6ja benen. Om du vill ha en stor huvudgavelskudde som ger st\u00f6d f\u00f6r b\u00e5de dig och din partner \u00e4r det ett utm\u00e4rkt alternativ.<\/li>\n<li><strong>Multifunktionell design:<\/strong> Vissa anv\u00e4nder den stora triangul\u00e4ra kudden som en kudde till huvudgaveln, medan andra anv\u00e4nder den som en b\u00e4lteskudde, den kan ocks\u00e5 fungera som en ryggst\u00f6dskudde till soffan eller dagb\u00e4dden. Den \u00e4r b\u00e5de snygg och funktionell, vilket g\u00f6r den till ett utm\u00e4rkt tillskott till alla sovrum.<\/li>\n<li><strong>\u00d6verl\u00e4gset hantverk:<\/strong> \u00d6rngottet har manchesterlook och \u00e4r tillverkat av 100% polyester. V\u00e5r huvudgavelkudde \u00e4r andningsbar och bekv\u00e4m nog att h\u00e5lla formen och inte f\u00f6rlora formen med tiden. En sidoficka p\u00e5 varje sida l\u00e5ter dig f\u00f6rvara din bok eller telefon.<\/li>\n<li><strong>L\u00e4tt att tv\u00e4tta:<\/strong> L\u00e4s\u00f6rns \u00f6verdrag \u00e4r f\u00e4st vid kudden med knappar och \u00e4r l\u00e4tt att ta bort med en enkel dragkedja. Detta g\u00f6r reng\u00f6ringen problemfri. Ta bara bort \u00f6verdraget och tv\u00e4tta snabbt i maskin f\u00f6r att f\u00e5 din kudde att se ut som ny.<\/li>\n<li><strong>Storlek:<\/strong> 45 cm (L45 x B20 x H50 | 0 knappar), 60 cm (L60 x B20 x H50 | 0 knappar), 80 cm (L80 x B20 x H50 | 2 knappar), 100 cm (L100 x B20 x H50 | 3 knappar), 120 cm (L120 x B20 x H50 | 4 knappar), 140 cm (L140 x B20 x H50 | 4 knappar), 160 cm (L160 x B20 x H50 | 5 knappar), 180 cm (L180 x B20 x H50 | 6 knappar), 200 cm (L200 x B20 x H50 | 7 knappar).<\/li>\n<\/ul>","protected":false},"featured_media":328,"comment_status":"open","ping_status":"closed","template":"","meta":[],"product_brand":[],"product_cat":[15],"product_tag":[117,204,218,217,168,132,199,143,182,68],"class_list":{"0":"post-347","1":"product","2":"type-product","3":"status-publish","4":"has-post-thumbnail","6":"product_cat-large-wedge-pillow","7":"product_tag-back-support-cushion","8":"product_tag-bed-support-cushion","9":"product_tag-corduroy-pillow","10":"product_tag-daybed-backrest","11":"product_tag-headboard-pillow","12":"product_tag-large-bolster-pillow","13":"product_tag-large-wedge-pillow","14":"product_tag-multifunctional-pillow","15":"product_tag-triangle-back-pillow","16":"product_tag-wedge-reading-pillow","18":"first","19":"instock","20":"shipping-taxable","21":"purchasable","22":"product-type-variable"},"_links":{"self":[{"href":"https:\/\/www.largepillow.com\/sv\/wp-json\/wp\/v2\/product\/347","targetHints":{"allow":["GET"]}}],"collection":[{"href":"https:\/\/www.largepillow.com\/sv\/wp-json\/wp\/v2\/product"}],"about":[{"href":"https:\/\/www.largepillow.com\/sv\/wp-json\/wp\/v2\/types\/product"}],"replies":[{"embeddable":true,"href":"https:\/\/www.largepillow.com\/sv\/wp-json\/wp\/v2\/comments?post=347"}],"wp:featuredmedia":[{"embeddable":true,"href":"https:\/\/www.largepillow.com\/sv\/wp-json\/wp\/v2\/media\/328"}],"wp:attachment":[{"href":"https:\/\/www.largepillow.com\/sv\/wp-json\/wp\/v2\/media?parent=347"}],"wp:term":[{"taxonomy":"product_brand","embeddable":true,"href":"https:\/\/www.largepillow.com\/sv\/wp-json\/wp\/v2\/product_brand?post=347"},{"taxonomy":"product_cat","embeddable":true,"href":"https:\/\/www.largepillow.com\/sv\/wp-json\/wp\/v2\/product_cat?post=347"},{"taxonomy":"product_tag","embeddable":true,"href":"https:\/\/www.largepillow.com\/sv\/wp-json\/wp\/v2\/product_tag?post=347"}],"curies":[{"name":"wp","href":"https:\/\/api.w.org\/{rel}","templated":true}]}}