{"id":3481,"date":"2024-07-25T03:14:13","date_gmt":"2024-07-25T03:14:13","guid":{"rendered":"https:\/\/www.largepillow.com\/product\/oversized-floor-recliner-mat-for-gaming-reading-resting"},"modified":"2024-10-03T16:31:25","modified_gmt":"2024-10-03T16:31:25","slug":"overdimensionerad-golvmatta-for-vila-och-lasning-vid-spel","status":"publish","type":"product","link":"https:\/\/www.largepillow.com\/sv\/product\/oversized-floor-recliner-mat-for-gaming-reading-resting","title":{"rendered":"Stor golvmatta f\u00f6r vila, spel, l\u00e4sning och vila"},"content":{"rendered":"[zc_getpagecontent mb=&#8221;mb_aplus&#8221; apid=&#8221;77&#8243;]\n","protected":false},"excerpt":{"rendered":"<ul>\n<li><strong>ULTIMAT KOMFORT:<\/strong> Njut av o\u00f6vertr\u00e4ffad komfort med Muffin Grand-soffan. Med ett \u00f6verdrag av kaninp\u00e4ls och vaddering i h\u00f6gelastiskt skum garanterar denna soffa maximal komfort oavsett om du sitter ner f\u00f6r att l\u00e4sa en bok, titta p\u00e5 TV eller bara koppla av efter en hektisk dag.<\/li>\n<li><strong>F\u00d6RSTKLASSIGT HANTVERK:<\/strong> Denna sektionssoffa har ett \u00f6verdrag av kaninp\u00e4ls och stoppning i h\u00f6gelastiskt skum, vilket kombinerar praktiskhet och komfort f\u00f6r en lyxig och h\u00e5llbar upplevelse. Den \u00e4r l\u00e4tt att ta is\u00e4r och montera, vilket garanterar varaktig elegans i alla rum.<\/li>\n<li><strong>STABILT ST\u00d6D:<\/strong> Njut av fridfull avkoppling med v\u00e5r golvsoffa. H\u00f6gdensitetsskum ger utm\u00e4rkt st\u00f6d och d\u00e4mpning som f\u00f6ljer kroppens kurvor och lindrar tryckpunkter. Stabiliteten hos drop-in-soffan garanterar s\u00e4kerhet och tillf\u00f6rlitlighet, vilket g\u00f6r att du kan njuta av l\u00e5ngvarig komfort och h\u00e5llbarhet.<\/li>\n<li><strong>UNIK DESIGN OCH L\u00c4TT ATT RENG\u00d6RA:<\/strong> Den h\u00e4r soffan \u00e4r inte bara bekv\u00e4m utan ocks\u00e5 l\u00e4tt att h\u00e5lla ren. Den osynliga dragkedjan \u00e4r enkel att ta bort och reng\u00f6ra, vilket h\u00e5ller soffan snygg. L\u00e5t dig njuta av din fritid bekv\u00e4mt.<\/li>\n<li><strong>IDEAL STORLEK F\u00d6R KOMFORT:<\/strong> V\u00e5r hopf\u00e4llbara soffa m\u00e4ter 280*91 cm, vilket \u00e4r den ideala storleken f\u00f6r en f\u00e5t\u00f6lj och \u00e4r enkel att f\u00f6rvara och spara utrymme.<\/li>\n<\/ul>","protected":false},"featured_media":3465,"comment_status":"open","ping_status":"closed","template":"","meta":[],"product_brand":[],"product_cat":[228],"product_tag":[],"class_list":{"0":"post-3481","1":"product","2":"type-product","3":"status-publish","4":"has-post-thumbnail","6":"product_cat-cushions","8":"first","9":"instock","10":"shipping-taxable","11":"purchasable","12":"product-type-simple"},"_links":{"self":[{"href":"https:\/\/www.largepillow.com\/sv\/wp-json\/wp\/v2\/product\/3481","targetHints":{"allow":["GET"]}}],"collection":[{"href":"https:\/\/www.largepillow.com\/sv\/wp-json\/wp\/v2\/product"}],"about":[{"href":"https:\/\/www.largepillow.com\/sv\/wp-json\/wp\/v2\/types\/product"}],"replies":[{"embeddable":true,"href":"https:\/\/www.largepillow.com\/sv\/wp-json\/wp\/v2\/comments?post=3481"}],"wp:featuredmedia":[{"embeddable":true,"href":"https:\/\/www.largepillow.com\/sv\/wp-json\/wp\/v2\/media\/3465"}],"wp:attachment":[{"href":"https:\/\/www.largepillow.com\/sv\/wp-json\/wp\/v2\/media?parent=3481"}],"wp:term":[{"taxonomy":"product_brand","embeddable":true,"href":"https:\/\/www.largepillow.com\/sv\/wp-json\/wp\/v2\/product_brand?post=3481"},{"taxonomy":"product_cat","embeddable":true,"href":"https:\/\/www.largepillow.com\/sv\/wp-json\/wp\/v2\/product_cat?post=3481"},{"taxonomy":"product_tag","embeddable":true,"href":"https:\/\/www.largepillow.com\/sv\/wp-json\/wp\/v2\/product_tag?post=3481"}],"curies":[{"name":"wp","href":"https:\/\/api.w.org\/{rel}","templated":true}]}}