{"id":3508,"date":"2024-07-25T03:34:29","date_gmt":"2024-07-25T03:34:29","guid":{"rendered":"https:\/\/www.largepillow.com\/product\/large-folding-daybed-sofa-with-adjustable-headboard"},"modified":"2024-10-03T16:31:25","modified_gmt":"2024-10-03T16:31:25","slug":"stor-hopfallbar-dagbaddsoffa-med-justerbar-huvudgavel","status":"publish","type":"product","link":"https:\/\/www.largepillow.com\/sv\/product\/large-folding-daybed-sofa-with-adjustable-headboard\/","title":{"rendered":"Stor hopf\u00e4llbar dagb\u00e4ddsoffa med justerbar huvudgavel"},"content":{"rendered":"","protected":false},"excerpt":{"rendered":"<ul>\n<li>ULTIMAT KOMFORT: Njut av o\u00f6vertr\u00e4ffad komfort med den st\u00e4llbara b\u00e4ddsoffan som kan justeras vid s\u00e4ngen. Med ett \u00f6verdrag i polyesterlinne och stoppning i h\u00f6gelastiskt skum garanterar denna hopf\u00e4llbara soffa maximal komfort, oavsett om du lutar dig tillbaka och kopplar av, tittar p\u00e5 TV eller varvar ner efter en hektisk dag.<\/li>\n<li>H\u00d6GSTA HANTVERK: Med ett \u00f6verdrag i polyesterlinne och stoppning i h\u00f6gelastiskt skum kombinerar denna sektionssoffa praktiskhet och komfort f\u00f6r en lyxig och h\u00e5llbar upplevelse. Den \u00e4r enkel att ta is\u00e4r och montera och garanterar varaktig elegans i alla rum.<\/li>\n<li>STABILT ST\u00d6D: Njut av fridfull avkoppling med v\u00e5r golvsoffa. H\u00f6gdensitetsskum ger utm\u00e4rkt st\u00f6d och d\u00e4mpning som f\u00f6ljer kroppens kurvor och lindrar tryckpunkter. Stabiliteten hos drop-in-soffan garanterar s\u00e4kerhet och tillf\u00f6rlitlighet, vilket g\u00f6r att du kan njuta av l\u00e5ngvarig komfort och h\u00e5llbarhet.<\/li>\n<li>UNIK DESIGN OCH L\u00c4TT ATT RENG\u00d6RA: Denna soffa \u00e4r inte bara bekv\u00e4m utan ocks\u00e5 l\u00e4tt att h\u00e5lla ren. Den osynliga dragkedjan \u00e4r enkel att ta bort och reng\u00f6ra, vilket h\u00e5ller soffan snygg. L\u00e5t dig njuta av din fritid bekv\u00e4mt.<\/li>\n<li>IDEAL STORLEK F\u00d6R KOMFORT: V\u00e5r hopf\u00e4llbara soffa m\u00e4ter 190 * 76 * 55 cm, vilket \u00e4r den ideala storleken f\u00f6r en loungef\u00e5t\u00f6lj och \u00e4r enkel att f\u00f6rvara och spara utrymme.<\/li>\n<\/ul>","protected":false},"featured_media":3492,"comment_status":"open","ping_status":"closed","template":"","meta":[],"product_brand":[],"product_cat":[228],"product_tag":[],"class_list":{"0":"post-3508","1":"product","2":"type-product","3":"status-publish","4":"has-post-thumbnail","6":"product_cat-cushions","8":"first","9":"outofstock","10":"shipping-taxable","11":"purchasable","12":"product-type-simple"},"_links":{"self":[{"href":"https:\/\/www.largepillow.com\/sv\/wp-json\/wp\/v2\/product\/3508","targetHints":{"allow":["GET"]}}],"collection":[{"href":"https:\/\/www.largepillow.com\/sv\/wp-json\/wp\/v2\/product"}],"about":[{"href":"https:\/\/www.largepillow.com\/sv\/wp-json\/wp\/v2\/types\/product"}],"replies":[{"embeddable":true,"href":"https:\/\/www.largepillow.com\/sv\/wp-json\/wp\/v2\/comments?post=3508"}],"wp:featuredmedia":[{"embeddable":true,"href":"https:\/\/www.largepillow.com\/sv\/wp-json\/wp\/v2\/media\/3492"}],"wp:attachment":[{"href":"https:\/\/www.largepillow.com\/sv\/wp-json\/wp\/v2\/media?parent=3508"}],"wp:term":[{"taxonomy":"product_brand","embeddable":true,"href":"https:\/\/www.largepillow.com\/sv\/wp-json\/wp\/v2\/product_brand?post=3508"},{"taxonomy":"product_cat","embeddable":true,"href":"https:\/\/www.largepillow.com\/sv\/wp-json\/wp\/v2\/product_cat?post=3508"},{"taxonomy":"product_tag","embeddable":true,"href":"https:\/\/www.largepillow.com\/sv\/wp-json\/wp\/v2\/product_tag?post=3508"}],"curies":[{"name":"wp","href":"https:\/\/api.w.org\/{rel}","templated":true}]}}