{"id":3541,"date":"2024-07-25T04:17:47","date_gmt":"2024-07-25T04:17:47","guid":{"rendered":"https:\/\/www.largepillow.com\/product\/dog-car-seat-and-pet-carrier-for-small-and-medium-dogs"},"modified":"2024-12-04T22:51:12","modified_gmt":"2024-12-04T22:51:12","slug":"hundbilsits-och-transportbur-for-sma-och-medelstora-hundar","status":"publish","type":"product","link":"https:\/\/www.largepillow.com\/sv\/product\/dog-car-seat-and-pet-carrier-for-small-and-medium-dogs","title":{"rendered":"Hundbilsits och transportbur f\u00f6r sm\u00e5 och medelstora hundar"},"content":{"rendered":"[zc_getpagecontent mb=&#8221;mb_aplus&#8221; apid=&#8221;63&#8243;]\n","protected":false},"excerpt":{"rendered":"<ul>\n<li><strong>Hundbilsits f\u00f6r bilk\u00f6rning:<\/strong> Bilbarnstolen f\u00f6r sm\u00e5 hundar prioriterar s\u00e4kerhet. S\u00e4kerhetsb\u00e4ltet h\u00e5ller den b\u00e4rbara bilbarnstolen ordentligt p\u00e5 plats och f\u00f6rhindrar att den glider runt i bilen. Ditt husdjur kommer inte att st\u00f6ra dig under k\u00f6rning. Justerbara remmar passar de flesta bilar, personbilar och stadsjeepar. Selekrokarna ger ett extra lager av s\u00e4kerhet f\u00f6r att f\u00f6rhindra att ditt husdjur hoppar ur.<\/li>\n<li><strong>3-i-1 multifunktionell design:<\/strong> Husdjursv\u00e4skan \u00e4r inte bara en transport\u00f6r f\u00f6r husdjur, utan \u00e4ven en bekv\u00e4m husdjurss\u00e4ng och en bilbarnstol! Vik helt enkelt ihop den multifunktionella designen f\u00f6r att f\u00f6rvandla den till en mysig husdjurss\u00e4ng.<\/li>\n<li><strong>Mjuksidig hundbur:<\/strong> Denna hundbur med mjuka sidor m\u00e4ter 45*30*34 cm (LxBxH) och \u00e4r designad f\u00f6r sm\u00e5 till medelstora hundar eller stora katter. Den \u00e4r l\u00e4tt och b\u00e4rbar f\u00f6r resor, promenader och tr\u00e4ning. Den medf\u00f6ljande vadderingen garanterar maximal komfort.<\/li>\n<li><strong>Uts\u00f6kt design:<\/strong> Hundburen f\u00f6r medelstora hundar har en lyxig design, speciellt utformad f\u00f6r sm\u00e5 husdjur, som katter och hundar. Handtaget i konstl\u00e4der f\u00f6rst\u00e4rker stilen hos denna mjuka kattbur.<\/li>\n<li><strong>Dubbelsidig kudde:<\/strong> Denna hundbur f\u00f6r medelstora hundar har ett plyschigt tyg p\u00e5 ena sidan och ett andningsbart material p\u00e5 den andra. Denna bur f\u00f6r katt kan justeras efter s\u00e4song och v\u00e4der.<\/li>\n<li><strong>Praktisk och multifunktionell:<\/strong> F\u00f6rutom att fungera som en liten hundb\u00e4rv\u00e4ska f\u00f6r utomhusturer, kan denna valpb\u00e4rv\u00e4ska f\u00f6r sm\u00e5 hundar ocks\u00e5 fungera som ett bilf\u00e5t\u00f6lj f\u00f6r sm\u00e5 hundar, vilket ger ett bekv\u00e4mt utrymme f\u00f6r husdjur under shopping, resor eller till och med under en bilresa.<\/li>\n<li><strong>H\u00f6gkvalitativt material:<\/strong> Anv\u00e4ndningen av bekv\u00e4mt, andningsbart tyg och solid, st\u00f6djande PP-bomullsfyllning i denna hundb\u00e4rv\u00e4ska f\u00f6r sm\u00e5 hundar ger inte bara en snygg struktur och stil till hundb\u00e4rv\u00e4skan, utan s\u00e4kerst\u00e4ller ocks\u00e5 dess komfort.<\/li>\n<li><strong>Idealisk present:<\/strong> Valpv\u00e4skan f\u00f6r sm\u00e5 hundar ger dina husdjur hemmets komfort under utomhusaktiviteter. Den \u00e4r mycket praktisk f\u00f6r utflykter, shopping, veterin\u00e4rbes\u00f6k eller promenader.<\/li>\n<li><strong>Sk\u00f6tselr\u00e5d:<\/strong> Separera bara kudden fr\u00e5n p\u00e5sen och l\u00e4gg den i tv\u00e4ttmaskinen, inga fler trasiga dragkedjor n\u00e4r du tar bort \u00f6verkastet, kudden \u00e4r dubbelsidig och avtagbar, s\u00e5 l\u00e4gg g\u00e4rna till din hunds favorits\u00e4ngkl\u00e4der.<\/li>\n<li><strong>Notera:<\/strong> Bilmattan f\u00f6r husdjur \u00e4r vakuumkomprimerad och kan deformeras n\u00e5got n\u00e4r du \u00f6ppnar den. Detta \u00e4r normalt och inte ett kvalitetsproblem.<\/li>\n<\/ul>","protected":false},"featured_media":3527,"comment_status":"open","ping_status":"closed","template":"","meta":[],"product_brand":[],"product_cat":[227],"product_tag":[],"class_list":{"0":"post-3541","1":"product","2":"type-product","3":"status-publish","4":"has-post-thumbnail","6":"product_cat-pet-supplies","8":"first","9":"outofstock","10":"shipping-taxable","11":"purchasable","12":"product-type-simple"},"_links":{"self":[{"href":"https:\/\/www.largepillow.com\/sv\/wp-json\/wp\/v2\/product\/3541","targetHints":{"allow":["GET"]}}],"collection":[{"href":"https:\/\/www.largepillow.com\/sv\/wp-json\/wp\/v2\/product"}],"about":[{"href":"https:\/\/www.largepillow.com\/sv\/wp-json\/wp\/v2\/types\/product"}],"replies":[{"embeddable":true,"href":"https:\/\/www.largepillow.com\/sv\/wp-json\/wp\/v2\/comments?post=3541"}],"wp:featuredmedia":[{"embeddable":true,"href":"https:\/\/www.largepillow.com\/sv\/wp-json\/wp\/v2\/media\/3527"}],"wp:attachment":[{"href":"https:\/\/www.largepillow.com\/sv\/wp-json\/wp\/v2\/media?parent=3541"}],"wp:term":[{"taxonomy":"product_brand","embeddable":true,"href":"https:\/\/www.largepillow.com\/sv\/wp-json\/wp\/v2\/product_brand?post=3541"},{"taxonomy":"product_cat","embeddable":true,"href":"https:\/\/www.largepillow.com\/sv\/wp-json\/wp\/v2\/product_cat?post=3541"},{"taxonomy":"product_tag","embeddable":true,"href":"https:\/\/www.largepillow.com\/sv\/wp-json\/wp\/v2\/product_tag?post=3541"}],"curies":[{"name":"wp","href":"https:\/\/api.w.org\/{rel}","templated":true}]}}