{"id":3555,"date":"2024-07-25T04:27:49","date_gmt":"2024-07-25T04:27:49","guid":{"rendered":"https:\/\/www.largepillow.com\/product\/modern-fluffy-cat-small-dog-bed-with-washable-cover"},"modified":"2025-07-15T08:12:33","modified_gmt":"2025-07-15T08:12:33","slug":"modern-fluffig-liten-hundbadd-for-katter-med-tvattbart-overdrag","status":"publish","type":"product","link":"https:\/\/www.largepillow.com\/sv\/product\/modern-fluffy-cat-small-dog-bed-with-washable-cover","title":{"rendered":"Modern fluffig katt- och liten hundb\u00e4dd med tv\u00e4ttbart \u00f6verdrag"},"content":{"rendered":"[zc_getpagecontent mb=&#8221;mb_aplus&#8221; apid=&#8221;61&#8243;]\n","protected":false},"excerpt":{"rendered":"<ul>\n<li>Unik design: En modern husdjurssoffa, ett oumb\u00e4rligt val f\u00f6r husdjursm\u00f6bler och en elegant accent i ditt hem. Dess moderiktiga design och mjuka f\u00e4rgval kompletterar s\u00f6ml\u00f6st vilken heminredning som helst.<\/li>\n<li>Premiummaterial: F\u00f6rdelarna med majskornssammet \u2013 andningsbart, mjukt, bekv\u00e4mt och slitstarkt. Fylld med PP-bomull f\u00f6r en fluffig hundb\u00e4dd. Halkfri bottendesign f\u00f6rhindrar r\u00f6relse.<\/li>\n<li>L\u00e4tt att ta bort f\u00f6r reng\u00f6ring: Botten har en dragkedja som g\u00f6r den mycket enkel att ta bort och reng\u00f6ra. Den kan maskintv\u00e4ttas direkt f\u00f6r problemfri reng\u00f6ring. Innerfyllningen i hundb\u00e4dden \u00e4r uppdelad i tv\u00e5 avtagbara delar s\u00e5 att \u00f6verdraget enkelt kan tv\u00e4ttas. Monteringen \u00e4r ocks\u00e5 enkel, med en monteringsvideo tillg\u00e4nglig.<\/li>\n<li>Passar flera husdjur: Oavsett om du har en liten hund, en lekfull katt eller till och med en kanin, \u00e4r v\u00e5r kattsoffa l\u00e4mplig f\u00f6r husdjur under 14,5 kg. Med sin rymliga viloplats och robusta struktur kan den bekv\u00e4mt st\u00f6dja ditt husdjurs vikt samtidigt som den erbjuder en mysig viloplats.<\/li>\n<li>Anv\u00e4ndning \u00e5ret runt: Kattloungestolen tar h\u00e4nsyn till olika s\u00e4songsbetonade behov f\u00f6r att alltid ge ditt husdjur den b\u00e4sta s\u00f6mnupplevelsen, oavsett om det \u00e4r kalla vinterdagar eller varma somrar \u2013 l\u00e4mplig f\u00f6r anv\u00e4ndning \u00e5ret runt. Och v\u00e5r hundb\u00e4dd \u00e4r vakuumf\u00f6rpackad i en l\u00e5da. V\u00e4nligen fluffa kattb\u00e4dden helt genom att sl\u00e5 p\u00e5 den och v\u00e4nta 48 timmar efter anv\u00e4ndning innan den \u00e5terg\u00e5r till sin ursprungliga form genom att f\u00f6rsiktigt skaka den.<\/li>\n<\/ul>","protected":false},"featured_media":3542,"comment_status":"open","ping_status":"closed","template":"","meta":[],"product_brand":[],"product_cat":[227],"product_tag":[],"class_list":{"0":"post-3555","1":"product","2":"type-product","3":"status-publish","4":"has-post-thumbnail","6":"product_cat-pet-supplies","8":"first","9":"instock","10":"shipping-taxable","11":"purchasable","12":"product-type-simple"},"_links":{"self":[{"href":"https:\/\/www.largepillow.com\/sv\/wp-json\/wp\/v2\/product\/3555","targetHints":{"allow":["GET"]}}],"collection":[{"href":"https:\/\/www.largepillow.com\/sv\/wp-json\/wp\/v2\/product"}],"about":[{"href":"https:\/\/www.largepillow.com\/sv\/wp-json\/wp\/v2\/types\/product"}],"replies":[{"embeddable":true,"href":"https:\/\/www.largepillow.com\/sv\/wp-json\/wp\/v2\/comments?post=3555"}],"wp:featuredmedia":[{"embeddable":true,"href":"https:\/\/www.largepillow.com\/sv\/wp-json\/wp\/v2\/media\/3542"}],"wp:attachment":[{"href":"https:\/\/www.largepillow.com\/sv\/wp-json\/wp\/v2\/media?parent=3555"}],"wp:term":[{"taxonomy":"product_brand","embeddable":true,"href":"https:\/\/www.largepillow.com\/sv\/wp-json\/wp\/v2\/product_brand?post=3555"},{"taxonomy":"product_cat","embeddable":true,"href":"https:\/\/www.largepillow.com\/sv\/wp-json\/wp\/v2\/product_cat?post=3555"},{"taxonomy":"product_tag","embeddable":true,"href":"https:\/\/www.largepillow.com\/sv\/wp-json\/wp\/v2\/product_tag?post=3555"}],"curies":[{"name":"wp","href":"https:\/\/api.w.org\/{rel}","templated":true}]}}