{"id":374,"date":"2022-09-15T22:39:47","date_gmt":"2022-09-15T22:39:47","guid":{"rendered":"https:\/\/www.largepillow.com\/product\/big-pillows-for-bed-headboard"},"modified":"2025-12-17T13:30:39","modified_gmt":"2025-12-17T13:30:39","slug":"ryggstodskudde","status":"publish","type":"product","link":"https:\/\/www.largepillow.com\/sv\/product\/backrest-pillow\/","title":{"rendered":"Ryggst\u00f6dskudde"},"content":{"rendered":"<p>Uppt\u00e4ck den ultimata komforten med ryggst\u00f6dskudden<\/p>\n<p>Tr\u00f6tt p\u00e5 att k\u00e4mpa f\u00f6r att f\u00e5 det bekv\u00e4mt i s\u00e4ngen medan du l\u00e4ser eller tittar p\u00e5 TV? Vi presenterar ryggst\u00f6dskudden \u2013 den triangul\u00e4ra kudden som tar avkoppling vid s\u00e4ngg\u00e5endet till nya h\u00f6jder. <\/p>\n<p>Med sin ergonomiska design formar sig denna huvudgavelskudde perfekt efter din rygg och midja, vilket ger skr\u00e4ddarsytt st\u00f6d f\u00f6r l\u00e4ndryggen och minimerar ryggbelastning. Fyllningen av h\u00f6gdensitetspolyester \u00e4r strukturerad f\u00f6r att f\u00f6rhindra att den plattas ut med tiden, medan 100% polyestersammets\u00f6verdraget k\u00e4nns mjukt och lyxigt mot din hud.<\/p>\n<p>Men lita inte bara p\u00e5 oss. H\u00e4r \u00e4r vad entusiastiska kunder har att s\u00e4ga:<\/p>\n<p>\u201cDen h\u00e4r kudden \u00e4r en livr\u00e4ddare f\u00f6r mig som en glupsk nattl\u00e4sare. Jag kan sitta uppr\u00e4tt i s\u00e4ngen i timmar utan att f\u00e5 ont i ryggen.\u201d<\/p>\n<p>\u201c&quot;Jag \u00e4lskar att anv\u00e4nda den h\u00e4r j\u00e4ttekudden f\u00f6r att st\u00f6tta mig upp under filmkv\u00e4llar med min partner. Den \u00e4r tillr\u00e4ckligt bred f\u00f6r att vi b\u00e5da ska f\u00e5 plats bekv\u00e4mt.&quot;\u201d <\/p>\n<p>\u201cTriangelformen passar min kropp perfekt. Jag vaknar inte l\u00e4ngre med stel nacke efter att ha somnat med st\u00f6d.\u201d<\/p>\n<p>Med storlekar fr\u00e5n 45 cm upp till rymliga 200 cm har ryggst\u00f6dskudden ett alternativ f\u00f6r alla anv\u00e4ndare. \u00d6rngottet g\u00e5r att \u00f6ppna med dragkedja och kan tv\u00e4ttas i maskin, vilket g\u00f6r reng\u00f6ring och underh\u00e5ll enkelt. <\/p>\n<p>Ge din rygg en paus och din avkopplingstid en uppgradering med ryggst\u00f6dskudden. Din komfort v\u00e4ntar!<\/p>","protected":false},"excerpt":{"rendered":"<ul>\n<li><strong>Ultimat komfort:<\/strong> Denna huvudgavelskudde erbjuder utm\u00e4rkt komfort tack vare sin triangul\u00e4ra form. S\u00e4ngst\u00f6dskudden passar perfekt mot rygg och rygg, vilket minimerar trycket p\u00e5 l\u00e4ndryggen. Denna kilformade l\u00e4skudden kan hj\u00e4lpa dig att h\u00e5lla dig sp\u00e4nningsfri i s\u00e4ngen eller soffan, vilket \u00e4r perfekt f\u00f6r arbetande nattugglor, bokmalar och f\u00f6r att titta p\u00e5 TV i s\u00e4ngen. Denna extra stora bolsterkudden \u00e4r den enda kilformade huvudgavelskudden som rymmer tv\u00e5 personer.<\/li>\n<li><strong>3-i-1 stor kudde:<\/strong> Du kan anv\u00e4nda kudden st\u00e5ende som en ryggst\u00f6dskudde f\u00f6r huvudgaveln n\u00e4r du sitter i s\u00e4ngen eller l\u00e4gga den platt p\u00e5 s\u00e4ngen f\u00f6r att anv\u00e4nda den som en stor kilformad kudde n\u00e4r du sover p\u00e5 rygg eller sida, eller som en benkudde f\u00f6r att h\u00f6ja benen. Om du vill ha en stor huvudgavelskudde som ger st\u00f6d f\u00f6r b\u00e5de dig och din partner \u00e4r det ett utm\u00e4rkt alternativ.<\/li>\n<li><strong>Multifunktionell design:<\/strong> Vissa anv\u00e4nder den stora triangul\u00e4ra kudden som en kudde till huvudgaveln, medan andra anv\u00e4nder den som en b\u00e4lteskudde, den kan ocks\u00e5 fungera som en ryggst\u00f6dskudde till soffan eller dagb\u00e4dden. Den \u00e4r b\u00e5de snygg och funktionell, vilket g\u00f6r den till ett utm\u00e4rkt tillskott till alla sovrum.<\/li>\n<li><strong>\u00d6verl\u00e4gset hantverk:<\/strong> V\u00e5rt \u00f6rngott \u00e4r tillverkat av 100% polyestersammet, som \u00e4r mjukt, elegant och bekv\u00e4mt att ta p\u00e5. Vadderingen \u00e4r tillverkad av h\u00f6gdensitets- och h\u00f6gkvalitativa polyesterfibrer, vilket f\u00f6rhindrar att det sjunker ihop \u00e4ven efter m\u00e5naders anv\u00e4ndning. Dessutom har det sidofickor f\u00f6r att f\u00f6rvara din bok eller telefon.<\/li>\n<li><strong>L\u00e4tt att reng\u00f6ra:<\/strong> L\u00e4s\u00f6rns \u00f6verdrag \u00e4r f\u00e4st vid kudden med knappar och \u00e4r l\u00e4tt att ta bort med en enkel dragkedja. Detta g\u00f6r reng\u00f6ringen problemfri. Ta bara bort \u00f6verdraget och tv\u00e4tta snabbt i maskin f\u00f6r att f\u00e5 din kudde att se ut som ny.<\/li>\n<li><strong>Storlek:<\/strong> 45 cm (L45 x B20 x H50 | 0 knappar), 60 cm (L60 x B20 x H50 | 0 knappar), 80 cm (L80 x B20 x H50 | 2 knappar), 100 cm (L100 x B20 x H50 | 3 knappar), 120 cm (L120 x B20 x H50 | 4 knappar), 140 cm (L140 x B20 x H50 | 4 knappar), 160 cm (L160 x B20 x H50 | 5 knappar), 180 cm (L180 x B20 x H50 | 6 knappar), 200 cm (L200 x B20 x H50 | 7 knappar).<\/li>\n<\/ul>","protected":false},"featured_media":357,"comment_status":"open","ping_status":"closed","template":"","meta":[],"product_brand":[],"product_cat":[15],"product_tag":[66,60,215,216,201,132,112,143,182,120],"class_list":{"0":"post-374","1":"product","2":"type-product","3":"status-publish","4":"has-post-thumbnail","6":"product_cat-large-wedge-pillow","7":"product_tag-back-support-pillow","8":"product_tag-backrest-pillow","9":"product_tag-couch-backrest-cushion","10":"product_tag-daybed-bolster","11":"product_tag-grey-pillow","12":"product_tag-large-bolster-pillow","13":"product_tag-lumbar-support-pillow","14":"product_tag-multifunctional-pillow","15":"product_tag-triangle-back-pillow","16":"product_tag-velvet-pillow","18":"first","19":"instock","20":"featured","21":"shipping-taxable","22":"purchasable","23":"product-type-variable"},"_links":{"self":[{"href":"https:\/\/www.largepillow.com\/sv\/wp-json\/wp\/v2\/product\/374","targetHints":{"allow":["GET"]}}],"collection":[{"href":"https:\/\/www.largepillow.com\/sv\/wp-json\/wp\/v2\/product"}],"about":[{"href":"https:\/\/www.largepillow.com\/sv\/wp-json\/wp\/v2\/types\/product"}],"replies":[{"embeddable":true,"href":"https:\/\/www.largepillow.com\/sv\/wp-json\/wp\/v2\/comments?post=374"}],"wp:featuredmedia":[{"embeddable":true,"href":"https:\/\/www.largepillow.com\/sv\/wp-json\/wp\/v2\/media\/357"}],"wp:attachment":[{"href":"https:\/\/www.largepillow.com\/sv\/wp-json\/wp\/v2\/media?parent=374"}],"wp:term":[{"taxonomy":"product_brand","embeddable":true,"href":"https:\/\/www.largepillow.com\/sv\/wp-json\/wp\/v2\/product_brand?post=374"},{"taxonomy":"product_cat","embeddable":true,"href":"https:\/\/www.largepillow.com\/sv\/wp-json\/wp\/v2\/product_cat?post=374"},{"taxonomy":"product_tag","embeddable":true,"href":"https:\/\/www.largepillow.com\/sv\/wp-json\/wp\/v2\/product_tag?post=374"}],"curies":[{"name":"wp","href":"https:\/\/api.w.org\/{rel}","templated":true}]}}