{"id":3766,"date":"2024-09-03T04:14:57","date_gmt":"2024-09-03T04:14:57","guid":{"rendered":"https:\/\/www.largepillow.com\/product\/3d-planet-throw-pillows-solar-system-decor-soft-cushion-moon"},"modified":"2025-10-04T12:01:35","modified_gmt":"2025-10-04T12:01:35","slug":"3d-planet-kuddar-solsystemdekor-mjuk-kudde-mane","status":"publish","type":"product","link":"https:\/\/www.largepillow.com\/sv\/product\/3d-planet-throw-pillows-solar-system-decor-soft-cushion-moon","title":{"rendered":"3D-planetkuddar, dekoration med solsystemet, mjuk kudde (m\u00e5nen)"},"content":{"rendered":"","protected":false},"excerpt":{"rendered":"<ul>\n<li><strong>Planet-tema design:<\/strong>\u00a0Skapa en unik heminredning i ditt hem med dessa kuddar med solsystemet Solen, Jorden, M\u00e5nen, Venus, Jupiter, Merkurius, Mars, Saturnus, Uranus, Neptunus och Pluto. Varje kudde har en unik planetdesign som ger dig friheten att mixa och matcha f\u00f6r en personlig look.<\/li>\n<li><strong>Praktisk golvkudde:<\/strong> Dessa planetkuddar kan anv\u00e4ndas som m\u00e5ngsidiga rekvisita i en fotostudio eller som bekv\u00e4ma golvkuddar, prydnadskuddar, soffkuddar, kilkuddar och soffkuddar f\u00f6r att dekorera ditt hem, din tr\u00e4dg\u00e5rd och f\u00f6rskola. De erbjuder en bekv\u00e4m kudde f\u00f6r ditt huvud eller din rygg medan du slappnar av och varvar ner, vilket g\u00f6r dem perfekta att anv\u00e4nda som en dekorativ accent eller som extra sittplatser. De \u00e4r ocks\u00e5 utm\u00e4rkta f\u00f6r yoga eller meditation.<\/li>\n<li><strong>Dekorativ golvkudde:<\/strong> Dessa planetkuddar \u00e4r perfekta f\u00f6r att ge en touch av elegans och komfort till ditt sovrum, vardagsrum eller n\u00e5got annat utrymme i ditt hem. De livfulla f\u00e4rgerna och den unika designen g\u00f6r dem till en samtals\u00e4mne, och de kan enkelt paras ihop med andra dekorativa f\u00f6rem\u00e5l f\u00f6r ett sammanh\u00e4ngande utseende. Du kan mixa och matcha olika stilar f\u00f6r att skapa en anpassad rymdinspirerad inredning som \u00e5terspeglar din personlighet och stil.<\/li>\n<li><strong>Som g\u00e5va:<\/strong> Kudden med planettema \u00e4r en utm\u00e4rkt present till alla som \u00e4lskar rymden, astronomi eller vetenskap. Den \u00e4r perfekt f\u00f6r barn, ton\u00e5ringar, h\u00f6gskolestudenter eller vuxna som vill l\u00e4gga till ett roligt och funktionellt f\u00f6rem\u00e5l i sitt rum. Du kan ocks\u00e5 ge bort den vid speciella tillf\u00e4llen som f\u00f6delsedagar, jul eller examen.<\/li>\n<li><strong>Tv\u00e4ttinstruktioner:<\/strong> Planetkudden \u00e4r tillverkad av h\u00f6gkvalitativt tjockt sammetstyg, vilket garanterar h\u00e5llbarhet och kvalitet. Den har en dragkedja f\u00f6r enkel reng\u00f6ring, vilket g\u00f6r underh\u00e5llet enkelt. Fyllningen \u00e4r 100% polyester f\u00f6r exceptionell stretch. Maskintv\u00e4tt endast kallt, endast skonsamt program, blek inte, torktumla p\u00e5 l\u00e5g temperatur, torktumla p\u00e5 l\u00e5g temperatur vid behov. Hudv\u00e4nligt och mjukt tyg kommer att vara det b\u00e4sta valet f\u00f6r familj, v\u00e4nner och barn.<\/li>\n<li><strong>Storlek:<\/strong>\u00a0Stor (41\u00d741 cm | 41x41 cm), Mellan (25\u00d725 cm | 25x25 cm)<\/li>\n<\/ul>","protected":false},"featured_media":3757,"comment_status":"open","ping_status":"closed","template":"","meta":[],"product_brand":[],"product_cat":[231],"product_tag":[],"class_list":{"0":"post-3766","1":"product","2":"type-product","3":"status-publish","4":"has-post-thumbnail","6":"product_cat-throw-pillows","8":"first","9":"instock","10":"shipping-taxable","11":"purchasable","12":"product-type-variable","13":"has-default-attributes"},"_links":{"self":[{"href":"https:\/\/www.largepillow.com\/sv\/wp-json\/wp\/v2\/product\/3766","targetHints":{"allow":["GET"]}}],"collection":[{"href":"https:\/\/www.largepillow.com\/sv\/wp-json\/wp\/v2\/product"}],"about":[{"href":"https:\/\/www.largepillow.com\/sv\/wp-json\/wp\/v2\/types\/product"}],"replies":[{"embeddable":true,"href":"https:\/\/www.largepillow.com\/sv\/wp-json\/wp\/v2\/comments?post=3766"}],"wp:featuredmedia":[{"embeddable":true,"href":"https:\/\/www.largepillow.com\/sv\/wp-json\/wp\/v2\/media\/3757"}],"wp:attachment":[{"href":"https:\/\/www.largepillow.com\/sv\/wp-json\/wp\/v2\/media?parent=3766"}],"wp:term":[{"taxonomy":"product_brand","embeddable":true,"href":"https:\/\/www.largepillow.com\/sv\/wp-json\/wp\/v2\/product_brand?post=3766"},{"taxonomy":"product_cat","embeddable":true,"href":"https:\/\/www.largepillow.com\/sv\/wp-json\/wp\/v2\/product_cat?post=3766"},{"taxonomy":"product_tag","embeddable":true,"href":"https:\/\/www.largepillow.com\/sv\/wp-json\/wp\/v2\/product_tag?post=3766"}],"curies":[{"name":"wp","href":"https:\/\/api.w.org\/{rel}","templated":true}]}}