{"id":3808,"date":"2024-09-04T01:51:07","date_gmt":"2024-09-04T01:51:07","guid":{"rendered":"https:\/\/www.largepillow.com\/product\/3-in-1-dog-car-seat-carrier-for-small-dogs-cats"},"modified":"2024-10-03T16:31:25","modified_gmt":"2024-10-03T16:31:25","slug":"3-i-1-bilbarnstolshallare-for-sma-hundar-och-katter","status":"publish","type":"product","link":"https:\/\/www.largepillow.com\/sv\/product\/3-in-1-dog-car-seat-carrier-for-small-dogs-cats","title":{"rendered":"3-i-1 hundbilsits och transportbur f\u00f6r sm\u00e5 hundar och katter"},"content":{"rendered":"[zc_getpagecontent mb=&#8221;mb_aplus&#8221; apid=&#8221;94&#8243;]\n","protected":false},"excerpt":{"rendered":"<ul>\n<li><strong>S\u00e4ker och stabil design:<\/strong> V\u00e5r bilbarnstol f\u00f6r hundar har en s\u00e4ker och stabil design som garanterar ditt husdjurs s\u00e4kerhet och komfort under resor. Den \u00e4r utrustad med ett s\u00e4rskilt s\u00e4kerhetsb\u00e4lte f\u00f6r hundar som s\u00e4kert f\u00e4ster bilbarnstolen f\u00f6r hundar i bilbarnstolen, vilket f\u00f6rhindrar att den vinglar eller glider. Dessutom har buren en robust struktur och f\u00f6rst\u00e4rkta kanter f\u00f6r att ge extra st\u00f6d och stabilitet.<\/li>\n<li><strong>3-i-1 hundbilsits:<\/strong> V\u00e5r hundb\u00e4ltesstol f\u00f6r bil \u00e4r inte bara l\u00e4mplig f\u00f6r anv\u00e4ndning i bilen utan fungerar \u00e4ven som en b\u00e4rbar resebur f\u00f6r husdjur, hundb\u00e4dd i bilen och campingmatta f\u00f6r hundar, vilket tillgodoser olika behov och anv\u00e4ndningsomr\u00e5den. Dess multifunktionella design g\u00f6r att husdjur kan uppleva sin v\u00e4lbekanta doft, vilket ger en k\u00e4nsla av trygghet och f\u00f6rtrogenhet. Oavsett om det \u00e4r i bilen, utomhus eller inomhus, erbjuder v\u00e5r bur en bekv\u00e4m plats f\u00f6r husdjur att vila och sova.<\/li>\n<li><strong>Bekv\u00e4mt och andningsbart material:<\/strong> V\u00e5r bilbarnstol f\u00f6r sm\u00e5 hundar \u00e4r tillverkad av andningsbart, fuktbest\u00e4ndigt och slitstarkt Oxford-tyg, vilket garanterar komfort och ventilation f\u00f6r ditt husdjur. Den har en inv\u00e4ndig fuktbest\u00e4ndig vaddering och \u00e4r fylld med h\u00f6gkvalitativ PP-bomull f\u00f6r extra mjukhet och komfort. Den slitstarka prestandan g\u00f6r att hundb\u00e4ltesstolen t\u00e5l l\u00e5ngvarigt slitage vid daglig anv\u00e4ndning och f\u00f6rl\u00e4nger dess livsl\u00e4ngd.<\/li>\n<li><strong>L\u00e4tt att installera:<\/strong> V\u00e5ra bilbarnstolar f\u00f6r sm\u00e5 hundar har en anv\u00e4ndarv\u00e4nlig installationsmetod som g\u00f6r dem snabba och enkla att installera och ta bort. Inga komplicerade steg eller verktyg kr\u00e4vs \u2013 bara n\u00e5gra f\u00e5 enkla \u00e5tg\u00e4rder f\u00f6r att f\u00e4sta valpbilbarnstolen ordentligt i bilbarnstolen, vilket sparar tid och anstr\u00e4ngning.<\/li>\n<li><strong>L\u00e4tt att reng\u00f6ra:<\/strong> Reng\u00f6ringen \u00e4r enkel. Torka bara av ytan och l\u00e5t lufttorka, eller anv\u00e4nd luddf\u00e5ngaren p\u00e5 eventuella fl\u00e4ckar. Observera att maskintv\u00e4tt inte rekommenderas. Denna design sparar tid och anstr\u00e4ngning samtidigt som den s\u00e4kerst\u00e4ller en snygg milj\u00f6 f\u00f6r husdjur.<\/li>\n<\/ul>","protected":false},"featured_media":3800,"comment_status":"open","ping_status":"closed","template":"","meta":[],"product_brand":[],"product_cat":[227],"product_tag":[],"class_list":{"0":"post-3808","1":"product","2":"type-product","3":"status-publish","4":"has-post-thumbnail","6":"product_cat-pet-supplies","8":"first","9":"instock","10":"shipping-taxable","11":"purchasable","12":"product-type-simple"},"_links":{"self":[{"href":"https:\/\/www.largepillow.com\/sv\/wp-json\/wp\/v2\/product\/3808","targetHints":{"allow":["GET"]}}],"collection":[{"href":"https:\/\/www.largepillow.com\/sv\/wp-json\/wp\/v2\/product"}],"about":[{"href":"https:\/\/www.largepillow.com\/sv\/wp-json\/wp\/v2\/types\/product"}],"replies":[{"embeddable":true,"href":"https:\/\/www.largepillow.com\/sv\/wp-json\/wp\/v2\/comments?post=3808"}],"wp:featuredmedia":[{"embeddable":true,"href":"https:\/\/www.largepillow.com\/sv\/wp-json\/wp\/v2\/media\/3800"}],"wp:attachment":[{"href":"https:\/\/www.largepillow.com\/sv\/wp-json\/wp\/v2\/media?parent=3808"}],"wp:term":[{"taxonomy":"product_brand","embeddable":true,"href":"https:\/\/www.largepillow.com\/sv\/wp-json\/wp\/v2\/product_brand?post=3808"},{"taxonomy":"product_cat","embeddable":true,"href":"https:\/\/www.largepillow.com\/sv\/wp-json\/wp\/v2\/product_cat?post=3808"},{"taxonomy":"product_tag","embeddable":true,"href":"https:\/\/www.largepillow.com\/sv\/wp-json\/wp\/v2\/product_tag?post=3808"}],"curies":[{"name":"wp","href":"https:\/\/api.w.org\/{rel}","templated":true}]}}