{"id":3816,"date":"2024-09-04T02:42:30","date_gmt":"2024-09-04T02:42:30","guid":{"rendered":"https:\/\/www.largepillow.com\/product\/office-chair-back-support-ergonomic-lumbar-pillow-3d-mesh"},"modified":"2025-03-15T17:25:00","modified_gmt":"2025-03-15T17:25:00","slug":"kontorsstol-ryggstod-ergonomisk-landryggskudde-3d-nat","status":"publish","type":"product","link":"https:\/\/www.largepillow.com\/sv\/product\/office-chair-back-support-ergonomic-lumbar-pillow-3d-mesh\/","title":{"rendered":"Ryggst\u00f6d f\u00f6r kontorsstol, ergonomisk l\u00e4ndryggskudde, 3D-n\u00e4t"},"content":{"rendered":"[zc_getpagecontent mb=&#8221;mb_aplus&#8221; apid=&#8221;83&#8243;]\n","protected":false},"excerpt":{"rendered":"<ul>\n<li><strong>Kvalitetsmaterial:<\/strong> Ryggdynan till kontorsstolen \u00e4r tillverkad av luftlagertyg och fylld med PP-bomull, vilket \u00e4r andningsbart, mjukt och bekv\u00e4mt, tjockt och fylligt, och inte l\u00e4tt att deformera. Denna kudde kan h\u00e5lla luftcirkulationen bra, h\u00e5lla ryggen sval och bekv\u00e4m hela tiden, och ge bra st\u00f6d f\u00f6r ryggen.<\/li>\n<li><strong>Ergonomisk design f\u00f6r ryggst\u00f6d:<\/strong>\u00a0Svankst\u00f6dskudden \u00e4r ergonomiskt utformad f\u00f6r att lindra sm\u00e4rta eller sp\u00e4ndhet i \u00f6vre, mellersta och nedre delen av ryggen, ge bekv\u00e4mt st\u00f6d f\u00f6r en h\u00e4lsosam sittst\u00e4llning och minska trycket p\u00e5 ryggraden. Om du sitter l\u00e4nge i en kontorsstol, spelstol, skrivbordsstol eller datorstol, eller k\u00f6r bil eller lastbil, kommer denna ryggst\u00f6dskudde att hj\u00e4lpa dig mycket.<\/li>\n<li><strong>St\u00f6djer hela ryggen:<\/strong> Svankst\u00f6dskudden m\u00e4ter 59,6 cm x 33,8 cm i h\u00f6jd och bredd. De bredare och tjockare sidorna omsluter hela midjan och ryggen och st\u00f6der din skinka. Den centrala utbuktningen passar perfekt in i ryggens naturliga kurva och ger extra st\u00f6d f\u00f6r ryggraden. Den ergonomiskt utformade l\u00e4ndryggskudden lindrar effektivt ryggsm\u00e4rtor och f\u00f6rb\u00e4ttrar din sittst\u00e4llning.<\/li>\n<li><strong>Justerbar remdesign:<\/strong> V\u00e5rt ortopediska ryggst\u00f6d med justerbar elastisk rem s\u00e4kerst\u00e4ller att ryggkuddarna sitter kvar p\u00e5 sitsen utan att glida. Ryggkudden har en designad kurva och en 3D-midjeomslutande form f\u00f6r att ge kontinuerligt st\u00f6d. Den justerbara remmen g\u00f6r att ryggst\u00f6det passar perfekt p\u00e5 n\u00e4stan alla kontorsstolar, datorstolar, f\u00e5t\u00f6ljer, soffor, bilbarnstolar, lastbilar, rullstolar eller vilf\u00e5t\u00f6ljer.<\/li>\n<li><strong>Skydda din h\u00e4lsa:<\/strong> Med v\u00e5r l\u00e4ndryggskudde kan du b\u00e4ttre skydda din ryggrad, ryggst\u00f6det f\u00f6r skrivbordsstolen hj\u00e4lper till att lindra sp\u00e4nningar i nedre och mellersta ryggen orsakade av l\u00e5ngvarigt sittande eller bilk\u00f6rning. Om du ofta upplever ryggsm\u00e4rtor av att sitta l\u00e4nge b\u00f6r du definitivt prova en ryggkudde till kontorsstolen.<\/li>\n<\/ul>","protected":false},"featured_media":3809,"comment_status":"open","ping_status":"closed","template":"","meta":[],"product_brand":[],"product_cat":[228],"product_tag":[],"class_list":{"0":"post-3816","1":"product","2":"type-product","3":"status-publish","4":"has-post-thumbnail","6":"product_cat-cushions","8":"first","9":"outofstock","10":"shipping-taxable","11":"purchasable","12":"product-type-simple"},"_links":{"self":[{"href":"https:\/\/www.largepillow.com\/sv\/wp-json\/wp\/v2\/product\/3816","targetHints":{"allow":["GET"]}}],"collection":[{"href":"https:\/\/www.largepillow.com\/sv\/wp-json\/wp\/v2\/product"}],"about":[{"href":"https:\/\/www.largepillow.com\/sv\/wp-json\/wp\/v2\/types\/product"}],"replies":[{"embeddable":true,"href":"https:\/\/www.largepillow.com\/sv\/wp-json\/wp\/v2\/comments?post=3816"}],"wp:featuredmedia":[{"embeddable":true,"href":"https:\/\/www.largepillow.com\/sv\/wp-json\/wp\/v2\/media\/3809"}],"wp:attachment":[{"href":"https:\/\/www.largepillow.com\/sv\/wp-json\/wp\/v2\/media?parent=3816"}],"wp:term":[{"taxonomy":"product_brand","embeddable":true,"href":"https:\/\/www.largepillow.com\/sv\/wp-json\/wp\/v2\/product_brand?post=3816"},{"taxonomy":"product_cat","embeddable":true,"href":"https:\/\/www.largepillow.com\/sv\/wp-json\/wp\/v2\/product_cat?post=3816"},{"taxonomy":"product_tag","embeddable":true,"href":"https:\/\/www.largepillow.com\/sv\/wp-json\/wp\/v2\/product_tag?post=3816"}],"curies":[{"name":"wp","href":"https:\/\/api.w.org\/{rel}","templated":true}]}}