{"id":3932,"date":"2024-09-05T03:31:25","date_gmt":"2024-09-05T03:31:25","guid":{"rendered":"https:\/\/www.largepillow.com\/product\/denim-reading-pillow-with-arms-for-adult-back-lumbar-support"},"modified":"2024-10-03T16:31:24","modified_gmt":"2024-10-03T16:31:24","slug":"denimlaskudde-med-armstod-for-landryggsstod-for-vuxna","status":"publish","type":"product","link":"https:\/\/www.largepillow.com\/sv\/product\/denim-reading-pillow-with-arms-for-adult-back-lumbar-support","title":{"rendered":"Deniml\u00e4skudde med armar f\u00f6r vuxna \u2013 st\u00f6d f\u00f6r l\u00e4ndryggen"},"content":{"rendered":"[zc_getpagecontent mb=&#8221;mb_aplus&#8221; apid=&#8221;92&#8243;]\n","protected":false},"excerpt":{"rendered":"<ul>\n<li>Jeanstyg: Tillverkat av polyester-bomull, f\u00f6rtv\u00e4ttat, garnf\u00e4rgat denimtyg, bekv\u00e4mt och slitstarkt, med kontrasterande dubbeln\u00e5lss\u00f6mmar, vilket ger en elegant och modern vintage-look. L\u00e4mplig f\u00f6r soffa, s\u00e4ng, hem, kontor, sovsal. Tv\u00e4ttat denimtyg i kombination med brunt vattent\u00e4tt konstl\u00e4der och mockaknappar ger en modern atmosf\u00e4r, vilket g\u00f6r det mer l\u00e4mpligt f\u00f6r olika inredningsstilar.<\/li>\n<li>Storlek: Kudden \u00e4r 56 cm h\u00f6g och 89 cm bred, vilket ger ett stadigt och gott st\u00f6d f\u00f6r ryggen. Varje armst\u00f6d \u00e4r 19 cm tjockt f\u00f6r att st\u00f6dja axlar och nacke, lindra muskelsp\u00e4nningar och slappna av kroppen. Vikt: 2,9 kg. Tv\u00e4tt: Maskintv\u00e4ttas i kallt vatten separat f\u00f6r enkel sk\u00f6tsel.<\/li>\n<li>Dragkedjor: Kuddfodralet har en f\u00e4rgmatchande osynlig dragkedja undertill, f\u00f6r ett elegant utseende, enkel is\u00e4ttning och tv\u00e4tt. Dubbelt skydd f\u00f6r \u00f6rngott och foder, \u00f6ppna bara dragkedjan p\u00e5 innerfodret f\u00f6r att justera fyllningen f\u00f6r en personlig komfortniv\u00e5 och omf\u00f6rdela den efter behov f\u00f6r riktat st\u00f6d. Om du beh\u00f6ver extra fyllning tillhandah\u00e5ller vi g\u00e4rna ytterligare pp-bomull.<\/li>\n<li>L\u00e4skudden med det robusta armst\u00f6det ger ett visst st\u00f6d i armb\u00e5gspositionen. Det mjuka och tjocka ryggst\u00f6det har l\u00e5ngvarig elasticitet, 2 dekorativa knappar, f\u00f6rst\u00e4rkta s\u00f6mmar och kantband ger ett komplett och fylligt utseende f\u00f6r en mer ergonomisk ryggavslappningskurva. V\u00e5r l\u00e4skudde \u00e4r inte bara bekv\u00e4m och s\u00f6t, utan har ocks\u00e5 en ljus och f\u00e4rgglad design som kommer att ge en f\u00e4rgklick till vilket rum som helst.<\/li>\n<li>Packa upp, njut: Ryggkudden f\u00f6r uppr\u00e4tt sittande i s\u00e4ngen komprimeras under transporten. Packa bara upp den och l\u00e5t den str\u00e4cka sig i 24\u201348 timmar.<\/li>\n<\/ul>","protected":false},"featured_media":3923,"comment_status":"open","ping_status":"closed","template":"","meta":[],"product_brand":[],"product_cat":[228],"product_tag":[],"class_list":{"0":"post-3932","1":"product","2":"type-product","3":"status-publish","4":"has-post-thumbnail","6":"product_cat-cushions","8":"first","9":"outofstock","10":"shipping-taxable","11":"purchasable","12":"product-type-simple"},"_links":{"self":[{"href":"https:\/\/www.largepillow.com\/sv\/wp-json\/wp\/v2\/product\/3932","targetHints":{"allow":["GET"]}}],"collection":[{"href":"https:\/\/www.largepillow.com\/sv\/wp-json\/wp\/v2\/product"}],"about":[{"href":"https:\/\/www.largepillow.com\/sv\/wp-json\/wp\/v2\/types\/product"}],"replies":[{"embeddable":true,"href":"https:\/\/www.largepillow.com\/sv\/wp-json\/wp\/v2\/comments?post=3932"}],"wp:featuredmedia":[{"embeddable":true,"href":"https:\/\/www.largepillow.com\/sv\/wp-json\/wp\/v2\/media\/3923"}],"wp:attachment":[{"href":"https:\/\/www.largepillow.com\/sv\/wp-json\/wp\/v2\/media?parent=3932"}],"wp:term":[{"taxonomy":"product_brand","embeddable":true,"href":"https:\/\/www.largepillow.com\/sv\/wp-json\/wp\/v2\/product_brand?post=3932"},{"taxonomy":"product_cat","embeddable":true,"href":"https:\/\/www.largepillow.com\/sv\/wp-json\/wp\/v2\/product_cat?post=3932"},{"taxonomy":"product_tag","embeddable":true,"href":"https:\/\/www.largepillow.com\/sv\/wp-json\/wp\/v2\/product_tag?post=3932"}],"curies":[{"name":"wp","href":"https:\/\/api.w.org\/{rel}","templated":true}]}}