{"id":4064,"date":"2024-09-06T01:40:07","date_gmt":"2024-09-06T01:40:07","guid":{"rendered":"https:\/\/www.largepillow.com\/product\/large-wedge-reading-pillow-for-bed-daybed-bolster-backrest-pink"},"modified":"2025-11-30T11:11:37","modified_gmt":"2025-11-30T11:11:37","slug":"large-wedge-reading-pillow-for-bed-daybed-bolster-backrest-pink","status":"publish","type":"product","link":"https:\/\/www.largepillow.com\/sv\/product\/large-wedge-reading-pillow-for-bed-daybed-bolster-backrest-pink","title":{"rendered":"Stor kill\u00e4skudde f\u00f6r s\u00e4ng, dagb\u00e4dd, ryggst\u00f6d, rosa"},"content":{"rendered":"","protected":false},"excerpt":{"rendered":"<ul>\n<li>Ultimat komfort: Denna extra stora huvudgavelkudde erbjuder utm\u00e4rkt komfort tack vare sin triangul\u00e4ra design. S\u00e4ngst\u00f6dskudden passar perfekt mot rygg och rygg, vilket minimerar trycket mot l\u00e4ndryggen. Denna kilformade l\u00e4skudden kan hj\u00e4lpa dig att h\u00e5lla dig sp\u00e4nningsfri i s\u00e4ngen eller soffan, vilket \u00e4r perfekt f\u00f6r arbetande nattugglor, bokmalar och f\u00f6r att titta p\u00e5 TV i s\u00e4ngen. Denna extra stora bolsterkudden \u00e4r den enda kilformade huvudgavelkudden som rymmer tv\u00e5 personer.<\/li>\n<li>3-i-1 stor kudde med st\u00f6d f\u00f6r rygggaveln: Du kan anv\u00e4nda kudden st\u00e5ende som en kudde f\u00f6r rygggaveln n\u00e4r du sitter i s\u00e4ngen eller l\u00e4gga den platt p\u00e5 s\u00e4ngen f\u00f6r att anv\u00e4nda den som en stor kilformad kudde n\u00e4r du sover p\u00e5 rygg eller sida, eller som en benkudde f\u00f6r att lyfta upp benen. Om du vill ha en kudde med st\u00f6d f\u00f6r s\u00e4nggaveln som ger st\u00f6d f\u00f6r b\u00e5de dig och din partner \u00e4r det ett utm\u00e4rkt alternativ.<\/li>\n<li>Multifunktionell design: Vissa anv\u00e4nder den stora triangul\u00e4ra kudden som en kudde f\u00f6r huvudgaveln, medan andra anv\u00e4nder den som en st\u00f6td\u00e4mpande kudde, den kan ocks\u00e5 fungera som en ryggst\u00f6dskudde till soffan eller dagb\u00e4dden. Den \u00e4r b\u00e5de snygg och funktionell, vilket g\u00f6r den till ett utm\u00e4rkt tillskott till alla sovrum.<\/li>\n<li>\u00d6verl\u00e4gset hantverk: \u00d6rngottet har manchesterlook och \u00e4r tillverkat av 100% polyester. V\u00e5r huvudgavelkudde \u00e4r andningsbar och bekv\u00e4m nog att h\u00e5lla formen och inte f\u00f6rlora formen med tiden. En sidoficka p\u00e5 varje sida l\u00e5ter dig f\u00f6rvara din bok eller telefon.<\/li>\n<li>L\u00e4tt att tv\u00e4tta: L\u00e4s\u00f6verdraget f\u00e4sts p\u00e5 kudden med knappar och \u00e4r enkelt att ta bort med en enkel dragkedja. Detta g\u00f6r reng\u00f6ringen problemfri. Ta bara bort \u00f6verdraget och tv\u00e4tta snabbt i maskin f\u00f6r att f\u00e5 din kudde att se ut som ny.<\/li>\n<li><strong>Storlek:<\/strong> 60 cm (60*20*50 cm, 2 knappar), 80 cm (80*20*50 cm, 2 knappar), 100 cm (100*20*50 cm, 3 knappar), 120 cm (120*20*50 cm, 4 knappar), 140 cm (140*20*50 cm, 4 knappar), 160 cm (160*20*50 cm, 5 knappar), 180 cm (180*20*50 cm, 6 knappar), 200 cm (200*20*50 cm, 7 knappar)<\/li>\n<\/ul>","protected":false},"featured_media":4048,"comment_status":"open","ping_status":"closed","template":"","meta":[],"product_brand":[],"product_cat":[15],"product_tag":[],"class_list":{"0":"post-4064","1":"product","2":"type-product","3":"status-publish","4":"has-post-thumbnail","6":"product_cat-large-wedge-pillow","8":"first","9":"instock","10":"shipping-taxable","11":"purchasable","12":"product-type-variable","13":"has-default-attributes"},"_links":{"self":[{"href":"https:\/\/www.largepillow.com\/sv\/wp-json\/wp\/v2\/product\/4064","targetHints":{"allow":["GET"]}}],"collection":[{"href":"https:\/\/www.largepillow.com\/sv\/wp-json\/wp\/v2\/product"}],"about":[{"href":"https:\/\/www.largepillow.com\/sv\/wp-json\/wp\/v2\/types\/product"}],"replies":[{"embeddable":true,"href":"https:\/\/www.largepillow.com\/sv\/wp-json\/wp\/v2\/comments?post=4064"}],"wp:featuredmedia":[{"embeddable":true,"href":"https:\/\/www.largepillow.com\/sv\/wp-json\/wp\/v2\/media\/4048"}],"wp:attachment":[{"href":"https:\/\/www.largepillow.com\/sv\/wp-json\/wp\/v2\/media?parent=4064"}],"wp:term":[{"taxonomy":"product_brand","embeddable":true,"href":"https:\/\/www.largepillow.com\/sv\/wp-json\/wp\/v2\/product_brand?post=4064"},{"taxonomy":"product_cat","embeddable":true,"href":"https:\/\/www.largepillow.com\/sv\/wp-json\/wp\/v2\/product_cat?post=4064"},{"taxonomy":"product_tag","embeddable":true,"href":"https:\/\/www.largepillow.com\/sv\/wp-json\/wp\/v2\/product_tag?post=4064"}],"curies":[{"name":"wp","href":"https:\/\/api.w.org\/{rel}","templated":true}]}}