{"id":4147,"date":"2024-09-12T01:06:17","date_gmt":"2024-09-12T01:06:17","guid":{"rendered":"https:\/\/www.largepillow.com\/product\/anxiety-relief-dog-cat-bed-for-smallmedium-pets-cozy-washable"},"modified":"2025-01-30T21:58:42","modified_gmt":"2025-01-30T21:58:42","slug":"angestlindrande-hund-och-kattbadd-for-sma-och-medelstora-husdjur-mysig-och-tvattbar","status":"publish","type":"product","link":"https:\/\/www.largepillow.com\/sv\/product\/anxiety-relief-dog-cat-bed-for-smallmedium-pets-cozy-washable","title":{"rendered":"\u00c5ngestlindrande hund- och kattb\u00e4dd f\u00f6r sm\u00e5\/medelstora husdjur \u2013 mysig, tv\u00e4ttbar"},"content":{"rendered":"<p>Letar du efter en mysig och bekv\u00e4m s\u00e4ng till din p\u00e4lskling? Denna lugnande kramgrotta kan vara precis vad du beh\u00f6ver! Kapselformen \u00e4r perfekt f\u00f6r husdjur som \u00e4lskar att krypa ihop sig och k\u00e4nna sig omgivna, och den supermjuka fyllningen ger en varm och bekv\u00e4m plats f\u00f6r dem att vila.<\/p>\n<p>Denna \u00e5ngestd\u00e4mpande hundb\u00e4dd \u00e4r utformad f\u00f6r att ditt husdjur ska k\u00e4nna sig tryggt och s\u00e4kert. Den upph\u00f6jda kanten ger st\u00f6d f\u00f6r huvud och nacke, vilket kan fr\u00e4mja djupare s\u00f6mn. Oavsett om ditt husdjur \u00e4r en katt eller en liten hund, erbjuder denna hundb\u00e4dd en trygg och mysig plats f\u00f6r dem att sova.<\/p>\n<p>Hundb\u00e4dden \u00e4r tillverkad av mjukt och giftfritt tyg och fylld med mjuk polyesterfiber PP-bomull som h\u00e5ller formen och ger en varm och mysig k\u00e4nsla. Materialet \u00e4r perfekt f\u00f6r valpens hud och kan hj\u00e4lpa ditt husdjur att sova bekv\u00e4mt. Dessutom \u00e4r det tillr\u00e4ckligt h\u00e5llbart f\u00f6r att beh\u00e5lla sin ursprungliga form under l\u00e5ng tid.<\/p>\n<p>Den halkfria botten s\u00e4kerst\u00e4ller att det lugnande kramboet stannar p\u00e5 plats, s\u00e5 att ditt husdjur kan leka och vila s\u00e4kert. Denna funktion \u00e4r s\u00e4rskilt viktig f\u00f6r aktiva husdjur som gillar att r\u00f6ra p\u00e5 sig och hoppa p\u00e5 och av kattb\u00e4dden. Och n\u00e4r det \u00e4r dags f\u00f6r en st\u00e4dning kan du helt enkelt sl\u00e4nga den \u00e5ngestd\u00e4mpande kattb\u00e4dden i tv\u00e4ttmaskinen f\u00f6r enkel sk\u00f6tsel.<\/p>\n<p>Denna mysiga valpb\u00e4dd \u00e4r l\u00e4mplig f\u00f6r husdjur upp till 9 kg och \u00e4r idealisk f\u00f6r b\u00e5de inomhus- och utomhusbruk. Observera att b\u00e4dden kan vara vakuumf\u00f6rseglad under transport och kan beh\u00f6va fluffas upp lite f\u00f6re anv\u00e4ndning. Med sin bekv\u00e4ma och s\u00e4kra design kommer denna hundb\u00e4dd garanterat att bli ditt husdjurs nya favoritplats att koppla av och sova p\u00e5!<\/p>","protected":false},"excerpt":{"rendered":"<ul>\n<li><strong>Designfunktioner<\/strong>De lugnande hundb\u00e4ddarna \u00e4r utformade i en mysig kapselform med supermjuk fyllning som omger dina husdjur f\u00f6r att fr\u00e4mja en k\u00e4nsla av trygghet. Denna \u00e5ngestd\u00e4mpande hundb\u00e4dd erbjuder en trygg och bekv\u00e4m plats f\u00f6r din katt eller lilla hund att sova. Den upph\u00f6jda kanten ger st\u00f6d f\u00f6r huvud och nacke, vilket kan leda till djupare s\u00f6mn. Detta \u00e4r s\u00e4rskilt viktigt f\u00f6r hundar och katter, eftersom avslappning av deras kroppar kan bidra till att minska \u00e5ngest och stress.<\/li>\n<li><strong>H\u00f6gkvalitativt material<\/strong>V\u00e5r mysiga lilla hundb\u00e4dd \u00e4r tillverkad av mjukt, bekv\u00e4mt och hudv\u00e4nligt tyg. Den \u00e4r fylld med mjuk polyesterfiber PP-bomull, vilket h\u00e5ller ditt husdjur varmt och bekv\u00e4mt. Detta material \u00e4r perfekt f\u00f6r din valps hud och kan hj\u00e4lpa ditt husdjur att sova bekv\u00e4mt. Den har ett avtagbart och tv\u00e4ttbart \u00f6verdrag, vilket g\u00f6r den enkel att reng\u00f6ra och underh\u00e5lla. Hundb\u00e4ddens struktur \u00e4r utformad f\u00f6r att beh\u00e5lla sin form, vilket s\u00e4kerst\u00e4ller ditt husdjurs komfort \u00f6ver tid.<\/li>\n<li><strong>Halkfri botten<\/strong>V\u00e5r lugnande kattb\u00e4dd \u00e4r utformad med en kapselform f\u00f6r medelstora och sm\u00e5 hundar, med en halkfri botten och en andningsbar mjuk valpb\u00e4dd som \u00e4r h\u00e5llbar och lugnande. Den halkfria designen i botten av den fluffiga hundb\u00e4dden ger b\u00e4ttre stabilitet, s\u00e5 att din hund kan leka och vila s\u00e4kert i den lugnande hundb\u00e4dden.<\/li>\n<li><strong>Optimera ditt bostadsutrymme<\/strong>Dess kompakta storlek g\u00f6r att den kan placeras i alla rum, inklusive sm\u00e5 utrymmen som h\u00f6rn och s\u00e4ngplatser, och \u00e4r s\u00e4rskilt l\u00e4mplig f\u00f6r husdjur som gillar att krypa ihop sig. Oavsett om du bor i en liten l\u00e4genhet eller ett rymligt hus, ger denna kattkudds\u00e4ng ditt husdjur komfort och trygghet samtidigt som den optimerar ditt bostadsutrymme.<\/li>\n<li><strong>SM\u00c5 TIPS<\/strong>Storleken p\u00e5 den \u00e5ngestd\u00e4mpande kattb\u00e4dden \u00e4r 76*46*32 cm, denna hundb\u00e4dd \u00e4r perfekt f\u00f6r sm\u00e5, medelstora hundar och katter upp till 9 kg. Den \u00e4r idealisk f\u00f6r inomhus- och utomhusbruk. Hundb\u00e4dden kommer att vakuumf\u00f6rseglas under transport. Klappa, skaka och l\u00e5t den ligga i 1\u20132 dagar efter att du \u00f6ppnat f\u00f6rpackningen f\u00f6r att den ska bli fluffig igen efter att du mottagit den lugnande hundb\u00e4dden.<\/li>\n<\/ul>","protected":false},"featured_media":4131,"comment_status":"open","ping_status":"closed","template":"","meta":[],"product_brand":[],"product_cat":[227],"product_tag":[],"class_list":{"0":"post-4147","1":"product","2":"type-product","3":"status-publish","4":"has-post-thumbnail","6":"product_cat-pet-supplies","8":"first","9":"instock","10":"shipping-taxable","11":"purchasable","12":"product-type-simple"},"_links":{"self":[{"href":"https:\/\/www.largepillow.com\/sv\/wp-json\/wp\/v2\/product\/4147","targetHints":{"allow":["GET"]}}],"collection":[{"href":"https:\/\/www.largepillow.com\/sv\/wp-json\/wp\/v2\/product"}],"about":[{"href":"https:\/\/www.largepillow.com\/sv\/wp-json\/wp\/v2\/types\/product"}],"replies":[{"embeddable":true,"href":"https:\/\/www.largepillow.com\/sv\/wp-json\/wp\/v2\/comments?post=4147"}],"wp:featuredmedia":[{"embeddable":true,"href":"https:\/\/www.largepillow.com\/sv\/wp-json\/wp\/v2\/media\/4131"}],"wp:attachment":[{"href":"https:\/\/www.largepillow.com\/sv\/wp-json\/wp\/v2\/media?parent=4147"}],"wp:term":[{"taxonomy":"product_brand","embeddable":true,"href":"https:\/\/www.largepillow.com\/sv\/wp-json\/wp\/v2\/product_brand?post=4147"},{"taxonomy":"product_cat","embeddable":true,"href":"https:\/\/www.largepillow.com\/sv\/wp-json\/wp\/v2\/product_cat?post=4147"},{"taxonomy":"product_tag","embeddable":true,"href":"https:\/\/www.largepillow.com\/sv\/wp-json\/wp\/v2\/product_tag?post=4147"}],"curies":[{"name":"wp","href":"https:\/\/api.w.org\/{rel}","templated":true}]}}