{"id":4160,"date":"2024-09-12T03:12:48","date_gmt":"2024-09-12T03:12:48","guid":{"rendered":"https:\/\/www.largepillow.com\/product\/headboard-pillow-white-plush-large-wedge-reading-pillow"},"modified":"2025-08-27T10:53:28","modified_gmt":"2025-08-27T10:53:28","slug":"huvudgavelkudde-vit-plysch-stor-killaskudde","status":"publish","type":"product","link":"https:\/\/www.largepillow.com\/sv\/product\/headboard-pillow-white-plush-large-wedge-reading-pillow","title":{"rendered":"Kudde f\u00f6r huvudgavel i vit plysch med stor kilformad l\u00e4skudde"},"content":{"rendered":"","protected":false},"excerpt":{"rendered":"<ul>\n<li><strong>MULTIFUNKTIONALITET:<\/strong> Mer \u00e4n bara en kudde f\u00f6r huvudgaveln, v\u00e5r kilformade s\u00e4ngkudde har en m\u00e4ngd olika anv\u00e4ndningsomr\u00e5den och kan anv\u00e4ndas som ett idealiskt hj\u00e4lpmedel f\u00f6r ryggst\u00f6d, benlyft, l\u00e4sning, TV-tittande och m\u00e5nga andra positioner f\u00f6r att m\u00f6ta dina m\u00e5nga behov.<\/li>\n<li><strong>ERGONOMISK DESIGN:<\/strong> intim v\u00e5rd, ergonomisk uppfinningsrikedom. Ger dig det mest bekv\u00e4ma st\u00f6det, minskar trycket p\u00e5 hals- och l\u00e4ndkotorna, och njuter av varje \u00f6gonblick av komfort och mysighet.<\/li>\n<li><strong>KOMFORTABILITET:<\/strong> Den stora triangul\u00e4ra kilkudden \u00e4r tillverkad av h\u00f6gkvalitativa material och har en delikat bearbetningsteknik f\u00f6r att s\u00e4kerst\u00e4lla mjukheten och komforten hos kilkudden, s\u00e5 att du kan njuta av en intim passform, en varm och bekv\u00e4m k\u00e4nsla.<\/li>\n<li><strong>MATERIAL:<\/strong> Ryggkuddarna till dagb\u00e4dden \u00e4r tillverkade av h\u00f6gkvalitativa tyger, mjuka och hudv\u00e4nliga, skrynkelbest\u00e4ndiga och slitstarka, vilket ger dig en bekv\u00e4m k\u00e4nsla och utm\u00e4rkt andningsf\u00f6rm\u00e5ga, vilket h\u00e5ller dig torr och bekv\u00e4m.<\/li>\n<li><strong>L\u00c4TT ATT RENG\u00d6RA:<\/strong> Kilkudden har avtagbart och tv\u00e4ttbart \u00f6verdrag f\u00f6r enkel sk\u00f6tsel, s\u00e5 att du alltid har en fr\u00e4sch och st\u00e4dad vilomilj\u00f6.<\/li>\n<li><strong>Storlek:<\/strong> 60 cm (60*20*50 cm), 80 cm (80*20*50 cm), 100 cm (100*20*50 cm), 120 cm (120*20*50 cm), 140 cm (140*20*50 cm), 160 cm (160*20*50 cm), 180 cm (180*20*50 cm), 200 cm (200*20*50 cm)<\/li>\n<\/ul>","protected":false},"featured_media":4148,"comment_status":"open","ping_status":"closed","template":"","meta":[],"product_brand":[],"product_cat":[15],"product_tag":[],"class_list":{"0":"post-4160","1":"product","2":"type-product","3":"status-publish","4":"has-post-thumbnail","6":"product_cat-large-wedge-pillow","8":"first","9":"instock","10":"shipping-taxable","11":"purchasable","12":"product-type-variable","13":"has-default-attributes"},"_links":{"self":[{"href":"https:\/\/www.largepillow.com\/sv\/wp-json\/wp\/v2\/product\/4160","targetHints":{"allow":["GET"]}}],"collection":[{"href":"https:\/\/www.largepillow.com\/sv\/wp-json\/wp\/v2\/product"}],"about":[{"href":"https:\/\/www.largepillow.com\/sv\/wp-json\/wp\/v2\/types\/product"}],"replies":[{"embeddable":true,"href":"https:\/\/www.largepillow.com\/sv\/wp-json\/wp\/v2\/comments?post=4160"}],"wp:featuredmedia":[{"embeddable":true,"href":"https:\/\/www.largepillow.com\/sv\/wp-json\/wp\/v2\/media\/4148"}],"wp:attachment":[{"href":"https:\/\/www.largepillow.com\/sv\/wp-json\/wp\/v2\/media?parent=4160"}],"wp:term":[{"taxonomy":"product_brand","embeddable":true,"href":"https:\/\/www.largepillow.com\/sv\/wp-json\/wp\/v2\/product_brand?post=4160"},{"taxonomy":"product_cat","embeddable":true,"href":"https:\/\/www.largepillow.com\/sv\/wp-json\/wp\/v2\/product_cat?post=4160"},{"taxonomy":"product_tag","embeddable":true,"href":"https:\/\/www.largepillow.com\/sv\/wp-json\/wp\/v2\/product_tag?post=4160"}],"curies":[{"name":"wp","href":"https:\/\/api.w.org\/{rel}","templated":true}]}}