{"id":4182,"date":"2024-09-12T03:55:25","date_gmt":"2024-09-12T03:55:25","guid":{"rendered":"https:\/\/www.largepillow.com\/product\/triangular-headboard-pillow-for-sleeping-with-side-pocket"},"modified":"2024-10-03T16:31:33","modified_gmt":"2024-10-03T16:31:33","slug":"triangular-huvudgavelkudde-for-att-sova-med-sidoficka","status":"publish","type":"product","link":"https:\/\/www.largepillow.com\/sv\/product\/triangular-headboard-pillow-for-sleeping-with-side-pocket","title":{"rendered":"Triangul\u00e4r huvudgavelkudde f\u00f6r att sova med sidoficka"},"content":{"rendered":"","protected":false},"excerpt":{"rendered":"<ul>\n<li><strong>H\u00f6gkvalitativt hantverk:<\/strong> F\u00f6r att f\u00e5 ryggkuddarna att se mer perfekta och harmoniska ut valde designern en dekorativ knapp i samma f\u00e4rg som kuddfodralet. Kuddfodralet \u00e4r sl\u00e4tt och slitstarkt, och kilkudden \u00e4r mjuk och elastisk. Det finns en dragkedja i botten, och bomullsfyllningen \u00e4r packad i ett lager av vaddering. PP-bomull kan l\u00e4ggas till eller minskas efter eget tycke under anv\u00e4ndning.<\/li>\n<li><strong>Material:<\/strong> M\u00f6nstrat kilformat \u00f6rngott tillverkat av 100% bomull. Fyllningen \u00e4r tillverkad av polyesterfiber (PP-bomull). Mjukt vid ber\u00f6ring, f\u00e4rgat p\u00e5 ett milj\u00f6v\u00e4nligt s\u00e4tt, noppfritt och bleknar inte. Delikata tryck dekorerar inomhusmilj\u00f6n b\u00e4ttre.<\/li>\n<li><strong>Fungera:<\/strong>\u00a0V\u00e5ra funktionella st\u00f6dkuddar kan ge st\u00f6d \u00e5t din rygg n\u00e4r du arbetar eller l\u00e4ser, s\u00e5 att du inte k\u00e4nner dig s\u00e5 tr\u00f6tt. Ta bara med dem hem, s\u00e5 blir dina vanliga soffor och s\u00e4ngar mer f\u00f6rfinade. Dessutom kan v\u00e5r m\u00f6nstrade plyschiga huvudgavelkudde ge ett fr\u00e4scht och elegant utseende till vardagsrumsbalkonger och tr\u00e4dg\u00e5rdsstolar utomhus. Mobiltelefoner eller andra vardagliga n\u00f6dv\u00e4ndigheter kan f\u00f6rvaras i kuddarnas sidofickor.<\/li>\n<li><strong>Storlek:<\/strong> 60 cm (60*20*50 cm), 140 cm (140*20*50 cm), 180 cm (180*20*50 cm)<\/li>\n<li>Observera att knapparna inte \u00e4r avtagbara och \u00e4r ordentligt fastsydda i dynans k\u00e4rna. Det finns ett h\u00e5l under varje knapp som avsiktligt l\u00e4mnats kvar f\u00f6r att g\u00f6ra det l\u00e4ttare att ta bort dyn\u00f6verdraget.<\/li>\n<\/ul>","protected":false},"featured_media":4169,"comment_status":"open","ping_status":"closed","template":"","meta":[],"product_brand":[],"product_cat":[15],"product_tag":[],"class_list":{"0":"post-4182","1":"product","2":"type-product","3":"status-publish","4":"has-post-thumbnail","6":"product_cat-large-wedge-pillow","8":"first","9":"instock","10":"shipping-taxable","11":"purchasable","12":"product-type-variable","13":"has-default-attributes"},"_links":{"self":[{"href":"https:\/\/www.largepillow.com\/sv\/wp-json\/wp\/v2\/product\/4182","targetHints":{"allow":["GET"]}}],"collection":[{"href":"https:\/\/www.largepillow.com\/sv\/wp-json\/wp\/v2\/product"}],"about":[{"href":"https:\/\/www.largepillow.com\/sv\/wp-json\/wp\/v2\/types\/product"}],"replies":[{"embeddable":true,"href":"https:\/\/www.largepillow.com\/sv\/wp-json\/wp\/v2\/comments?post=4182"}],"wp:featuredmedia":[{"embeddable":true,"href":"https:\/\/www.largepillow.com\/sv\/wp-json\/wp\/v2\/media\/4169"}],"wp:attachment":[{"href":"https:\/\/www.largepillow.com\/sv\/wp-json\/wp\/v2\/media?parent=4182"}],"wp:term":[{"taxonomy":"product_brand","embeddable":true,"href":"https:\/\/www.largepillow.com\/sv\/wp-json\/wp\/v2\/product_brand?post=4182"},{"taxonomy":"product_cat","embeddable":true,"href":"https:\/\/www.largepillow.com\/sv\/wp-json\/wp\/v2\/product_cat?post=4182"},{"taxonomy":"product_tag","embeddable":true,"href":"https:\/\/www.largepillow.com\/sv\/wp-json\/wp\/v2\/product_tag?post=4182"}],"curies":[{"name":"wp","href":"https:\/\/api.w.org\/{rel}","templated":true}]}}