{"id":4221,"date":"2024-09-13T00:46:56","date_gmt":"2024-09-13T00:46:56","guid":{"rendered":"https:\/\/www.largepillow.com\/product\/space-themed-backrest-cushion-for-kids-headboard-pillow-jupiter"},"modified":"2024-10-03T16:31:23","modified_gmt":"2024-10-03T16:31:23","slug":"ryggstodskudde-med-rymdtema-for-barn-huvudgavelkudde-jupiter","status":"publish","type":"product","link":"https:\/\/www.largepillow.com\/sv\/product\/space-themed-backrest-cushion-for-kids-headboard-pillow-jupiter\/","title":{"rendered":"Ryggst\u00f6dskudde med rymdtema f\u00f6r barn \u2013 Huvudgavelskudde (Jupiter)"},"content":{"rendered":"[zc_getpagecontent mb=&#8221;mb_aplus&#8221; apid=&#8221;90&#8243;]\n","protected":false},"excerpt":{"rendered":"<ul>\n<li><strong>Produktstorlek:<\/strong>\u00a0Vi har 3 typer av planetkuddar med ryggst\u00f6d tillg\u00e4ngliga: jorden, m\u00e5nen och Jupiter, med m\u00e5tten cirka 94 x 49 cm. Du kan v\u00e4lja utseendet p\u00e5 dina favoritkuddar som matchar ditt hum\u00f6r. Skapa ett dr\u00f6mlikt och fantasifullt sovrum med denna bed\u00e5rande planetkudd, designad f\u00f6r att inspirera ditt barns dr\u00f6mmar om rymdutforskning.<\/li>\n<li><strong>Mjuk och bekv\u00e4m:<\/strong>\u00a0Planet-l\u00e4skudden \u00e4r tillverkad av kort plyschtyg, mjukt och bekv\u00e4mt, och erbjuder en len, varm och mysig konsistens. Innermaterialet \u00e4r PP-bomull, mjukt och st\u00f6djande, den kan l\u00e4ggas p\u00e5 s\u00e4ngen eller soffan. Den ger din rygg tillr\u00e4ckligt st\u00f6d men f\u00f6rb\u00e4ttrar ocks\u00e5 h\u00e5llningen och lindrar mekanisk ryggsm\u00e4rta.<\/li>\n<li><strong>Livfull och naturtro design:<\/strong>\u00a0V\u00e5r kudde med huvudgaveln &quot;planeter&quot; har en dubbelsidig tryckt design med det fantastiska temat &quot;Yttre rymden, universum, galax och planet&quot;. Barn kan l\u00e4ra sig om varje planet med texturerade detaljer och j\u00e4mf\u00f6ra deras storlekar medan de slappar p\u00e5 mjuka kuddar som \u00e4r perfekta f\u00f6r fantasifull lek. Dessa coola dekorationer med rymden och galaxer ger en lite galaktisk atmosf\u00e4r till din galaxinredning. Skapa en unik astronaut-planet-inredning i sovrummet f\u00f6r pojkar och flickor.<\/li>\n<li><strong>M\u00e5ngsidig anv\u00e4ndning:<\/strong>\u00a0De 3D-simulerade planetformade ryggst\u00f6dskuddarna med livfullt dubbelsidigt tryckm\u00f6nster kan inte bara anv\u00e4ndas som en distinkt heminredning p\u00e5 golv, sovrum, soffa, vardagsrum och m\u00f6bler, utan ocks\u00e5 som en intressant kudde f\u00f6r din familj, vilket f\u00f6rb\u00e4ttrar utseendet p\u00e5 m\u00e5nga platser.<\/li>\n<li><strong>Dold dragkedja-design:<\/strong>\u00a0Varje \u00f6rngott med planetmotiv \u00e4r designat med en dold dragkedja, vilket ger ett s\u00f6ml\u00f6st och delikat utseende; Dessutom g\u00f6r det det enkelt att ta bort och s\u00e4tta i kuddar f\u00f6r reng\u00f6ring eller byte, detta \u00e4r en speciell magisk f\u00f6delsedagspresent till pojkar och flickor.<\/li>\n<\/ul>","protected":false},"featured_media":4213,"comment_status":"open","ping_status":"closed","template":"","meta":[],"product_brand":[],"product_cat":[228],"product_tag":[],"class_list":{"0":"post-4221","1":"product","2":"type-product","3":"status-publish","4":"has-post-thumbnail","6":"product_cat-cushions","8":"first","9":"instock","10":"shipping-taxable","11":"purchasable","12":"product-type-simple"},"_links":{"self":[{"href":"https:\/\/www.largepillow.com\/sv\/wp-json\/wp\/v2\/product\/4221","targetHints":{"allow":["GET"]}}],"collection":[{"href":"https:\/\/www.largepillow.com\/sv\/wp-json\/wp\/v2\/product"}],"about":[{"href":"https:\/\/www.largepillow.com\/sv\/wp-json\/wp\/v2\/types\/product"}],"replies":[{"embeddable":true,"href":"https:\/\/www.largepillow.com\/sv\/wp-json\/wp\/v2\/comments?post=4221"}],"wp:featuredmedia":[{"embeddable":true,"href":"https:\/\/www.largepillow.com\/sv\/wp-json\/wp\/v2\/media\/4213"}],"wp:attachment":[{"href":"https:\/\/www.largepillow.com\/sv\/wp-json\/wp\/v2\/media?parent=4221"}],"wp:term":[{"taxonomy":"product_brand","embeddable":true,"href":"https:\/\/www.largepillow.com\/sv\/wp-json\/wp\/v2\/product_brand?post=4221"},{"taxonomy":"product_cat","embeddable":true,"href":"https:\/\/www.largepillow.com\/sv\/wp-json\/wp\/v2\/product_cat?post=4221"},{"taxonomy":"product_tag","embeddable":true,"href":"https:\/\/www.largepillow.com\/sv\/wp-json\/wp\/v2\/product_tag?post=4221"}],"curies":[{"name":"wp","href":"https:\/\/api.w.org\/{rel}","templated":true}]}}