{"id":432,"date":"2022-09-16T01:26:03","date_gmt":"2022-09-16T01:26:03","guid":{"rendered":"https:\/\/www.largepillow.com\/product\/headboard-for-bed"},"modified":"2025-11-05T02:15:27","modified_gmt":"2025-11-05T02:15:27","slug":"stor-ryggstodskudde","status":"publish","type":"product","link":"https:\/\/www.largepillow.com\/sv\/product\/large-back-support-pillow\/","title":{"rendered":"Stor ryggst\u00f6dskudde"},"content":{"rendered":"<p>Den stora ryggst\u00f6dskudden \u2013 din ultimata l\u00f6sning f\u00f6r en mysig och bekv\u00e4m avkopplingsupplevelse! Denna huvudgavelskudde \u00e4r designad med en triangul\u00e4r form, vilket ger utm\u00e4rkt st\u00f6d f\u00f6r din rygg och midja, vilket minimerar trycket p\u00e5 l\u00e4ndryggen och ryggen. Oavsett om du \u00e4r en nattuggla som \u00e4lskar att arbeta i s\u00e4ngen, en bokmal som tycker om att l\u00e4sa i s\u00e4ngen eller n\u00e5gon som \u00e4lskar att titta p\u00e5 TV i s\u00e4ngen, kommer denna kilformade l\u00e4skudde att hj\u00e4lpa dig att h\u00e5lla dig avslappnad och stressfri.<\/p>\n<p>Denna stora bolsterkudden \u00e4r den enda kilformade huvudgavelkudden som rymmer tv\u00e5 personer, vilket g\u00f6r den perfekt f\u00f6r par som \u00e4lskar att mysa upp i s\u00e4ngen. Dess 3-i-1-design g\u00f6r att du kan anv\u00e4nda den som en ryggst\u00f6dskudde f\u00f6r huvudgaveln n\u00e4r du sitter i s\u00e4ngen, en stor kilformad kudde n\u00e4r du sover p\u00e5 rygg eller sida, eller en benkudde f\u00f6r att lyfta upp benen.<\/p>\n<p>Den multifunktionella designen hos denna stora triangul\u00e4ra kudde \u00e4r det som g\u00f6r den verkligt exceptionell. Du kan anv\u00e4nda den som en b\u00e4lteskudde, en ryggst\u00f6dskudde till soffan eller dagb\u00e4dden, eller till och med som en kudde till huvudgaveln. Den \u00e4r b\u00e5de snygg och funktionell, vilket g\u00f6r den till ett utm\u00e4rkt tillskott till alla sovrum.<\/p>\n<p>V\u00e5r stora ryggst\u00f6dskuddes \u00f6verl\u00e4gsna hantverksskicklighet \u00e5terspeglas i dess material och design. \u00d6rngottet \u00e4r tillverkat av 100% polyestersammet, som \u00e4r mjukt, elegant och bekv\u00e4mt att ta p\u00e5, och stoppningen \u00e4r tillverkad av h\u00f6gdensitets- och h\u00f6gkvalitativa polyesterfibrer, vilket f\u00f6rhindrar att det sjunker ihop \u00e4ven efter m\u00e5naders anv\u00e4ndning. Den har till och med sidofickor f\u00f6r att f\u00f6rvara din bok eller telefon.<\/p>\n<p>Att reng\u00f6ra denna l\u00e4skudden \u00e4r problemfritt. \u00d6verdraget f\u00e4sts p\u00e5 kudden med knappar och \u00e4r enkelt att ta bort med en enkel dragkedja. Ta bara bort \u00f6verdraget och tv\u00e4tta den snabbt i maskin f\u00f6r att f\u00e5 din kudde att se ut som ny.<\/p>\n<p>Finns i olika storlekar, fr\u00e5n 45 cm till 200 cm, s\u00e5 du kan v\u00e4lja den perfekta storleken som passar dina behov. Dessutom, med det stora utbudet av f\u00e4rger, kan du enkelt matcha den stora ryggst\u00f6dskudden till ditt sovrums f\u00e4rgschema.<\/p>\n<p>Kunder har lovordat v\u00e5r stora ryggst\u00f6dskudde, och vissa kallar den f\u00f6r det b\u00e4sta de har k\u00f6pt till sin s\u00e4ng. En kund sa: \u201dDen h\u00e4r kudden har gjort en enorm skillnad i mitt liv. Den ger utm\u00e4rkt st\u00f6d och jag \u00e4lskar hur den ser ut i mitt sovrum.\u201d En annan sa: \u201dMaterialet \u00e4r s\u00e5 mjukt och bekv\u00e4mt. Jag kan inte t\u00e4nka mig att sova utan den.\u201d<\/p>\n<p>Om du letar efter komfort, st\u00f6d och stil, beh\u00f6ver du inte leta l\u00e4ngre \u00e4n till den stora ryggst\u00f6dskudden. Prova den sj\u00e4lv och se vad allt st\u00e5hej handlar om!<\/p>","protected":false},"excerpt":{"rendered":"<ul>\n<li><strong>Ultimat komfort:<\/strong> Denna huvudgavelskudde erbjuder utm\u00e4rkt komfort tack vare sin triangul\u00e4ra form. S\u00e4ngst\u00f6dskudden passar perfekt mot rygg och rygg, vilket minimerar trycket p\u00e5 l\u00e4ndryggen. Denna kilformade l\u00e4skudden kan hj\u00e4lpa dig att h\u00e5lla dig sp\u00e4nningsfri i s\u00e4ngen eller soffan, vilket \u00e4r perfekt f\u00f6r arbetande nattugglor, bokmalar och f\u00f6r att titta p\u00e5 TV i s\u00e4ngen. Denna extra stora bolsterkudden \u00e4r den enda kilformade huvudgavelskudden som rymmer tv\u00e5 personer.<\/li>\n<li><strong>3-i-1 stor kudde:<\/strong> Du kan anv\u00e4nda kudden st\u00e5ende som en ryggst\u00f6dskudde f\u00f6r huvudgaveln n\u00e4r du sitter i s\u00e4ngen eller l\u00e4gga den platt p\u00e5 s\u00e4ngen f\u00f6r att anv\u00e4nda den som en stor kilformad kudde n\u00e4r du sover p\u00e5 rygg eller sida, eller som en benkudde f\u00f6r att h\u00f6ja benen. Om du vill ha en stor huvudgavelskudde som ger st\u00f6d f\u00f6r b\u00e5de dig och din partner \u00e4r det ett utm\u00e4rkt alternativ.<\/li>\n<li><strong>Multifunktionell design:<\/strong> Vissa anv\u00e4nder den stora triangul\u00e4ra kudden som en kudde till huvudgaveln, medan andra anv\u00e4nder den som en b\u00e4lteskudde, den kan ocks\u00e5 fungera som en ryggst\u00f6dskudde till soffan eller dagb\u00e4dden. Den \u00e4r b\u00e5de snygg och funktionell, vilket g\u00f6r den till ett utm\u00e4rkt tillskott till alla sovrum.<\/li>\n<li><strong>\u00d6verl\u00e4gset hantverk:<\/strong> V\u00e5rt \u00f6rngott \u00e4r tillverkat av 100% polyestersammet, som \u00e4r mjukt, elegant och bekv\u00e4mt att ta p\u00e5. Vadderingen \u00e4r tillverkad av h\u00f6gdensitets- och h\u00f6gkvalitativa polyesterfibrer, vilket f\u00f6rhindrar att det sjunker ihop \u00e4ven efter m\u00e5naders anv\u00e4ndning. Dessutom har det sidofickor f\u00f6r att f\u00f6rvara din bok eller telefon.<\/li>\n<li><strong>L\u00e4tt att reng\u00f6ra:<\/strong> L\u00e4s\u00f6rns \u00f6verdrag \u00e4r f\u00e4st vid kudden med knappar och \u00e4r l\u00e4tt att ta bort med en enkel dragkedja. Detta g\u00f6r reng\u00f6ringen problemfri. Ta bara bort \u00f6verdraget och tv\u00e4tta snabbt i maskin f\u00f6r att f\u00e5 din kudde att se ut som ny.<\/li>\n<li><strong>Storlek:<\/strong> 45 cm (L45 x B20 x H50 | 0 knappar), 60 cm (L60 x B20 x H50 | 0 knappar), 80 cm (L80 x B20 x H50 | 2 knappar), 100 cm (L100 x B20 x H50 | 3 knappar), 120 cm (L120 x B20 x H50 | 4 knappar), 140 cm (L140 x B20 x H50 | 4 knappar), 160 cm (L160 x B20 x H50 | 5 knappar), 180 cm (L180 x B20 x H50 | 6 knappar), 200 cm (L200 x B20 x H50 | 7 knappar).<\/li>\n<\/ul>","protected":false},"featured_media":414,"comment_status":"open","ping_status":"closed","template":"","meta":[],"product_brand":[],"product_cat":[15],"product_tag":[205,67,204,168,132,163,112,143,71,65],"class_list":{"0":"post-432","1":"product","2":"type-product","3":"status-publish","4":"has-post-thumbnail","6":"product_cat-large-wedge-pillow","7":"product_tag-back-support-headboard-pillow","8":"product_tag-backrest-reading-pillow","9":"product_tag-bed-support-cushion","10":"product_tag-headboard-pillow","11":"product_tag-large-bolster-pillow","12":"product_tag-leg-pillow","13":"product_tag-lumbar-support-pillow","14":"product_tag-multifunctional-pillow","15":"product_tag-tv-pillow","16":"product_tag-wedge-pillow","18":"first","19":"instock","20":"featured","21":"shipping-taxable","22":"purchasable","23":"product-type-variable"},"_links":{"self":[{"href":"https:\/\/www.largepillow.com\/sv\/wp-json\/wp\/v2\/product\/432","targetHints":{"allow":["GET"]}}],"collection":[{"href":"https:\/\/www.largepillow.com\/sv\/wp-json\/wp\/v2\/product"}],"about":[{"href":"https:\/\/www.largepillow.com\/sv\/wp-json\/wp\/v2\/types\/product"}],"replies":[{"embeddable":true,"href":"https:\/\/www.largepillow.com\/sv\/wp-json\/wp\/v2\/comments?post=432"}],"wp:featuredmedia":[{"embeddable":true,"href":"https:\/\/www.largepillow.com\/sv\/wp-json\/wp\/v2\/media\/414"}],"wp:attachment":[{"href":"https:\/\/www.largepillow.com\/sv\/wp-json\/wp\/v2\/media?parent=432"}],"wp:term":[{"taxonomy":"product_brand","embeddable":true,"href":"https:\/\/www.largepillow.com\/sv\/wp-json\/wp\/v2\/product_brand?post=432"},{"taxonomy":"product_cat","embeddable":true,"href":"https:\/\/www.largepillow.com\/sv\/wp-json\/wp\/v2\/product_cat?post=432"},{"taxonomy":"product_tag","embeddable":true,"href":"https:\/\/www.largepillow.com\/sv\/wp-json\/wp\/v2\/product_tag?post=432"}],"curies":[{"name":"wp","href":"https:\/\/api.w.org\/{rel}","templated":true}]}}