{"id":4365,"date":"2024-09-13T03:28:21","date_gmt":"2024-09-13T03:28:21","guid":{"rendered":"https:\/\/www.largepillow.com\/product\/large-headboard-reading-pillow-bolster-body-pillow-gray"},"modified":"2024-10-03T16:31:33","modified_gmt":"2024-10-03T16:31:33","slug":"stor-huvudgavel-laskudde-bolster-kropp-kudde-gra","status":"publish","type":"product","link":"https:\/\/www.largepillow.com\/sv\/product\/large-headboard-reading-pillow-bolster-body-pillow-gray","title":{"rendered":"Stor huvudgavel L\u00e4skudde Bolster Body Kudde Gr\u00e5"},"content":{"rendered":"[zc_getpagecontent mb=&#8221;mb_aplus&#8221; apid=&#8221;60&#8243;]\n","protected":false},"excerpt":{"rendered":"<ul>\n<li>Modern design: Designad med tuftade knappar och sydda detaljer, ger de rullade kanterna en extra dekorativ touch. Denna \u00f6verdimensionerade l\u00e4ndryggskudde med gener\u00f6s fyllning ger extra komfort och s\u00e4kerst\u00e4ller att du f\u00e5r b\u00e4sta m\u00f6jliga st\u00f6d n\u00e4r du lutar dig tillbaka och kopplar av. Anv\u00e4nd ensam som en accent eller blanda och matcha med andra standardkuddar med tryck\/enf\u00e4rgade eller andra broderade kuddar f\u00f6r en koordinerad look.<\/li>\n<li>Bra ryggst\u00f6dskudde: Denna \u00f6verdimensionerade kudd ger mer st\u00f6d \u00e4n vanliga fluffiga kuddar, boudoirkuddar eller eurokuddar, och den \u00e4r robust f\u00f6r att h\u00e5lla formen. Denna \u00f6verdimensionerade huvudgavelkudd med gener\u00f6s fyllning ger extra komfort, i kombination med en mjuk madrass s\u00e4kerst\u00e4ller den att du f\u00e5r b\u00e4sta m\u00f6jliga st\u00f6d n\u00e4r du lutar dig tillbaka och slappnar av. Och denna moderna, stora ryggst\u00f6dskudde l\u00f6ser ocks\u00e5 problemet med att dina s\u00e4ngkuddar glider mellan madrassen och huvudgaveln.<\/li>\n<li>Multifunktion: Anv\u00e4nd denna stora ryggst\u00f6dskudde som alternativ till huvudgaveln eller soffans ryggst\u00f6d, eller placera den p\u00e5 en b\u00e4nk s\u00e5 att du f\u00e5r en ny soffa. Denna l\u00e5nga s\u00e4ngkudden kan ocks\u00e5 anv\u00e4ndas som en stor kroppskudde f\u00f6r att hj\u00e4lpa dig att f\u00e5 en god natts s\u00f6mn. Denna stoppade huvudgavelkudden \u00e4r s\u00e5 vacker, av enast\u00e5ende kvalitet och superbekv\u00e4m att luta sig mot. Samtidigt passar den bra in i olika heminredningsstilar och ger sovrummet en varm och mysig k\u00e4nsla.<\/li>\n<li>\u00d6verl\u00e4gset hantverk: 100% l\u00e5ngprydnadskudde i polyestertyg \u00e4r en ultramjuk och bekv\u00e4m upplevelse f\u00f6r din hud. Traditionella prydnadskuddar tenderar att sjunka ihop med tiden, men denna l\u00e4skudd har tuftade knappar som inte bara ger en modern stil utan ocks\u00e5 h\u00e5ller fyllningen p\u00e5 plats f\u00f6r h\u00e5llbarhet. Lappt\u00e4ckss\u00f6mmar och fl\u00e4nsade kanter ger ocks\u00e5 en extra dekoration.<\/li>\n<li>Sk\u00f6tselr\u00e5d f\u00f6r \u00f6rngott: \u00d6rngotten \u00e4r avtagbara, bleknar eller fransar sig inte, \u00e4r enkla att sk\u00f6ta och kan tv\u00e4ttas i maskin tack vare den tuftade knappdesignen och den osynliga dragkedjan.<\/li>\n<\/ul>","protected":false},"featured_media":4347,"comment_status":"open","ping_status":"closed","template":"","meta":[],"product_brand":[],"product_cat":[28],"product_tag":[],"class_list":{"0":"post-4365","1":"product","2":"type-product","3":"status-publish","4":"has-post-thumbnail","6":"product_cat-large-body-pillow","8":"first","9":"instock","10":"shipping-taxable","11":"purchasable","12":"product-type-variable","13":"has-default-attributes"},"_links":{"self":[{"href":"https:\/\/www.largepillow.com\/sv\/wp-json\/wp\/v2\/product\/4365","targetHints":{"allow":["GET"]}}],"collection":[{"href":"https:\/\/www.largepillow.com\/sv\/wp-json\/wp\/v2\/product"}],"about":[{"href":"https:\/\/www.largepillow.com\/sv\/wp-json\/wp\/v2\/types\/product"}],"replies":[{"embeddable":true,"href":"https:\/\/www.largepillow.com\/sv\/wp-json\/wp\/v2\/comments?post=4365"}],"wp:featuredmedia":[{"embeddable":true,"href":"https:\/\/www.largepillow.com\/sv\/wp-json\/wp\/v2\/media\/4347"}],"wp:attachment":[{"href":"https:\/\/www.largepillow.com\/sv\/wp-json\/wp\/v2\/media?parent=4365"}],"wp:term":[{"taxonomy":"product_brand","embeddable":true,"href":"https:\/\/www.largepillow.com\/sv\/wp-json\/wp\/v2\/product_brand?post=4365"},{"taxonomy":"product_cat","embeddable":true,"href":"https:\/\/www.largepillow.com\/sv\/wp-json\/wp\/v2\/product_cat?post=4365"},{"taxonomy":"product_tag","embeddable":true,"href":"https:\/\/www.largepillow.com\/sv\/wp-json\/wp\/v2\/product_tag?post=4365"}],"curies":[{"name":"wp","href":"https:\/\/api.w.org\/{rel}","templated":true}]}}