{"id":4405,"date":"2024-09-14T02:18:37","date_gmt":"2024-09-14T02:18:37","guid":{"rendered":"https:\/\/www.largepillow.com\/product\/large-floor-loveseat-cozy-chair-for-home-spaces"},"modified":"2024-12-12T09:14:40","modified_gmt":"2024-12-12T09:14:40","slug":"stor-golv-loveseat-mysig-fatolj-for-hemmet","status":"publish","type":"product","link":"https:\/\/www.largepillow.com\/sv\/product\/large-floor-loveseat-cozy-chair-for-home-spaces","title":{"rendered":"Stor golv-loveseat \u2013 Mysig f\u00e5t\u00f6lj f\u00f6r hemmet"},"content":{"rendered":"[zc_getpagecontent mb=&#8221;mb_aplus&#8221; apid=&#8221;96&#8243;]\n","protected":false},"excerpt":{"rendered":"<ul>\n<li><strong>ULTIMAT KOMFORT:<\/strong> Njut av o\u00f6vertr\u00e4ffad komfort med sch\u00e4slongen. Med ett \u00f6verdrag av kaninp\u00e4ls och vaddering i h\u00f6gelastiskt skum garanterar denna soffa maximal komfort oavsett om du sitter ner f\u00f6r att l\u00e4sa en bok, titta p\u00e5 TV eller bara koppla av efter en hektisk dag.<\/li>\n<li><strong>B\u00c4STA HANTVERKET:<\/strong> Denna raml\u00f6sa soffa har ett lurvigt manchester\u00f6verdrag och en baksida av PP-bomull, vilket kombinerar praktiskhet och komfort f\u00f6r en lyxig och h\u00e5llbar upplevelse. Den \u00e4r enkel att ta is\u00e4r och montera, vilket garanterar varaktig elegans i alla rum.<\/li>\n<li><strong>STABILT ST\u00d6D:<\/strong> Njut av fridfull avkoppling med v\u00e5r golvsoffa. H\u00f6gdensitetsskum ger utm\u00e4rkt st\u00f6d och d\u00e4mpning som f\u00f6ljer kroppens kurvor och lindrar tryckpunkter. Stabiliteten hos drop-in-soffan garanterar s\u00e4kerhet och p\u00e5litlighet.<\/li>\n<li><strong>UNIK DESIGN OCH L\u00c4TT ATT RENG\u00d6RA:<\/strong> Den h\u00e4r soffan \u00e4r inte bara bekv\u00e4m utan ocks\u00e5 l\u00e4tt att h\u00e5lla ren. Den osynliga dragkedjan \u00e4r enkel att ta bort och reng\u00f6ra, vilket h\u00e5ller soffan snygg. L\u00e5t dig njuta av din fritid bekv\u00e4mt.<\/li>\n<li><strong>IDEAL STORLEK F\u00d6R KOMFORT:<\/strong> V\u00e5r sch\u00e4slong f\u00f6r inomhusbruk m\u00e4ter 122*122*27 cm, vilket \u00e4r den ideala storleken f\u00f6r en f\u00e5t\u00f6lj och \u00e4r enkel att f\u00f6rvara och spara plats.<\/li>\n<\/ul>","protected":false},"featured_media":4393,"comment_status":"open","ping_status":"closed","template":"","meta":[],"product_brand":[],"product_cat":[228],"product_tag":[],"class_list":{"0":"post-4405","1":"product","2":"type-product","3":"status-publish","4":"has-post-thumbnail","6":"product_cat-cushions","8":"first","9":"outofstock","10":"shipping-taxable","11":"purchasable","12":"product-type-simple"},"_links":{"self":[{"href":"https:\/\/www.largepillow.com\/sv\/wp-json\/wp\/v2\/product\/4405","targetHints":{"allow":["GET"]}}],"collection":[{"href":"https:\/\/www.largepillow.com\/sv\/wp-json\/wp\/v2\/product"}],"about":[{"href":"https:\/\/www.largepillow.com\/sv\/wp-json\/wp\/v2\/types\/product"}],"replies":[{"embeddable":true,"href":"https:\/\/www.largepillow.com\/sv\/wp-json\/wp\/v2\/comments?post=4405"}],"wp:featuredmedia":[{"embeddable":true,"href":"https:\/\/www.largepillow.com\/sv\/wp-json\/wp\/v2\/media\/4393"}],"wp:attachment":[{"href":"https:\/\/www.largepillow.com\/sv\/wp-json\/wp\/v2\/media?parent=4405"}],"wp:term":[{"taxonomy":"product_brand","embeddable":true,"href":"https:\/\/www.largepillow.com\/sv\/wp-json\/wp\/v2\/product_brand?post=4405"},{"taxonomy":"product_cat","embeddable":true,"href":"https:\/\/www.largepillow.com\/sv\/wp-json\/wp\/v2\/product_cat?post=4405"},{"taxonomy":"product_tag","embeddable":true,"href":"https:\/\/www.largepillow.com\/sv\/wp-json\/wp\/v2\/product_tag?post=4405"}],"curies":[{"name":"wp","href":"https:\/\/api.w.org\/{rel}","templated":true}]}}