{"id":4493,"date":"2024-10-08T04:01:12","date_gmt":"2024-10-08T04:01:12","guid":{"rendered":"https:\/\/www.largepillow.com\/product\/portable-folding-sofa-bed-play-mat-space-saving-waterproof"},"modified":"2024-10-29T11:16:09","modified_gmt":"2024-10-29T11:16:09","slug":"barbar-hopfallbar-baddsoffa-lekmatta-platsbesparande-vattentat","status":"publish","type":"product","link":"https:\/\/www.largepillow.com\/sv\/product\/portable-folding-sofa-bed-play-mat-space-saving-waterproof","title":{"rendered":"B\u00e4rbar hopf\u00e4llbar b\u00e4ddsoffa, lekmatta: Platsbesparande och vattent\u00e4t"},"content":{"rendered":"","protected":false},"excerpt":{"rendered":"<ul>\n<li><strong>Multifunktionell bekv\u00e4mlighet:<\/strong> Denna m\u00e5ngsidiga hopf\u00e4llbara b\u00e4ddsoffa \u00f6verg\u00e5r s\u00f6ml\u00f6st fr\u00e5n en bekv\u00e4m golvsoffa till en twin-s\u00e4ngmadrass, eller till och med en rymlig lekmatta. Dess innovativa design och portabilitet g\u00f6r den till en idealisk l\u00f6sning f\u00f6r att ta emot \u00f6vernattande g\u00e4ster, slappa under filmkv\u00e4llar eller ge extra sovplats n\u00e4r du \u00e4r p\u00e5 spr\u00e5ng.<\/li>\n<li><strong>Material av h\u00f6gsta kvalitet:<\/strong> Denna futonb\u00e4ddsoffa \u00e4r tillverkad av premiumskum med h\u00f6g densitet och \u00e4r konstruerad f\u00f6r att beh\u00e5lla sin form och fasthet \u00f6ver tid, vilket s\u00e4kerst\u00e4ller en j\u00e4mn och enhetlig yta som k\u00e4nns ny, \u00e4ven efter l\u00e4ngre tids anv\u00e4ndning. Det vattent\u00e4ta, l\u00e4ttrengjorda konstl\u00e4der\u00f6verdraget ger en touch av lyx och exceptionell h\u00e5llbarhet.<\/li>\n<li><strong>Noggrant utformade detaljer:<\/strong> Varje aspekt av den hopf\u00e4llbara b\u00e4ddsoffan \u00e4r utformad med din komfort i \u00e5tanke, fr\u00e5n den minimala glipan som fr\u00e4mjar en s\u00f6ml\u00f6s s\u00f6mnupplevelse till de praktiska stora armst\u00f6den som \u00e4r perfekta f\u00f6r en vilsam sittupplevelse. Handtaget m\u00f6jligg\u00f6r enkel transport och f\u00f6rvaring, medan den halkfria botten garanterar stabilitet och sinnesro.<\/li>\n<li><strong>M\u00e5ngsidig f\u00f6r alla milj\u00f6er:<\/strong> Denna b\u00e4ddsoffa \u00e4r en snygg och platsbesparande l\u00f6sning, perfekt f\u00f6r sm\u00e5 l\u00e4genheter, studentboenden, kontor eller f\u00f6r anv\u00e4ndning under resor och campingturer. Den \u00e4r ocks\u00e5 ett fantastiskt och funktionellt tillskott till barnrum eller lekomr\u00e5den, och sm\u00e4lter in i en m\u00e4ngd olika inredningsmilj\u00f6er och maximerar utrymmet med sitt kompakta format.<\/li>\n<li><strong>Klar att anv\u00e4nda med enkel expansion:<\/strong> Den hopf\u00e4llbara b\u00e4ddsoffan levereras vakuumkomprimerad f\u00f6r enkel hantering och kr\u00e4ver ingen montering, vilket g\u00f6r att du kan anv\u00e4nda den omedelbart. Ge den 3\u20137 dagar f\u00f6r att naturligt expandera till sin fulla storlek och form, och den kommer snart att ge den fylliga, mjuka upplevelsen du \u00f6nskar.<\/li>\n<\/ul>","protected":false},"featured_media":4486,"comment_status":"open","ping_status":"closed","template":"","meta":[],"product_brand":[],"product_cat":[228],"product_tag":[],"class_list":{"0":"post-4493","1":"product","2":"type-product","3":"status-publish","4":"has-post-thumbnail","6":"product_cat-cushions","8":"first","9":"outofstock","10":"shipping-taxable","11":"purchasable","12":"product-type-simple"},"_links":{"self":[{"href":"https:\/\/www.largepillow.com\/sv\/wp-json\/wp\/v2\/product\/4493","targetHints":{"allow":["GET"]}}],"collection":[{"href":"https:\/\/www.largepillow.com\/sv\/wp-json\/wp\/v2\/product"}],"about":[{"href":"https:\/\/www.largepillow.com\/sv\/wp-json\/wp\/v2\/types\/product"}],"replies":[{"embeddable":true,"href":"https:\/\/www.largepillow.com\/sv\/wp-json\/wp\/v2\/comments?post=4493"}],"wp:featuredmedia":[{"embeddable":true,"href":"https:\/\/www.largepillow.com\/sv\/wp-json\/wp\/v2\/media\/4486"}],"wp:attachment":[{"href":"https:\/\/www.largepillow.com\/sv\/wp-json\/wp\/v2\/media?parent=4493"}],"wp:term":[{"taxonomy":"product_brand","embeddable":true,"href":"https:\/\/www.largepillow.com\/sv\/wp-json\/wp\/v2\/product_brand?post=4493"},{"taxonomy":"product_cat","embeddable":true,"href":"https:\/\/www.largepillow.com\/sv\/wp-json\/wp\/v2\/product_cat?post=4493"},{"taxonomy":"product_tag","embeddable":true,"href":"https:\/\/www.largepillow.com\/sv\/wp-json\/wp\/v2\/product_tag?post=4493"}],"curies":[{"name":"wp","href":"https:\/\/api.w.org\/{rel}","templated":true}]}}