{"id":4576,"date":"2024-10-25T03:48:45","date_gmt":"2024-10-25T03:48:45","guid":{"rendered":"https:\/\/www.largepillow.com\/product\/3-storey-felt-cat-cave-multi-cat-condo-tunnel-bed"},"modified":"2024-12-20T18:18:54","modified_gmt":"2024-12-20T18:18:54","slug":"3-vanings-filtsang-for-kattgrotta-i-lagenhet-med-flera-katter","status":"publish","type":"product","link":"https:\/\/www.largepillow.com\/sv\/product\/3-storey-felt-cat-cave-multi-cat-condo-tunnel-bed\/","title":{"rendered":"3-v\u00e5nings filtgrotta f\u00f6r katter, l\u00e4genhet f\u00f6r flera katter och tunnels\u00e4ng"},"content":{"rendered":"[zc_getpagecontent mb=&#8221;mb_aplus&#8221; apid=&#8221;98&#8243;]\n","protected":false},"excerpt":{"rendered":"<ul>\n<li><strong>L\u00e4mplig f\u00f6r hush\u00e5ll med flera katter:<\/strong> Kartonghus f\u00f6r katt \u00e4r utformade med hush\u00e5ll med flera katter i \u00e5tanke och erbjuder gott om plats f\u00f6r flera kattdjur att leka och samexistera harmoniskt. Dessa inomhushus f\u00f6r katt \u00e4r utformade med flera f\u00f6nster, vilket inte bara tillfredsst\u00e4ller katternas medf\u00f6dda nyfikenhet utan ocks\u00e5 erbjuder en m\u00e4ngd olika utsiktspunkter f\u00f6r dem att utforska och njuta av sin omgivning.<\/li>\n<li><strong>Rept\u00e5lig och h\u00e5llbar:<\/strong> V\u00e5ra katthus och l\u00e4genheter \u00e4r tillverkade av ett l\u00e4tt filtmaterial som inte bara \u00e4r rept\u00e5ligt utan ocks\u00e5 otroligt h\u00e5llbart. Materialet ger katter den perfekta ytan att kl\u00f6sa och slipa sina klor utan att skada strukturen. Designen \u00e4r ocks\u00e5 vattent\u00e4t och fl\u00e4ckbest\u00e4ndig, vilket g\u00f6r den enkel att reng\u00f6ra och underh\u00e5lla, vilket s\u00e4kerst\u00e4ller att din katts lekhus h\u00e5ller sig i toppskick med minimal anstr\u00e4ngning.<\/li>\n<li><strong>L\u00e4tt att montera:<\/strong>\u00a0Inomhuskattunnlar \u00e4r utformade f\u00f6r enkel montering, vilket g\u00f6r att du snabbt kan s\u00e4tta upp dem enligt dina och dina katters preferenser. Den enkla monteringsprocessen f\u00f6r v\u00e5rt katthus i kartong garanterar en problemfri upplevelse. F\u00f6r en steg-f\u00f6r-steg-guide uppmuntrar vi dig att titta p\u00e5 den medf\u00f6ljande monteringsvideon, s\u00e5 att du enkelt kan skapa ett roligt och s\u00e4kert utrymme f\u00f6r dina kattv\u00e4nner.<\/li>\n<li><strong>Andningsbar design:<\/strong> Stolta med en ventilerande design som f\u00f6rb\u00e4ttrar komforten f\u00f6r dina kattv\u00e4nner. Det unika filtmaterialet, i kombination med strategiskt placerade f\u00f6nster, s\u00e4kerst\u00e4ller optimal ventilation, vilket g\u00f6r att frisk luft kan cirkulera fritt. Detta kl\u00f6shus i kartong \u00e4r noggrant utformat f\u00f6r att ge ett bekv\u00e4mt och v\u00e4lventilerat utrymme d\u00e4r dina katter kan leka och koppla av utan att k\u00e4nna sig inst\u00e4ngda eller t\u00e4ppta. Designen uppr\u00e4tth\u00e5ller effektivt en mysig och ventilerande milj\u00f6, vilket h\u00e5ller dem svala p\u00e5 sommaren och varma under vinterm\u00e5naderna.<\/li>\n<li><strong>Rymlig interi\u00f6r:<\/strong> En h\u00e4rlig lekplats som faktiskt best\u00e5r av tre sammankopplade katthus. Tillsammans bildar de ett rej\u00e4lt utrymme med m\u00e5tten 43x43x91 cm, vilket \u00e4r perfekt f\u00f6r flera katter att str\u00f6va omkring, leka och utforska. Denna rymliga interi\u00f6r ger ett gener\u00f6st omr\u00e5de f\u00f6r dina katter att str\u00e4cka ut sig, slappa och \u00e4gna sig \u00e5t lekfulla uppt\u00e5g. Med en kombinerad viktkapacitet p\u00e5 upp till 16 kg s\u00e4kerst\u00e4ller denna sammankopplade kattgrotta att \u00e4ven st\u00f6rre katter bekv\u00e4mt kan njuta av det stora utrymmet. Det \u00e4r en perfekt fristad f\u00f6r dina kattv\u00e4nner att koppla av och leka i, vilket skapar en mysig och engagerande milj\u00f6 som \u00e4r b\u00e5de funktionell och tilltalande.<\/li>\n<\/ul>","protected":false},"featured_media":4563,"comment_status":"open","ping_status":"closed","template":"","meta":[],"product_brand":[],"product_cat":[227],"product_tag":[],"class_list":{"0":"post-4576","1":"product","2":"type-product","3":"status-publish","4":"has-post-thumbnail","6":"product_cat-pet-supplies","8":"first","9":"outofstock","10":"shipping-taxable","11":"purchasable","12":"product-type-simple"},"_links":{"self":[{"href":"https:\/\/www.largepillow.com\/sv\/wp-json\/wp\/v2\/product\/4576","targetHints":{"allow":["GET"]}}],"collection":[{"href":"https:\/\/www.largepillow.com\/sv\/wp-json\/wp\/v2\/product"}],"about":[{"href":"https:\/\/www.largepillow.com\/sv\/wp-json\/wp\/v2\/types\/product"}],"replies":[{"embeddable":true,"href":"https:\/\/www.largepillow.com\/sv\/wp-json\/wp\/v2\/comments?post=4576"}],"wp:featuredmedia":[{"embeddable":true,"href":"https:\/\/www.largepillow.com\/sv\/wp-json\/wp\/v2\/media\/4563"}],"wp:attachment":[{"href":"https:\/\/www.largepillow.com\/sv\/wp-json\/wp\/v2\/media?parent=4576"}],"wp:term":[{"taxonomy":"product_brand","embeddable":true,"href":"https:\/\/www.largepillow.com\/sv\/wp-json\/wp\/v2\/product_brand?post=4576"},{"taxonomy":"product_cat","embeddable":true,"href":"https:\/\/www.largepillow.com\/sv\/wp-json\/wp\/v2\/product_cat?post=4576"},{"taxonomy":"product_tag","embeddable":true,"href":"https:\/\/www.largepillow.com\/sv\/wp-json\/wp\/v2\/product_tag?post=4576"}],"curies":[{"name":"wp","href":"https:\/\/api.w.org\/{rel}","templated":true}]}}