{"id":4585,"date":"2024-10-25T04:02:31","date_gmt":"2024-10-25T04:02:31","guid":{"rendered":"https:\/\/www.largepillow.com\/product\/ergonomic-u-shaped-reading-support-pillow-with-armrests"},"modified":"2025-12-03T14:22:08","modified_gmt":"2025-12-03T14:22:08","slug":"ergonomisk-u-formad-laskudde-med-armstod","status":"publish","type":"product","link":"https:\/\/www.largepillow.com\/sv\/product\/ergonomic-u-shaped-reading-support-pillow-with-armrests","title":{"rendered":"Ergonomisk U-formad st\u00f6dkudde f\u00f6r spel och l\u00e4sning med armst\u00f6d"},"content":{"rendered":"[zc_getpagecontent mb=&#8221;mb_aplus&#8221; apid=&#8221;84&#8243;]\n","protected":false},"excerpt":{"rendered":"<ul>\n<li><strong>B\u00e4rbar armst\u00f6dskudde:<\/strong>\u00a0V\u00e5r armst\u00f6dskudde \u00e4r 6,8 \u00d7 6,5 \u00d7 1,8 cm l\u00e5ng, bred och h\u00f6g, och med det b\u00e4rbara handtaget kan du enkelt b\u00e4ra armst\u00f6dskudden till ett annat rum eller f\u00f6rvara den p\u00e5 golvet. V\u00e5r armst\u00f6dskudde \u00e4r utformad med fickor p\u00e5 sidan, vilket g\u00f6r det enkelt f\u00f6r dig att f\u00f6rvara din telefon, fj\u00e4rrkontroll, anteckningsbok, bok, tidskrift etc.<\/li>\n<li><strong>L\u00e4skudde f\u00f6r komfort:<\/strong> Breda och mjuka armst\u00f6d fungerar \u00e4ven som en l\u00e4skudde f\u00f6r kn\u00e4bordet som anpassar sig efter kroppens konturer och ger rikligt med komfort och st\u00f6d f\u00f6r dina armar och armb\u00e5gar. Den \u00e4r st\u00f6rre och bekv\u00e4mare, med armst\u00f6d f\u00f6r att avslappna dina armars styrka och ett platt skrivbord f\u00f6r att arbeta vid din dator. Den lindrar effektivt arm- och nacktr\u00f6tthet orsakad av arbete, spel, l\u00e4sning eller TV-tittande under l\u00e4ngre tid.<\/li>\n<li><strong>Kroppsst\u00f6dskudde:<\/strong> Mer \u00e4n bara en l\u00e4skudde, den kan anv\u00e4ndas som en avkopplande sovkudde. Den ergonomiska U-formade designen och lutande bufferten p\u00e5 kroppsst\u00f6dskudden h\u00e5ller din ryggrad neutral och ger gott om st\u00f6d f\u00f6r huvud och nacke. Genom att effektivt justera och korrigera din sidol\u00e4ge hj\u00e4lper v\u00e5r U-formade kudde till att lindra huvudv\u00e4rk, nacksp\u00e4nningar och axelsm\u00e4rtor s\u00e5 att du bekv\u00e4mt kan sova p\u00e5 b\u00e5da sidor.<\/li>\n<li><strong>Premiummaterial:<\/strong> V\u00e5r gamingkudde \u00e4r tillverkad av unikt plyschigt sammetstyg, ventilerande mesh p\u00e5 sidorna som \u00e4r luftigt och fluffigt och fylld med PP-bomull, vilket ger l\u00e5ngvarigt st\u00f6d och fj\u00e4drar tillbaka sk\u00f6nt n\u00e4r man kl\u00e4mmer p\u00e5 den. Extra stor l\u00e4skudde med armst\u00f6d ger gott om st\u00f6d f\u00f6r dina armar och avlastar trycket p\u00e5 axlar, nacke och ben. Den U-formade inbuktningen formar sig efter din kropp och korrigerar din h\u00e5llning.<\/li>\n<li><strong>Ergonomiska designer:<\/strong> Sidan p\u00e5 l\u00e4skudden f\u00f6r spel har en gungbr\u00e4deliknande b\u00e5gformad design, och st\u00f6dkuddens fr\u00e4mre och bakre h\u00f6jd kan justeras efter olika sittst\u00e4llningar. Den ergonomiska designen kan h\u00e5lla dina \u00f6gon p\u00e5 ett rimligt avst\u00e5nd fr\u00e5n telefonen och datorn, vilket skyddar din syn. Det \u00e4r bra f\u00f6r din ryggrad och f\u00f6rb\u00e4ttrar den \u00f6vergripande komforten f\u00f6r en vilsam upplevelse.<\/li>\n<\/ul>","protected":false},"featured_media":4577,"comment_status":"open","ping_status":"closed","template":"","meta":[],"product_brand":[],"product_cat":[228],"product_tag":[],"class_list":{"0":"post-4585","1":"product","2":"type-product","3":"status-publish","4":"has-post-thumbnail","6":"product_cat-cushions","8":"first","9":"outofstock","10":"shipping-taxable","11":"purchasable","12":"product-type-simple"},"_links":{"self":[{"href":"https:\/\/www.largepillow.com\/sv\/wp-json\/wp\/v2\/product\/4585","targetHints":{"allow":["GET"]}}],"collection":[{"href":"https:\/\/www.largepillow.com\/sv\/wp-json\/wp\/v2\/product"}],"about":[{"href":"https:\/\/www.largepillow.com\/sv\/wp-json\/wp\/v2\/types\/product"}],"replies":[{"embeddable":true,"href":"https:\/\/www.largepillow.com\/sv\/wp-json\/wp\/v2\/comments?post=4585"}],"wp:featuredmedia":[{"embeddable":true,"href":"https:\/\/www.largepillow.com\/sv\/wp-json\/wp\/v2\/media\/4577"}],"wp:attachment":[{"href":"https:\/\/www.largepillow.com\/sv\/wp-json\/wp\/v2\/media?parent=4585"}],"wp:term":[{"taxonomy":"product_brand","embeddable":true,"href":"https:\/\/www.largepillow.com\/sv\/wp-json\/wp\/v2\/product_brand?post=4585"},{"taxonomy":"product_cat","embeddable":true,"href":"https:\/\/www.largepillow.com\/sv\/wp-json\/wp\/v2\/product_cat?post=4585"},{"taxonomy":"product_tag","embeddable":true,"href":"https:\/\/www.largepillow.com\/sv\/wp-json\/wp\/v2\/product_tag?post=4585"}],"curies":[{"name":"wp","href":"https:\/\/api.w.org\/{rel}","templated":true}]}}