{"id":459,"date":"2022-09-16T02:19:51","date_gmt":"2022-09-16T02:19:51","guid":{"rendered":"https:\/\/www.largepillow.com\/product\/large-bolster-cushion"},"modified":"2025-11-05T02:15:31","modified_gmt":"2025-11-05T02:15:31","slug":"sangkuddar-2","status":"publish","type":"product","link":"https:\/\/www.largepillow.com\/sv\/product\/bed-bolster","title":{"rendered":"S\u00e4ngbolster"},"content":{"rendered":"<p>Uppt\u00e4ck ultimat komfort med s\u00e4ngbolstern: Din perfekta multifunktionskudde<\/p>\n<p>I dagens snabba v\u00e4rld har avkoppling och komfort hemma aldrig varit viktigare. Oavsett om du \u00e4r en bokmal, en nattuggla som arbetar sena timmar eller n\u00e5gon som gillar att str\u00e4ckkolla din favoritserie i s\u00e4ngen, \u00e4r Bed Bolster h\u00e4r f\u00f6r att f\u00f6r\u00e4ndra din upplevelse. Denna huvudgavelskudde, med sin innovativa design och multifunktionella anv\u00e4ndning, s\u00e4kerst\u00e4ller att komforten aldrig kompromissas. L\u00e5t oss dyka in i vad som g\u00f6r Bed Bolster till ett m\u00e5ste i varje modernt hem.<\/p>\n<p>Ultimat komfort med en triangul\u00e4r design<\/p>\n<p>Bed Bolster \u00e4r designad med din ultimata komfort i \u00e5tanke och \u00e4r inte bara vilken vanlig kudde som helst. Dess unika triangul\u00e4ra form \u00e4r speciellt utformad f\u00f6r att passa din rygg och midja perfekt, vilket ger o\u00f6vertr\u00e4ffat st\u00f6d och effektivt minskar trycket p\u00e5 l\u00e4ndryggen och ryggen. Denna extra stora bolsterkudden \u00e4r skr\u00e4ddarsydd f\u00f6r att rymma tv\u00e5 personer, vilket g\u00f6r den till den enda kilformade huvudgavelkudden du beh\u00f6ver f\u00f6r en sp\u00e4nningsfri avkopplingstid i din s\u00e4ng eller soffa.<\/p>\n<p>M\u00e5ngsidighet n\u00e4r den \u00e4r som b\u00e4st: 3-i-1 stor kudde<\/p>\n<p>S\u00e4ngbolstern omdefinierar m\u00e5ngsidighet. Anv\u00e4nd den uppr\u00e4tt som en ryggst\u00f6dskudde f\u00f6r huvudgaveln n\u00e4r du sitter upp i s\u00e4ngen, l\u00e4gg den platt som en stor kilformad kudde f\u00f6r rygg- eller sidos\u00f6mn, eller till och med som en benkudde f\u00f6r att h\u00f6ja benen f\u00f6r f\u00f6rb\u00e4ttrad blodcirkulation. Det \u00e4r det perfekta valet f\u00f6r par som letar efter en stor huvudgavelkudde som ger st\u00f6d och komfort f\u00f6r b\u00e5da parter samtidigt.<\/p>\n<p>Multifunktionell design f\u00f6r alla behov<\/p>\n<p>F\u00f6rutom att fungera som kudde f\u00f6r huvudgaveln fungerar s\u00e4ngbolstern \u00e4ven som en b\u00e4lteskudde och en snygg ryggst\u00f6dskudde f\u00f6r soffan eller dagb\u00e4dden. Dess multifunktionella design s\u00e4kerst\u00e4ller att den passar s\u00f6ml\u00f6st in i alla sovrum eller vardagsrum, vilket ger b\u00e5de funktionalitet och stil.<\/p>\n<p>Hantverk som s\u00e4ger allt<\/p>\n<p>S\u00e4ngbolstern st\u00e5tar med \u00f6verl\u00e4gset hantverk med sitt \u00f6rngott i 100% polyestersammet \u2013 mjukt, elegant och en njutning att r\u00f6ra vid. Fyllt med h\u00f6gdensitets- och h\u00f6gkvalitativa polyesterfibrer lovar den h\u00e5llbarhet och komfort utan att s\u00e4cka ihop, \u00e4ven efter omfattande anv\u00e4ndning. Dessutom erbjuder praktiska sidfickor en praktisk plats att f\u00f6rvara din bok eller telefon, s\u00e5 att du har dina n\u00f6dv\u00e4ndigheter inom r\u00e4ckh\u00e5ll.<\/p>\n<p>Problemfritt underh\u00e5ll<\/p>\n<p>Att h\u00e5lla din s\u00e4ngbolster ren \u00e4r hur enkelt som helst. L\u00e4skudde\u00f6verdraget \u00e4r utrustat med en enkel dragkedja och \u00e4r enkelt avtagbart och maskintv\u00e4ttbart, vilket s\u00e4kerst\u00e4ller att din kudde f\u00f6rblir fr\u00e4sch och inbjudande hela tiden.<\/p>\n<p>Skr\u00e4ddarsydd f\u00f6r att passa ditt utrymme<\/p>\n<p>Med storlekar fr\u00e5n 45 cm till 200 cm i l\u00e4ngd och utrustad med upp till 7 knappar f\u00f6r enkel justering och st\u00f6d, \u00e4r s\u00e4ngbolstern utformad f\u00f6r att passa perfekt i alla utrymmen. V\u00e4lj den storlek som b\u00e4st passar dina behov och njut av en skr\u00e4ddarsydd k\u00e4nsla av komfort och st\u00f6d.<\/p>\n<p>Vad kunderna s\u00e4ger<\/p>\n<p>Av kommentarerna om varan framg\u00e5r det tydligt att kunderna \u00e4r mycket n\u00f6jda med sitt k\u00f6p. M\u00e5nga framh\u00e4ver den &quot;triangul\u00e4ra st\u00f6dkudden&quot; f\u00f6r dess exceptionella komfort och st\u00f6d, medan andra ber\u00f6mmer &quot;sammetskudden&quot; f\u00f6r dess mjukhet och lyxiga k\u00e4nsla. F\u00e4rgen &quot;kaffe&quot; verkar vara en favorit bland k\u00f6pare och ger en touch av elegans till alla rum.<\/p>\n<p>Avslutning<\/p>\n<p>S\u00e4ngbolstern \u00e4r mer \u00e4n bara en kudde; den \u00e4r banbrytande n\u00e4r det g\u00e4ller att f\u00f6rb\u00e4ttra din avkoppling och komfort hemma. Dess multifunktionella design, exceptionella hantverk och enkla underh\u00e5ll g\u00f6r den till en produkt i\u00f6gonfallande. Oavsett om du vill l\u00e4sa, arbeta eller bara varva ner efter en l\u00e5ng dag, lovar s\u00e4ngbolstern att vara din perfekta f\u00f6ljeslagare. Ta inte bara v\u00e5rt ord f\u00f6r det; prova den och upplev den ultimata komforten sj\u00e4lv!<\/p>","protected":false},"excerpt":{"rendered":"<ul>\n<li><strong>Ultimat komfort:<\/strong> Denna huvudgavelskudde erbjuder utm\u00e4rkt komfort tack vare sin triangul\u00e4ra form. S\u00e4ngst\u00f6dskudden passar perfekt mot rygg och rygg, vilket minimerar trycket p\u00e5 l\u00e4ndryggen. Denna kilformade l\u00e4skudden kan hj\u00e4lpa dig att h\u00e5lla dig sp\u00e4nningsfri i s\u00e4ngen eller soffan, vilket \u00e4r perfekt f\u00f6r arbetande nattugglor, bokmalar och f\u00f6r att titta p\u00e5 TV i s\u00e4ngen. Denna extra stora bolsterkudden \u00e4r den enda kilformade huvudgavelskudden som rymmer tv\u00e5 personer.<\/li>\n<li><strong>3-i-1 stor kudde:<\/strong> Du kan anv\u00e4nda kudden st\u00e5ende som en ryggst\u00f6dskudde f\u00f6r huvudgaveln n\u00e4r du sitter i s\u00e4ngen eller l\u00e4gga den platt p\u00e5 s\u00e4ngen f\u00f6r att anv\u00e4nda den som en stor kilformad kudde n\u00e4r du sover p\u00e5 rygg eller sida, eller som en benkudde f\u00f6r att h\u00f6ja benen. Om du vill ha en stor huvudgavelskudde som ger st\u00f6d f\u00f6r b\u00e5de dig och din partner \u00e4r det ett utm\u00e4rkt alternativ.<\/li>\n<li><strong>Multifunktionell design:<\/strong> Vissa anv\u00e4nder den stora triangul\u00e4ra kudden som en kudde till huvudgaveln, medan andra anv\u00e4nder den som en b\u00e4lteskudde, den kan ocks\u00e5 fungera som en ryggst\u00f6dskudde till soffan eller dagb\u00e4dden. Den \u00e4r b\u00e5de snygg och funktionell, vilket g\u00f6r den till ett utm\u00e4rkt tillskott till alla sovrum.<\/li>\n<li><strong>\u00d6verl\u00e4gset hantverk:<\/strong> V\u00e5rt \u00f6rngott \u00e4r tillverkat av 100% polyestersammet, som \u00e4r mjukt, elegant och bekv\u00e4mt att ta p\u00e5. Vadderingen \u00e4r tillverkad av h\u00f6gdensitets- och h\u00f6gkvalitativa polyesterfibrer, vilket f\u00f6rhindrar att det sjunker ihop \u00e4ven efter m\u00e5naders anv\u00e4ndning. Dessutom har det sidofickor f\u00f6r att f\u00f6rvara din bok eller telefon.<\/li>\n<li><strong>L\u00e4tt att reng\u00f6ra:<\/strong> L\u00e4s\u00f6rns \u00f6verdrag \u00e4r f\u00e4st vid kudden med knappar och \u00e4r l\u00e4tt att ta bort med en enkel dragkedja. Detta g\u00f6r reng\u00f6ringen problemfri. Ta bara bort \u00f6verdraget och tv\u00e4tta snabbt i maskin f\u00f6r att f\u00e5 din kudde att se ut som ny.<\/li>\n<li><strong>Storlek:<\/strong> 45 cm (L45 x B20 x H50 | 0 knappar), 60 cm (L60 x B20 x H50 | 0 knappar), 80 cm (L80 x B20 x H50 | 2 knappar), 100 cm (L100 x B20 x H50 | 3 knappar), 120 cm (L120 x B20 x H50 | 4 knappar), 140 cm (L140 x B20 x H50 | 4 knappar), 160 cm (L160 x B20 x H50 | 5 knappar), 180 cm (L180 x B20 x H50 | 6 knappar), 200 cm (L200 x B20 x H50 | 7 knappar).<\/li>\n<\/ul>","protected":false},"featured_media":442,"comment_status":"open","ping_status":"closed","template":"","meta":[],"product_brand":[],"product_cat":[15],"product_tag":[66,210,206,102,75,168,132,163,143,59,120,65],"class_list":{"0":"post-459","1":"product","2":"type-product","3":"status-publish","4":"has-post-thumbnail","6":"product_cat-large-wedge-pillow","7":"product_tag-back-support-pillow","8":"product_tag-bed-bolster","9":"product_tag-bumper-pillow","10":"product_tag-couch-pillow","11":"product_tag-daybed-pillow","12":"product_tag-headboard-pillow","13":"product_tag-large-bolster-pillow","14":"product_tag-leg-pillow","15":"product_tag-multifunctional-pillow","16":"product_tag-reading-pillow","17":"product_tag-velvet-pillow","18":"product_tag-wedge-pillow","20":"first","21":"instock","22":"shipping-taxable","23":"purchasable","24":"product-type-variable"},"_links":{"self":[{"href":"https:\/\/www.largepillow.com\/sv\/wp-json\/wp\/v2\/product\/459","targetHints":{"allow":["GET"]}}],"collection":[{"href":"https:\/\/www.largepillow.com\/sv\/wp-json\/wp\/v2\/product"}],"about":[{"href":"https:\/\/www.largepillow.com\/sv\/wp-json\/wp\/v2\/types\/product"}],"replies":[{"embeddable":true,"href":"https:\/\/www.largepillow.com\/sv\/wp-json\/wp\/v2\/comments?post=459"}],"wp:featuredmedia":[{"embeddable":true,"href":"https:\/\/www.largepillow.com\/sv\/wp-json\/wp\/v2\/media\/442"}],"wp:attachment":[{"href":"https:\/\/www.largepillow.com\/sv\/wp-json\/wp\/v2\/media?parent=459"}],"wp:term":[{"taxonomy":"product_brand","embeddable":true,"href":"https:\/\/www.largepillow.com\/sv\/wp-json\/wp\/v2\/product_brand?post=459"},{"taxonomy":"product_cat","embeddable":true,"href":"https:\/\/www.largepillow.com\/sv\/wp-json\/wp\/v2\/product_cat?post=459"},{"taxonomy":"product_tag","embeddable":true,"href":"https:\/\/www.largepillow.com\/sv\/wp-json\/wp\/v2\/product_tag?post=459"}],"curies":[{"name":"wp","href":"https:\/\/api.w.org\/{rel}","templated":true}]}}