{"id":4594,"date":"2024-10-25T04:14:57","date_gmt":"2024-10-25T04:14:57","guid":{"rendered":"https:\/\/www.largepillow.com\/product\/cross-legged-meditation-chair-cushion-for-yoga-and-sitting"},"modified":"2025-05-25T11:09:42","modified_gmt":"2025-05-25T11:09:42","slug":"korslagd-meditationsstolskudde-for-yoga-och-sittande","status":"publish","type":"product","link":"https:\/\/www.largepillow.com\/sv\/product\/cross-legged-meditation-chair-cushion-for-yoga-and-sitting","title":{"rendered":"Korslagd meditationsstolskudde f\u00f6r yoga och sittande"},"content":{"rendered":"[zc_getpagecontent mb=&#8221;mb_aplus&#8221; apid=&#8221;66&#8243;]\n","protected":false},"excerpt":{"rendered":"<ul>\n<li>Denna ergonomiska kuddupps\u00e4ttning \u00e4r perfekt f\u00f6r att bibeh\u00e5lla en h\u00e4lsosam h\u00e5llning n\u00e4r du sitter, oavsett om det \u00e4r p\u00e5 kontoret, i bilen, p\u00e5 ett flygplan eller till och med under meditation. Storleken p\u00e5 den \u00f6vre kudden \u00e4r 54\u00d759 cm i l\u00e4ngd och bredd, medan den nedre kudden \u00e4r 38\u00d720 cm. Den 13 cm extra tjocka \u00f6vre kudden, tillsammans med den 7,5 cm tjocka nedre kudden, ger komfort och st\u00f6d f\u00f6r h\u00f6ft, l\u00e4ndrygg och kn\u00e4n n\u00e4r du byter st\u00e4llning, vilket effektivt lindrar ryggtryck och muskeltr\u00f6tthet orsakad av l\u00e5ngvarigt sittande.<\/li>\n<li>Tillverkade av h\u00f6gkvalitativt Oxford-tyg och fyllda med h\u00f6gelastiskt skum, k\u00e4nns dessa kuddar v\u00e4ldigt mjuka och erbjuder en avkopplande upplevelse f\u00f6r h\u00f6fter och midja. Den korslagda kudden m\u00f6jligg\u00f6r \u00e4ven bekv\u00e4mt st\u00f6d och h\u00e5llningsjusteringar, s\u00e5 att du kan bibeh\u00e5lla en stabil sittst\u00e4llning med benen i kors medan du arbetar. Med en design i tv\u00e5 niv\u00e5er erbjuder dessa kuddar en m\u00e4ngd olika bekv\u00e4ma sittst\u00e4llningar som korslagda ben, huk, kn\u00e4b\u00f6jning med mera. De kan lindra benv\u00e4rk och slappna av dina muskler efter l\u00e5nga perioder av sittande, vilket kan hj\u00e4lpa dig att njuta av datorarbete, skrivning, spel eller till och med meditation.<\/li>\n<li>Detta kuddset erbjuder ocks\u00e5 en m\u00e4ngd olika anv\u00e4ndningsomr\u00e5den och funktioner. Den \u00f6vre kudden kan placeras p\u00e5 midjan som en l\u00e4ndryggskudde f\u00f6r att ge st\u00f6d, eller till och med anv\u00e4ndas som en laptopkudde n\u00e4r den placeras p\u00e5 benen. M\u00e5ngsidigheten hos detta ergonomiska kuddset \u00e4r perfekt f\u00f6r inomhus- och utomhusbruk, och ger bekv\u00e4ma sittplatser f\u00f6r meditation eller avkoppling vart du \u00e4n g\u00e5r. Det \u00e4r ocks\u00e5 en perfekt present till f\u00f6delsedagar, alla hj\u00e4rtans dag eller inflyttningsfester.<\/li>\n<li>V\u00e4lj detta kuddset f\u00f6r att bibeh\u00e5lla h\u00e4lsosamma h\u00e5llningar och s\u00e4ga adj\u00f6 till ryggsm\u00e4rtor och tr\u00f6tthet i l\u00e4ndryggen. Perfekt f\u00f6r kontorsstolar, spelstolar, bils\u00e4ten, flygplan, t\u00e5g, sportl\u00e4ktare och resor, det minskar trycket p\u00e5 skinkorna och eliminerar obehag orsakat av l\u00e5ngvarigt sittande. Perfekt f\u00f6r dig som ut\u00f6var meditation eller mindfulness hemma, p\u00e5 kontoret eller utomhus, detta bekv\u00e4ma kuddset \u00e4r ocks\u00e5 perfekt f\u00f6r l\u00e4ngre perioder av anv\u00e4ndning och kommer inte att sjunka eller bli platt med tiden.<\/li>\n<\/ul>","protected":false},"featured_media":4586,"comment_status":"open","ping_status":"closed","template":"","meta":[],"product_brand":[],"product_cat":[228],"product_tag":[],"class_list":{"0":"post-4594","1":"product","2":"type-product","3":"status-publish","4":"has-post-thumbnail","6":"product_cat-cushions","8":"first","9":"outofstock","10":"shipping-taxable","11":"purchasable","12":"product-type-simple"},"_links":{"self":[{"href":"https:\/\/www.largepillow.com\/sv\/wp-json\/wp\/v2\/product\/4594","targetHints":{"allow":["GET"]}}],"collection":[{"href":"https:\/\/www.largepillow.com\/sv\/wp-json\/wp\/v2\/product"}],"about":[{"href":"https:\/\/www.largepillow.com\/sv\/wp-json\/wp\/v2\/types\/product"}],"replies":[{"embeddable":true,"href":"https:\/\/www.largepillow.com\/sv\/wp-json\/wp\/v2\/comments?post=4594"}],"wp:featuredmedia":[{"embeddable":true,"href":"https:\/\/www.largepillow.com\/sv\/wp-json\/wp\/v2\/media\/4586"}],"wp:attachment":[{"href":"https:\/\/www.largepillow.com\/sv\/wp-json\/wp\/v2\/media?parent=4594"}],"wp:term":[{"taxonomy":"product_brand","embeddable":true,"href":"https:\/\/www.largepillow.com\/sv\/wp-json\/wp\/v2\/product_brand?post=4594"},{"taxonomy":"product_cat","embeddable":true,"href":"https:\/\/www.largepillow.com\/sv\/wp-json\/wp\/v2\/product_cat?post=4594"},{"taxonomy":"product_tag","embeddable":true,"href":"https:\/\/www.largepillow.com\/sv\/wp-json\/wp\/v2\/product_tag?post=4594"}],"curies":[{"name":"wp","href":"https:\/\/api.w.org\/{rel}","templated":true}]}}