{"id":488,"date":"2022-09-16T02:22:03","date_gmt":"2022-09-16T02:22:03","guid":{"rendered":"https:\/\/www.largepillow.com\/product\/big-bed-pillow"},"modified":"2025-11-05T02:15:31","modified_gmt":"2025-11-05T02:15:31","slug":"sangkilstodskudde","status":"publish","type":"product","link":"https:\/\/www.largepillow.com\/sv\/product\/bed-wedge-support-pillow","title":{"rendered":"S\u00e4ngkilst\u00f6dskudde"},"content":{"rendered":"<p>Kilst\u00f6dskudde f\u00f6r s\u00e4ngen: Den ultimata komforten f\u00f6r din s\u00e4ng eller soffa!<\/p>\n<p>Om du \u00e4r en av de personer som tycker om att spendera tid i s\u00e4ngen eller soffan och l\u00e4sa, arbeta eller titta p\u00e5 TV, d\u00e5 vill du ha det ultimata komforttillbeh\u00f6ret: Bed Wedge Support Pillow! Denna unika kudden erbjuder utm\u00e4rkt komfort tack vare sin triangul\u00e4ra form, som sitter bra mot rygg och rygg, vilket minimerar trycket p\u00e5 l\u00e4ndryggen\/ryggen, vilket g\u00f6r den perfekt f\u00f6r l\u00e5nga timmar sittande eller liggande.<\/p>\n<p>En av de b\u00e4sta sakerna med Bed Wedge Support Pillow \u00e4r dess m\u00e5ngsidighet. Du kan anv\u00e4nda den som en ryggst\u00f6dskudde f\u00f6r huvudgaveln n\u00e4r du sitter i s\u00e4ngen, eller l\u00e4gga den platt p\u00e5 s\u00e4ngen f\u00f6r att anv\u00e4nda den som en stor kilkudde n\u00e4r du sover p\u00e5 rygg eller sida. Dessutom kan den anv\u00e4ndas som en benkudde f\u00f6r att lyfta upp dina ben, vilket ger utm\u00e4rkt st\u00f6d och komfort f\u00f6r hela kroppen. Denna extra stora bolsterkudden \u00e4r ocks\u00e5 den enda kilformade huvudgavelkudden som rymmer tv\u00e5 personer. Det \u00e4r ett utm\u00e4rkt alternativ f\u00f6r par som f\u00f6redrar att dela en kudde medan de l\u00e4ser eller tittar p\u00e5 TV.<\/p>\n<p>Bed Wedge Support Pillow har en multifunktionell design som g\u00f6r att du kan anv\u00e4nda den som huvudgavelkudde, b\u00e4lteskudde eller till och med som ryggst\u00f6dskudde i soffan eller dagb\u00e4dden. Den \u00e4r inte bara funktionell utan ocks\u00e5 snygg, vilket g\u00f6r den till ett utm\u00e4rkt tillskott till alla sovrum.<\/p>\n<p>\u00d6verl\u00e4gset hantverksskick genomsyrar varje aspekt av denna kudde. \u00d6rngottet \u00e4r tillverkat av 100% polyestersammet, som \u00e4r mjukt, elegant och bekv\u00e4mt att ta p\u00e5. Vadderingen \u00e4r tillverkad av h\u00f6gdensitets- och h\u00f6gkvalitativa polyesterfibrer, vilket s\u00e4kerst\u00e4ller att den inte sviktar ens efter m\u00e5naders anv\u00e4ndning. Kudden har ocks\u00e5 sidofickor f\u00f6r att f\u00f6rvara din bok eller telefon.<\/p>\n<p>Bed Wedge Support Pillow \u00e4r ocks\u00e5 otroligt enkel att reng\u00f6ra. L\u00e4s\u00f6verdraget f\u00e4sts p\u00e5 kudden med knappar och har en enkel dragkedja, vilket g\u00f6r det enkelt att ta av f\u00f6r tv\u00e4tt. Tv\u00e4tta bara \u00f6verdraget i maskin, s\u00e5 kommer din kudde att se ut som ny.<\/p>\n<p>Kilst\u00f6dskudden finns i olika storlekar f\u00f6r att passa alla s\u00e4ngbredder. V\u00e4lj mellan 45 cm, 60 cm, 80 cm, 100 cm, 120 cm, 140 cm, 160 cm, 180 cm eller 200 cm beroende p\u00e5 dina \u00f6nskem\u00e5l.<\/p>\n<p>Kunderna lovordar Bed Wedge Support Pillow, och en n\u00f6jd kund s\u00e4ger: \u201cDen h\u00e4r kudden \u00e4r fantastisk. Den \u00e4r bekv\u00e4m, m\u00e5ngsidig och kvaliteten \u00e4r o\u00f6vertr\u00e4ffad. Den bl\u00e5 f\u00e4rgen \u00e4r vacker och sammetsmaterialet k\u00e4nns mjukt och lyxigt. Jag \u00e4lskar sidofickorna, som h\u00e5ller min telefon och bok inom r\u00e4ckh\u00e5ll. Jag rekommenderar starkt den h\u00e4r kudden till alla som vill f\u00f6rb\u00e4ttra sin komfortniv\u00e5 medan de slappar i s\u00e4ngen eller soffan.\u201d<\/p>\n<p>Uppgradera din komfortniv\u00e5 idag med Bed Wedge Support Pillow. Skaffa din nu och upplev den ultimata komforten f\u00f6r din s\u00e4ng eller soffa!<\/p>","protected":false},"excerpt":{"rendered":"<ul>\n<li><strong>Ultimat komfort:<\/strong> Denna huvudgavelskudde erbjuder utm\u00e4rkt komfort tack vare sin triangul\u00e4ra form. S\u00e4ngst\u00f6dskudden passar perfekt mot rygg och rygg, vilket minimerar trycket p\u00e5 l\u00e4ndryggen. Denna kilformade l\u00e4skudden kan hj\u00e4lpa dig att h\u00e5lla dig sp\u00e4nningsfri i s\u00e4ngen eller soffan, vilket \u00e4r perfekt f\u00f6r arbetande nattugglor, bokmalar och f\u00f6r att titta p\u00e5 TV i s\u00e4ngen. Denna extra stora bolsterkudden \u00e4r den enda kilformade huvudgavelskudden som rymmer tv\u00e5 personer.<\/li>\n<li><strong>3-i-1 stor kudde:<\/strong> Du kan anv\u00e4nda kudden st\u00e5ende som en ryggst\u00f6dskudde f\u00f6r huvudgaveln n\u00e4r du sitter i s\u00e4ngen eller l\u00e4gga den platt p\u00e5 s\u00e4ngen f\u00f6r att anv\u00e4nda den som en stor kilformad kudde n\u00e4r du sover p\u00e5 rygg eller sida, eller som en benkudde f\u00f6r att h\u00f6ja benen. Om du vill ha en stor huvudgavelskudde som ger st\u00f6d f\u00f6r b\u00e5de dig och din partner \u00e4r det ett utm\u00e4rkt alternativ.<\/li>\n<li><strong>Multifunktionell design:<\/strong> Vissa anv\u00e4nder den stora triangul\u00e4ra kudden som en kudde till huvudgaveln, medan andra anv\u00e4nder den som en b\u00e4lteskudde, den kan ocks\u00e5 fungera som en ryggst\u00f6dskudde till soffan eller dagb\u00e4dden. Den \u00e4r b\u00e5de snygg och funktionell, vilket g\u00f6r den till ett utm\u00e4rkt tillskott till alla sovrum.<\/li>\n<li><strong>\u00d6verl\u00e4gset hantverk:<\/strong> V\u00e5rt \u00f6rngott \u00e4r tillverkat av 100% polyestersammet, som \u00e4r mjukt, elegant och bekv\u00e4mt att ta p\u00e5. Vadderingen \u00e4r tillverkad av h\u00f6gdensitets- och h\u00f6gkvalitativa polyesterfibrer, vilket f\u00f6rhindrar att det sjunker ihop \u00e4ven efter m\u00e5naders anv\u00e4ndning. Dessutom har det sidofickor f\u00f6r att f\u00f6rvara din bok eller telefon.<\/li>\n<li><strong>L\u00e4tt att reng\u00f6ra:<\/strong> L\u00e4s\u00f6rns \u00f6verdrag \u00e4r f\u00e4st vid kudden med knappar och \u00e4r l\u00e4tt att ta bort med en enkel dragkedja. Detta g\u00f6r reng\u00f6ringen problemfri. Ta bara bort \u00f6verdraget och tv\u00e4tta snabbt i maskin f\u00f6r att f\u00e5 din kudde att se ut som ny.<\/li>\n<li><strong>Storlek:<\/strong> 45 cm (L45 x B20 x H50 | 0 knappar), 60 cm (L60 x B20 x H50 | 0 knappar), 80 cm (L80 x B20 x H50 | 2 knappar), 100 cm (L100 x B20 x H50 | 3 knappar), 120 cm (L120 x B20 x H50 | 4 knappar), 140 cm (L140 x B20 x H50 | 4 knappar), 160 cm (L160 x B20 x H50 | 5 knappar), 180 cm (L180 x B20 x H50 | 6 knappar), 200 cm (L200 x B20 x H50 | 7 knappar).<\/li>\n<\/ul>","protected":false},"featured_media":469,"comment_status":"open","ping_status":"closed","template":"","meta":[],"product_brand":[],"product_cat":[15],"product_tag":[66,204,208,194,206,102,207,209,168,132,163,112,120,68],"class_list":{"0":"post-488","1":"product","2":"type-product","3":"status-publish","4":"has-post-thumbnail","6":"product_cat-large-wedge-pillow","7":"product_tag-back-support-pillow","8":"product_tag-bed-support-cushion","9":"product_tag-bed-wedge-support-pillow","10":"product_tag-blue-pillow","11":"product_tag-bumper-pillow","12":"product_tag-couch-pillow","13":"product_tag-daybed-backrest-bolster-pillow","14":"product_tag-extra-large-bolster-pillow","15":"product_tag-headboard-pillow","16":"product_tag-large-bolster-pillow","17":"product_tag-leg-pillow","18":"product_tag-lumbar-support-pillow","19":"product_tag-velvet-pillow","20":"product_tag-wedge-reading-pillow","22":"first","23":"instock","24":"shipping-taxable","25":"purchasable","26":"product-type-variable"},"_links":{"self":[{"href":"https:\/\/www.largepillow.com\/sv\/wp-json\/wp\/v2\/product\/488","targetHints":{"allow":["GET"]}}],"collection":[{"href":"https:\/\/www.largepillow.com\/sv\/wp-json\/wp\/v2\/product"}],"about":[{"href":"https:\/\/www.largepillow.com\/sv\/wp-json\/wp\/v2\/types\/product"}],"replies":[{"embeddable":true,"href":"https:\/\/www.largepillow.com\/sv\/wp-json\/wp\/v2\/comments?post=488"}],"wp:featuredmedia":[{"embeddable":true,"href":"https:\/\/www.largepillow.com\/sv\/wp-json\/wp\/v2\/media\/469"}],"wp:attachment":[{"href":"https:\/\/www.largepillow.com\/sv\/wp-json\/wp\/v2\/media?parent=488"}],"wp:term":[{"taxonomy":"product_brand","embeddable":true,"href":"https:\/\/www.largepillow.com\/sv\/wp-json\/wp\/v2\/product_brand?post=488"},{"taxonomy":"product_cat","embeddable":true,"href":"https:\/\/www.largepillow.com\/sv\/wp-json\/wp\/v2\/product_cat?post=488"},{"taxonomy":"product_tag","embeddable":true,"href":"https:\/\/www.largepillow.com\/sv\/wp-json\/wp\/v2\/product_tag?post=488"}],"curies":[{"name":"wp","href":"https:\/\/api.w.org\/{rel}","templated":true}]}}