{"id":4881,"date":"2024-11-21T04:01:01","date_gmt":"2024-11-21T04:01:01","guid":{"rendered":"https:\/\/www.largepillow.com\/product\/versatile-fold-out-couch-chair-bed-for-home-outdoor"},"modified":"2024-12-13T02:58:30","modified_gmt":"2024-12-13T02:58:30","slug":"mangsidig-utfallbar-soffa-fatolj-sang-for-hemmet-utomhus","status":"publish","type":"product","link":"https:\/\/www.largepillow.com\/sv\/product\/versatile-fold-out-couch-chair-bed-for-home-outdoor\/","title":{"rendered":"M\u00e5ngsidig utf\u00e4llbar soffa och f\u00e5t\u00f6lj f\u00f6r hem\/utomhusbruk"},"content":{"rendered":"[zc_getpagecontent mb=&#8221;mb_aplus&#8221; apid=&#8221;107&#8243;]\n","protected":false},"excerpt":{"rendered":"<ul>\n<li>H\u00f6gkvalitativa material: V\u00e5r hopf\u00e4llbara b\u00e4ddsoffa \u00e4r tillverkad av ett \u00f6verdrag i Oxford-tyg som \u00e4r b\u00e5de slitstarkt, vattent\u00e4tt och l\u00e4tt att reng\u00f6ra. Polyesterfyllningen g\u00f6r att du kan sjunka ner i b\u00e4dden och ger utm\u00e4rkt st\u00f6d f\u00f6r ryggen \u00e4ven under l\u00e5nga perioder av sittande eller liggande, vilket garanterar en bekv\u00e4m och avkopplande upplevelse.<\/li>\n<li>M\u00e5ngsidig och platsbesparande design: V\u00e5r hopf\u00e4llbara soffa kan enkelt omvandlas mellan golvst\u00e5ende soffor, sch\u00e4slong och b\u00e4ddsoffa, vilket tillgodoser dina olika behov. Den l\u00e4tta och hopf\u00e4llbara f\u00e5t\u00f6ljen g\u00f6r den enkel att flytta, f\u00e4lla ihop, f\u00f6rvara och b\u00e4ra. Den \u00e4r ett perfekt val f\u00f6r sm\u00e5 l\u00e4genheter, sovsalar eller alla bostadsutrymmen med begr\u00e4nsat utrymme. Genom att kombinera soffans och madrassens funktionalitet i ett enda stycke kan du maximera ditt utrymme utan att kompromissa med komforten.<\/li>\n<li>Justerbart och s\u00e4kert ryggst\u00f6d: Det justerbara ryggst\u00f6det m\u00f6jligg\u00f6r enkel justering efter dina specifika preferenser. Det l\u00e5ter dig r\u00f6ra dig fram\u00e5t eller bak\u00e5t f\u00f6r att st\u00f6dja \u00f6vre delen av ryggen och huvudet, vilket ger bekv\u00e4mt st\u00f6d oavsett om du ligger ner f\u00f6r att vila eller sitter f\u00f6r att l\u00e4sa. Fr\u00e4mjar en h\u00e4lsosam h\u00e5llning och minskar obehag.<\/li>\n<li>Premiummaterial och enkel att installera: B\u00e4ddsoffans ytterkl\u00e4dsel \u00e4r tillverkad av Oxford-tyg, vilket garanterar en bekv\u00e4m upplevelse p\u00e5 l\u00e5ng sikt. \u00d6verdraget med dragkedja \u00e4r l\u00e4tt avtagbart och tv\u00e4ttbart, vilket f\u00f6renklar underh\u00e5ll och sk\u00f6tsel.<\/li>\n<li>Vakuumkompressionsf\u00f6rpackning: F\u00f6r att garantera effektiv transport \u00e4r v\u00e5r golvsoffa vakuumf\u00f6rpackad och kan orsaka en viss deformation vid \u00f6ppning. Du kan prova att klappa soffan f\u00f6r att hj\u00e4lpa den att \u00e5terf\u00e5 sin form snabbt. Var s\u00e4ker p\u00e5 att b\u00e4ddsoffan kommer att \u00e5terf\u00e5 sin ursprungliga form inom 48\u201372 timmar efter uppackning och ge den b\u00e4sta upplevelsen.<\/li>\n<\/ul>","protected":false},"featured_media":4866,"comment_status":"open","ping_status":"closed","template":"","meta":[],"product_brand":[],"product_cat":[228],"product_tag":[],"class_list":{"0":"post-4881","1":"product","2":"type-product","3":"status-publish","4":"has-post-thumbnail","6":"product_cat-cushions","8":"first","9":"outofstock","10":"shipping-taxable","11":"purchasable","12":"product-type-simple"},"_links":{"self":[{"href":"https:\/\/www.largepillow.com\/sv\/wp-json\/wp\/v2\/product\/4881","targetHints":{"allow":["GET"]}}],"collection":[{"href":"https:\/\/www.largepillow.com\/sv\/wp-json\/wp\/v2\/product"}],"about":[{"href":"https:\/\/www.largepillow.com\/sv\/wp-json\/wp\/v2\/types\/product"}],"replies":[{"embeddable":true,"href":"https:\/\/www.largepillow.com\/sv\/wp-json\/wp\/v2\/comments?post=4881"}],"wp:featuredmedia":[{"embeddable":true,"href":"https:\/\/www.largepillow.com\/sv\/wp-json\/wp\/v2\/media\/4866"}],"wp:attachment":[{"href":"https:\/\/www.largepillow.com\/sv\/wp-json\/wp\/v2\/media?parent=4881"}],"wp:term":[{"taxonomy":"product_brand","embeddable":true,"href":"https:\/\/www.largepillow.com\/sv\/wp-json\/wp\/v2\/product_brand?post=4881"},{"taxonomy":"product_cat","embeddable":true,"href":"https:\/\/www.largepillow.com\/sv\/wp-json\/wp\/v2\/product_cat?post=4881"},{"taxonomy":"product_tag","embeddable":true,"href":"https:\/\/www.largepillow.com\/sv\/wp-json\/wp\/v2\/product_tag?post=4881"}],"curies":[{"name":"wp","href":"https:\/\/api.w.org\/{rel}","templated":true}]}}