{"id":4896,"date":"2024-11-21T04:08:35","date_gmt":"2024-11-21T04:08:35","guid":{"rendered":"https:\/\/www.largepillow.com\/product\/large-shell-shaped-cat-couch-modern-cat-bed"},"modified":"2025-02-02T16:24:37","modified_gmt":"2025-02-02T16:24:37","slug":"stor-snackformad-kattsoffa-modern-kattbadd","status":"publish","type":"product","link":"https:\/\/www.largepillow.com\/sv\/product\/large-shell-shaped-cat-couch-modern-cat-bed","title":{"rendered":"Stor sn\u00e4ckformad kattb\u00e4dd \u2013 Modern kattb\u00e4dd"},"content":{"rendered":"[zc_getpagecontent mb=&#8221;mb_aplus&#8221; apid=&#8221;100&#8243;]\n","protected":false},"excerpt":{"rendered":"<ul>\n<li>Sn\u00e4cksinspirerad design: Denna kattb\u00e4dd har en unik sn\u00e4cksinspirerad design som inte bara ser estetiskt tilltalande ut utan ocks\u00e5 ger en mysig och bekv\u00e4m milj\u00f6 f\u00f6r din katt.<\/li>\n<li>\u00d6ppen och halvsluten: Med en \u00f6ppen design som m\u00f6jligg\u00f6r enkel \u00e5tkomst och urstigning, erbjuder kattb\u00e4dden \u00e4ven sidoskydd som ger din katt n\u00f6dv\u00e4ndig avskildhet och s\u00e4kerhet. Denna kombination tillgodoser katters behov av ett privat utrymme samtidigt som den m\u00f6jligg\u00f6r interaktion och observation f\u00f6r \u00e4garen.<\/li>\n<li>Rymlig insida: Med m\u00e5tten 76 x 61 cm ger den extra stora kattb\u00e4dden gott om plats f\u00f6r stora katter eller tv\u00e5 katter att vila bekv\u00e4mt. Denna gener\u00f6sa storlek s\u00e4kerst\u00e4ller att \u00e4ven de st\u00f6rsta katterna kan str\u00e4cka ut sig och slappna av utan att k\u00e4nna sig tr\u00e5nga.<\/li>\n<li>Bekv\u00e4ma material: Insidan av kattb\u00e4dden \u00e4r fodrad med mjuk fleece f\u00f6r en mild ber\u00f6ring mot din katts p\u00e4ls, och fyllningen \u00e4r gjord av svamp f\u00f6r extra komfort och h\u00e5llbarhet; Utsidan \u00e4r tillverkad av andningsbart oxfordmaterial, och botten har en halkfri design f\u00f6r att garantera s\u00e4kerhet och komfort under anv\u00e4ndning.<\/li>\n<li>L\u00e4tt att reng\u00f6ra och underh\u00e5lla: Den avtagbara kudden p\u00e5 kattb\u00e4dden g\u00f6r reng\u00f6ringen till en barnlek och hj\u00e4lper till att h\u00e5lla s\u00e4ngen hygienisk och fr\u00e4sch. Denna design f\u00f6renklar underh\u00e5llet av kattb\u00e4dden och f\u00f6rl\u00e4nger dess livsl\u00e4ngd.<\/li>\n<\/ul>","protected":false},"featured_media":4882,"comment_status":"open","ping_status":"closed","template":"","meta":[],"product_brand":[],"product_cat":[227],"product_tag":[],"class_list":{"0":"post-4896","1":"product","2":"type-product","3":"status-publish","4":"has-post-thumbnail","6":"product_cat-pet-supplies","8":"first","9":"instock","10":"shipping-taxable","11":"purchasable","12":"product-type-variable","13":"has-default-attributes"},"_links":{"self":[{"href":"https:\/\/www.largepillow.com\/sv\/wp-json\/wp\/v2\/product\/4896","targetHints":{"allow":["GET"]}}],"collection":[{"href":"https:\/\/www.largepillow.com\/sv\/wp-json\/wp\/v2\/product"}],"about":[{"href":"https:\/\/www.largepillow.com\/sv\/wp-json\/wp\/v2\/types\/product"}],"replies":[{"embeddable":true,"href":"https:\/\/www.largepillow.com\/sv\/wp-json\/wp\/v2\/comments?post=4896"}],"wp:featuredmedia":[{"embeddable":true,"href":"https:\/\/www.largepillow.com\/sv\/wp-json\/wp\/v2\/media\/4882"}],"wp:attachment":[{"href":"https:\/\/www.largepillow.com\/sv\/wp-json\/wp\/v2\/media?parent=4896"}],"wp:term":[{"taxonomy":"product_brand","embeddable":true,"href":"https:\/\/www.largepillow.com\/sv\/wp-json\/wp\/v2\/product_brand?post=4896"},{"taxonomy":"product_cat","embeddable":true,"href":"https:\/\/www.largepillow.com\/sv\/wp-json\/wp\/v2\/product_cat?post=4896"},{"taxonomy":"product_tag","embeddable":true,"href":"https:\/\/www.largepillow.com\/sv\/wp-json\/wp\/v2\/product_tag?post=4896"}],"curies":[{"name":"wp","href":"https:\/\/api.w.org\/{rel}","templated":true}]}}