{"id":5214,"date":"2024-12-12T11:21:21","date_gmt":"2024-12-12T11:21:21","guid":{"rendered":"https:\/\/www.largepillow.com\/product\/full-body-u-shape-pillow-for-side-sleepers-reading"},"modified":"2026-04-29T14:46:42","modified_gmt":"2026-04-29T14:46:42","slug":"helkroppskudde-i-u-form-for-sidosovare-och-lasning","status":"publish","type":"product","link":"https:\/\/www.largepillow.com\/sv\/product\/full-body-u-shape-pillow-for-side-sleepers-reading","title":{"rendered":"Helkroppskudde i U-form f\u00f6r sidosovare och l\u00e4sning"},"content":{"rendered":"[zc_getpagecontent mb=&#8221;mb_aplus&#8221; apid=&#8221;108&#8243;]\n","protected":false},"excerpt":{"rendered":"<ul>\n<li>Helkroppsst\u00f6dskudde: Utformad enligt ergonomiska principer, formar sig perfekt efter kroppens kurvor och lindrar effektivt trycket p\u00e5 nacke, rygg och l\u00e4ndrygg. Dess unika form ger st\u00f6d fr\u00e5n huvud till ben, vilket s\u00e4kerst\u00e4ller helkroppsavslappning och hj\u00e4lper till att lindra tr\u00f6tthet.<\/li>\n<li>Multifunktionell komfortupplevelse: Den fungerar inte bara som en kudde f\u00f6r sidosovare, utan \u00e4ven som ryggst\u00f6d f\u00f6r att sitta upp i s\u00e4ngen medan man l\u00e4ser, tittar p\u00e5 TV eller kopplar av, vilket tillgodoser olika komfortbehov. Oavsett om du sovar p\u00e5 sidan, ryggen eller f\u00f6redrar halv\u00e5tlutad st\u00e4llning, ger den perfekt st\u00f6d.<\/li>\n<li>Dubbelsidig tygdesign: Tillverkad med dubbla lager av svalkande siden och plysch sammet. Sidensidan \u00e4r sl\u00e4t och andningsbar, vilket ger en utm\u00e4rkt taktil upplevelse, medan sammetssidan \u00e4r mjuk och behaglig vid ber\u00f6ring, vilket ger en varm k\u00e4nsla. Nackst\u00f6dsdelen anv\u00e4nder sidentyg f\u00f6r att \u00f6ka komforten och skapa en mysig s\u00f6mnmilj\u00f6.<\/li>\n<li>L\u00e4mplig f\u00f6r olika grupper: F\u00f6r gravida kvinnor ger denna kudde extra st\u00f6d f\u00f6r mage och rygg, vilket lindrar obehag under graviditeten. \u00c4ldre personer och de som lider av rygg- eller l\u00e4ndryggssm\u00e4rtor kan ocks\u00e5 dra nytta av denna kudde, vilket ger bekv\u00e4mt st\u00f6d f\u00f6r att lindra v\u00e4rk och tryck i kroppen.<\/li>\n<li>Material och fyllning: Fylld med mjuk och bekv\u00e4m PP-bomull, vilket s\u00e4kerst\u00e4ller kuddens mjukhet och st\u00f6d. Utrustad med dragkedja f\u00f6r enkel demontering och reng\u00f6ring.<\/li>\n<\/ul>","protected":false},"featured_media":5202,"comment_status":"open","ping_status":"closed","template":"","meta":[],"product_brand":[],"product_cat":[228],"product_tag":[],"class_list":{"0":"post-5214","1":"product","2":"type-product","3":"status-publish","4":"has-post-thumbnail","6":"product_cat-cushions","8":"first","9":"instock","10":"sold-individually","11":"shipping-taxable","12":"purchasable","13":"product-type-simple"},"_links":{"self":[{"href":"https:\/\/www.largepillow.com\/sv\/wp-json\/wp\/v2\/product\/5214","targetHints":{"allow":["GET"]}}],"collection":[{"href":"https:\/\/www.largepillow.com\/sv\/wp-json\/wp\/v2\/product"}],"about":[{"href":"https:\/\/www.largepillow.com\/sv\/wp-json\/wp\/v2\/types\/product"}],"replies":[{"embeddable":true,"href":"https:\/\/www.largepillow.com\/sv\/wp-json\/wp\/v2\/comments?post=5214"}],"wp:featuredmedia":[{"embeddable":true,"href":"https:\/\/www.largepillow.com\/sv\/wp-json\/wp\/v2\/media\/5202"}],"wp:attachment":[{"href":"https:\/\/www.largepillow.com\/sv\/wp-json\/wp\/v2\/media?parent=5214"}],"wp:term":[{"taxonomy":"product_brand","embeddable":true,"href":"https:\/\/www.largepillow.com\/sv\/wp-json\/wp\/v2\/product_brand?post=5214"},{"taxonomy":"product_cat","embeddable":true,"href":"https:\/\/www.largepillow.com\/sv\/wp-json\/wp\/v2\/product_cat?post=5214"},{"taxonomy":"product_tag","embeddable":true,"href":"https:\/\/www.largepillow.com\/sv\/wp-json\/wp\/v2\/product_tag?post=5214"}],"curies":[{"name":"wp","href":"https:\/\/api.w.org\/{rel}","templated":true}]}}