{"id":5227,"date":"2024-12-12T11:42:44","date_gmt":"2024-12-12T11:42:44","guid":{"rendered":"https:\/\/www.largepillow.com\/product\/comfort-u-shape-pillow-for-full-body-support"},"modified":"2026-01-28T20:24:19","modified_gmt":"2026-01-28T20:24:19","slug":"komfort-u-formad-kudde-for-stod-for-hela-kroppen","status":"publish","type":"product","link":"https:\/\/www.largepillow.com\/sv\/product\/comfort-u-shape-pillow-for-full-body-support","title":{"rendered":"Komfort U-formad kudde f\u00f6r st\u00f6d f\u00f6r hela kroppen"},"content":{"rendered":"[zc_getpagecontent mb=&#8221;mb_aplus&#8221; apid=&#8221;108&#8243;]\n","protected":false},"excerpt":{"rendered":"<ul>\n<li>Innovativ design: V\u00e5ra sidos\u00e4ngkuddar f\u00f6r vuxna har en unik konstruktion med tv\u00e5 material, med varm kort plysch p\u00e5 framsidan och sval issiden p\u00e5 baksidan. Denna design garanterar komfort \u00e5ret runt och omsluter dig i en mild kramliknande omfamning. Sidentyget n\u00e4ra ansiktet \u00e4r idealiskt f\u00f6r b\u00e5de m\u00e4n och kvinnor och minskar friktion, bibeh\u00e5ller en sval k\u00e4nsla och f\u00f6rb\u00e4ttrar din s\u00f6mnupplevelse.<\/li>\n<li>Skr\u00e4ddarsytt st\u00f6d: Den U-formade kroppskuddens brytpunktsdesign i midjan ger utm\u00e4rkt st\u00f6d oavsett om du sover p\u00e5 sidan eller ligger platt, och erbjuder skydd f\u00f6r midja, mage och rygg. Dessutom f\u00f6rb\u00e4ttrar benf\u00f6rl\u00e4ngningsdesignen benkomforten, medan sidosovkudden, speciellt utformad f\u00f6r sidosovere, formar sig efter benets naturliga kurva f\u00f6r optimalt st\u00f6d.<\/li>\n<li>Ultimat komfort: Upplev den mest bekv\u00e4ma sovst\u00e4llningen med v\u00e5r sidos\u00e4ngskudde. Den erbjuder omfattande st\u00f6d f\u00f6r huvud, rygg, ben och mage, vilket lindrar trycket p\u00e5 huvud, nacke, axlar, armar, ryggrad och kn\u00e4n och fr\u00e4mjar en god natts s\u00f6mn.<\/li>\n<li>M\u00e5ngsidig anv\u00e4ndning: F\u00f6rutom att vara ett \u00f6verl\u00e4gset sovhj\u00e4lpmedel \u00e4r denna kuddeformade sidosovb\u00e4dd m\u00e5ngsidig. Den kan anv\u00e4ndas f\u00f6r att skapa en mysig plats i din s\u00e4ng, soffa eller golv, vilket ger extra st\u00f6d f\u00f6r aktiviteter som att titta p\u00e5 TV eller avkoppling. Perfekt f\u00f6r amning, fungerar som l\u00e4skudde f\u00f6r kontorsanst\u00e4llda eller som ett postoperativt st\u00f6dhj\u00e4lpmedel vid behov.<\/li>\n<li>Enkelt underh\u00e5ll: Denna U-formade kroppskudde \u00e4r fylld med mjuk och justerbar polyesterfiber och garanterar en lugn och bekv\u00e4m natts\u00f6mn. B\u00e5de inner- och ytterkuddarna har dragkedjor f\u00f6r enkel borttagning och reng\u00f6ring. Kasta bara \u00f6verdraget f\u00f6r vuxenkroppen i en vanlig tv\u00e4ttmaskin och torktumlare f\u00f6r problemfritt underh\u00e5ll. Njut av l\u00e5ngvarig renhet och komfort.<\/li>\n<\/ul>","protected":false},"featured_media":5215,"comment_status":"open","ping_status":"closed","template":"","meta":[],"product_brand":[],"product_cat":[228],"product_tag":[],"class_list":{"0":"post-5227","1":"product","2":"type-product","3":"status-publish","4":"has-post-thumbnail","6":"product_cat-cushions","8":"first","9":"instock","10":"sold-individually","11":"shipping-taxable","12":"purchasable","13":"product-type-simple"},"_links":{"self":[{"href":"https:\/\/www.largepillow.com\/sv\/wp-json\/wp\/v2\/product\/5227","targetHints":{"allow":["GET"]}}],"collection":[{"href":"https:\/\/www.largepillow.com\/sv\/wp-json\/wp\/v2\/product"}],"about":[{"href":"https:\/\/www.largepillow.com\/sv\/wp-json\/wp\/v2\/types\/product"}],"replies":[{"embeddable":true,"href":"https:\/\/www.largepillow.com\/sv\/wp-json\/wp\/v2\/comments?post=5227"}],"wp:featuredmedia":[{"embeddable":true,"href":"https:\/\/www.largepillow.com\/sv\/wp-json\/wp\/v2\/media\/5215"}],"wp:attachment":[{"href":"https:\/\/www.largepillow.com\/sv\/wp-json\/wp\/v2\/media?parent=5227"}],"wp:term":[{"taxonomy":"product_brand","embeddable":true,"href":"https:\/\/www.largepillow.com\/sv\/wp-json\/wp\/v2\/product_brand?post=5227"},{"taxonomy":"product_cat","embeddable":true,"href":"https:\/\/www.largepillow.com\/sv\/wp-json\/wp\/v2\/product_cat?post=5227"},{"taxonomy":"product_tag","embeddable":true,"href":"https:\/\/www.largepillow.com\/sv\/wp-json\/wp\/v2\/product_tag?post=5227"}],"curies":[{"name":"wp","href":"https:\/\/api.w.org\/{rel}","templated":true}]}}