{"id":5256,"date":"2024-12-13T02:33:45","date_gmt":"2024-12-13T02:33:45","guid":{"rendered":"https:\/\/www.largepillow.com\/product\/seashell-shaped-headboard-cushion-for-bedroom-decor"},"modified":"2026-02-02T11:06:14","modified_gmt":"2026-02-02T11:06:14","slug":"snackskalformad-kudde-for-huvudgavel-for-sovrumsinredning","status":"publish","type":"product","link":"https:\/\/www.largepillow.com\/sv\/product\/seashell-shaped-headboard-cushion-for-bedroom-decor","title":{"rendered":"Kudde med sn\u00e4ckskalformad huvudgavel f\u00f6r sovrumsinredning"},"content":{"rendered":"[zc_getpagecontent mb=&#8221;mb_aplus&#8221; apid=&#8221;110&#8243;]\n","protected":false},"excerpt":{"rendered":"<ul>\n<li>S\u00f6t stoppad s\u00e4nggavel \u2013 V\u00e5r sn\u00e4ckformade s\u00e4nggavel erbjuder inte bara en bekv\u00e4m lutningsupplevelse utan ger ocks\u00e5 en touch av oceanisk charm till ditt studentrum. Fylld med h\u00f6gdensitets PP-bomull, garanterar denna s\u00e4nggavel mjukhet och st\u00f6d, vilket ger en komfort som liknar smekningen av havsv\u00e5gor medan du l\u00e4ser eller kopplar av.<\/li>\n<li>Premiummaterial \u2013 Insvept i ett lyxigt sammetstyg som ger en \u00f6verd\u00e5dig k\u00e4nsla och en varm omfamning. Sammetets mjukhet och komfort g\u00f6r det till ett idealiskt material f\u00f6r en plyschig s\u00e4nggavel, vilket ger en mysig och inbjudande k\u00e4nsla till din l\u00e4genhet.<\/li>\n<li>Sn\u00e4ckformad design \u2013 Inspirerad av sn\u00e4ckskalens elegans, ger v\u00e5r dekorativa s\u00e4nggavel en avslappnad och gl\u00e4djefylld atmosf\u00e4r till ditt vardagsrum med sina graci\u00f6sa kurvor och naturliga f\u00e4rger. Sn\u00e4cksdesignen \u00e4r inte bara estetiskt tilltalande utan ocks\u00e5 praktisk, och m\u00f6jligg\u00f6r individuell anv\u00e4ndning eller kombination med identiska delar f\u00f6r att skapa en komplett rund lekmatta, vilket ger en s\u00e4ker lekyta f\u00f6r barn.<\/li>\n<li>Papasan stolskudde \u2013 V\u00e5r sn\u00e4ckskalsgavel kan ocks\u00e5 anv\u00e4ndas som kudde till en papasan-f\u00e5t\u00f6lj. Placera den helt enkelt i f\u00e5t\u00f6ljen f\u00f6r extra komfort och st\u00f6d. Denna multifunktionalitet g\u00f6r v\u00e5r gavel inte bara till en sovrumsdekoration utan ocks\u00e5 till en mysig f\u00f6ljeslagare i ditt vardagsrum, s\u00e5 att du kan koppla av i vilket h\u00f6rn som helst i ditt hem.<\/li>\n<li>G\u00e5vo\u00e4ndam\u00e5l \u2013 Denna s\u00e4nggavel i queen size-modell \u00e4r en perfekt present till n\u00e4ra och k\u00e4ra och v\u00e4nner, inte bara ett praktiskt heminredningsf\u00f6rem\u00e5l utan ocks\u00e5 ett dekorativt konstverk som f\u00f6rmedlar dina innerliga k\u00e4nslor. Oavsett om det \u00e4r en f\u00f6delsedagspresent, julklapp eller inflyttningspresent, kommer denna s\u00e4nggavel att l\u00e5ta dina v\u00e4nner och familj k\u00e4nna din omsorg och v\u00e4rme.<\/li>\n<\/ul>","protected":false},"featured_media":5243,"comment_status":"open","ping_status":"closed","template":"","meta":[],"product_brand":[],"product_cat":[228],"product_tag":[],"class_list":{"0":"post-5256","1":"product","2":"type-product","3":"status-publish","4":"has-post-thumbnail","6":"product_cat-cushions","8":"first","9":"instock","10":"sale","11":"shipping-taxable","12":"purchasable","13":"product-type-variable"},"_links":{"self":[{"href":"https:\/\/www.largepillow.com\/sv\/wp-json\/wp\/v2\/product\/5256","targetHints":{"allow":["GET"]}}],"collection":[{"href":"https:\/\/www.largepillow.com\/sv\/wp-json\/wp\/v2\/product"}],"about":[{"href":"https:\/\/www.largepillow.com\/sv\/wp-json\/wp\/v2\/types\/product"}],"replies":[{"embeddable":true,"href":"https:\/\/www.largepillow.com\/sv\/wp-json\/wp\/v2\/comments?post=5256"}],"wp:featuredmedia":[{"embeddable":true,"href":"https:\/\/www.largepillow.com\/sv\/wp-json\/wp\/v2\/media\/5243"}],"wp:attachment":[{"href":"https:\/\/www.largepillow.com\/sv\/wp-json\/wp\/v2\/media?parent=5256"}],"wp:term":[{"taxonomy":"product_brand","embeddable":true,"href":"https:\/\/www.largepillow.com\/sv\/wp-json\/wp\/v2\/product_brand?post=5256"},{"taxonomy":"product_cat","embeddable":true,"href":"https:\/\/www.largepillow.com\/sv\/wp-json\/wp\/v2\/product_cat?post=5256"},{"taxonomy":"product_tag","embeddable":true,"href":"https:\/\/www.largepillow.com\/sv\/wp-json\/wp\/v2\/product_tag?post=5256"}],"curies":[{"name":"wp","href":"https:\/\/api.w.org\/{rel}","templated":true}]}}