{"id":5335,"date":"2024-12-19T04:02:06","date_gmt":"2024-12-19T04:02:06","guid":{"rendered":"https:\/\/www.largepillow.com\/product\/adjustable-floor-sofa-couch-2-seater-with-pouf-ottoman"},"modified":"2024-12-19T04:04:58","modified_gmt":"2024-12-19T04:04:58","slug":"justerbar-golvsoffa-2-sits-med-pufffot","status":"publish","type":"product","link":"https:\/\/www.largepillow.com\/sv\/product\/adjustable-floor-sofa-couch-2-seater-with-pouf-ottoman","title":{"rendered":"Justerbar golvsoffa 2-sits med pufffotpall"},"content":{"rendered":"[zc_getpagecontent mb=&#8221;mb_aplus&#8221; apid=&#8221;111&#8243;]\n","protected":false},"excerpt":{"rendered":"<ul>\n<li>Flexibel design: Denna golvsoffkudde har en innovativ trestegsdesign som m\u00f6jligg\u00f6r flexibel justering av position och avst\u00e5nd f\u00f6r att m\u00f6ta olika anv\u00e4ndningsbehov. Dess unika kombination av kurvor och cirklar \u00e4r b\u00e5de estetiskt tilltalande och praktisk och integreras s\u00f6ml\u00f6st i moderna heminredningsstilar.<\/li>\n<li>Utm\u00e4rkt hantverk: Den stoppade puffen \u00e4r fylld med h\u00f6gdensitetssvamp, som har utm\u00e4rkt tryckmotst\u00e5nd och elasticitet, och deformeras inte l\u00e4tt, vilket garanterar l\u00e5ngvarig bekv\u00e4m anv\u00e4ndning. Tyget som \u00e4r lindat runt det yttre lagret \u00e4r mjukt och hudv\u00e4nligt, vilket ger en bekv\u00e4m sittupplevelse och g\u00f6r att du k\u00e4nner dig avslappnad under vila.<\/li>\n<li>Socialt m\u00e5ngsidig golvsoffa: Utformad med tre konfigurationer \u2013 intim kontakt, personligt distans och artigt utrymme \u2013 f\u00f6r att passa olika sociala milj\u00f6er, enkelt \u00f6verg\u00e5 mellan intima familjesammankomster och uppr\u00e4tth\u00e5lla l\u00e4mpliga avst\u00e5nd under v\u00e4nligare interaktioner.<\/li>\n<li>M\u00e5ngsidig funktionalitet: Som golvsoffa erbjuder den bekv\u00e4ma sittplatser f\u00f6r tv\u00e5; som fotpall l\u00e5ter den dig koppla av med f\u00f6tterna under l\u00e5nga sittperioder; som ett ottomanskt soffbord kan den h\u00e5lla drycker, b\u00f6cker och mer, vilket tillgodoser dina olika livsstilsbehov. Denna m\u00e5ngsidighet g\u00f6r den till ett idealiskt val f\u00f6r b\u00e5de hemmet och kommersiella milj\u00f6er.<\/li>\n<li>Lyfter kommersiella utrymmen med stil: Dess moderna och eleganta utseende kan f\u00f6rb\u00e4ttra den \u00f6vergripande atmosf\u00e4ren i kommersiella utrymmen och \u00e4r l\u00e4mplig f\u00f6r olika aff\u00e4rsmilj\u00f6er som kontorslounger, hotellobbyer, kaf\u00e9er etc., och erbjuder ett praktiskt och estetiskt tilltalande m\u00f6belalternativ som lyfter den kommersiella milj\u00f6n.<\/li>\n<\/ul>","protected":false},"featured_media":5322,"comment_status":"open","ping_status":"closed","template":"","meta":[],"product_brand":[],"product_cat":[228],"product_tag":[],"class_list":{"0":"post-5335","1":"product","2":"type-product","3":"status-publish","4":"has-post-thumbnail","6":"product_cat-cushions","8":"first","9":"instock","10":"shipping-taxable","11":"purchasable","12":"product-type-simple"},"_links":{"self":[{"href":"https:\/\/www.largepillow.com\/sv\/wp-json\/wp\/v2\/product\/5335","targetHints":{"allow":["GET"]}}],"collection":[{"href":"https:\/\/www.largepillow.com\/sv\/wp-json\/wp\/v2\/product"}],"about":[{"href":"https:\/\/www.largepillow.com\/sv\/wp-json\/wp\/v2\/types\/product"}],"replies":[{"embeddable":true,"href":"https:\/\/www.largepillow.com\/sv\/wp-json\/wp\/v2\/comments?post=5335"}],"wp:featuredmedia":[{"embeddable":true,"href":"https:\/\/www.largepillow.com\/sv\/wp-json\/wp\/v2\/media\/5322"}],"wp:attachment":[{"href":"https:\/\/www.largepillow.com\/sv\/wp-json\/wp\/v2\/media?parent=5335"}],"wp:term":[{"taxonomy":"product_brand","embeddable":true,"href":"https:\/\/www.largepillow.com\/sv\/wp-json\/wp\/v2\/product_brand?post=5335"},{"taxonomy":"product_cat","embeddable":true,"href":"https:\/\/www.largepillow.com\/sv\/wp-json\/wp\/v2\/product_cat?post=5335"},{"taxonomy":"product_tag","embeddable":true,"href":"https:\/\/www.largepillow.com\/sv\/wp-json\/wp\/v2\/product_tag?post=5335"}],"curies":[{"name":"wp","href":"https:\/\/api.w.org\/{rel}","templated":true}]}}