{"id":5500,"date":"2025-01-02T04:13:22","date_gmt":"2025-01-02T04:13:22","guid":{"rendered":"https:\/\/www.largepillow.com\/product\/giant-teddy-bear-large-stuffed-animal-toys-big-teddy-bear"},"modified":"2025-02-05T00:54:19","modified_gmt":"2025-02-05T00:54:19","slug":"jatte-nallebjorn-stor-gosedjur-leksaker-stor-nallebjorn","status":"publish","type":"product","link":"https:\/\/www.largepillow.com\/sv\/product\/giant-teddy-bear-large-stuffed-animal-toys-big-teddy-bear","title":{"rendered":"J\u00e4tte nallebj\u00f6rn Stora gosedjursleksaker Stor nallebj\u00f6rn"},"content":{"rendered":"[zc_getpagecontent mb=&#8221;mb_aplus&#8221; apid=&#8221;15&#8243;]\n","protected":false},"excerpt":{"rendered":"<ul>\n<li>V\u00e5ra nallebj\u00f6rnar \u00e4r i full storlek och tillr\u00e4ckligt fyllda, vi kan vara s\u00e4kra p\u00e5 att varan du f\u00e5r \u00e4r densamma som bilderna. V\u00e5r h\u00f6gkvalitativa nallebj\u00f6rn \u00e4r en perfekt present till n\u00e4ra och k\u00e4ra och mycket popul\u00e4r som present till h\u00f6gtider som jul och alla hj\u00e4rtans dag.<\/li>\n<li>J\u00e4ttestor nallebj\u00f6rn i ultramjukt plyschmaterial, v\u00e4ldigt fluffig, k\u00e4nns hal, vilket g\u00f6r den superformbar f\u00f6r att krama och gosa med.<\/li>\n<li>Den enorma 183 cm l\u00e5nga nallebj\u00f6rnen \u00e4r designad med en barns\u00e4ker dragkedja p\u00e5 baksidan, vilket g\u00f6r den s\u00e4ker och enkel att tv\u00e4tta.<\/li>\n<li>Denna stora nallebj\u00f6rn \u00e4r komprimerad till ett paket som \u00e4r mindre \u00e4n sin faktiska storlek, den expanderar snabbt till 1,8 meter h\u00f6g n\u00e4r packp\u00e5sen tas bort.<\/li>\n<li>Den perfekta nallebj\u00f6rnen att krama och gosa med. Denna s\u00f6ta nallebj\u00f6rn kan f\u00f6lja med dig n\u00e4r du l\u00e4ser b\u00f6cker, tittar p\u00e5 TV och har roligt. Den kan vara en bra f\u00f6ljeslagare! Den s\u00f6ta plyschleksaken kommer snabbt att bli en \u00e4lskad f\u00f6ljeslagare f\u00f6r b\u00e5de unga och gamla.<\/li>\n<li>Nallebj\u00f6rnen \u00e4r s\u00e5 charmig att den kan pryda ett sovrum eller lekrum. Du kan mysa med den som en mjuk kudde. Barn kan leka med den, vilket ocks\u00e5 kan vara en mycket intressant stund f\u00f6r familjeunderh\u00e5llning.<\/li>\n<li>Det \u00e4r ett perfekt val f\u00f6r sp\u00e4dbarn, barn eller v\u00e4nner. Det blir den b\u00e4sta presenten f\u00f6r speciella dagar som Thanksgiving, Alla hj\u00e4rtans dag, jul, f\u00f6delsedagar eller andra \u00e5rsdagar.<\/li>\n<li>Denna nallebj\u00f6rn k\u00e4nns v\u00e4ldigt mjuk. Knapp\u00f6gonen \u00e4r v\u00e4ldigt solida. Plyschen och fyllningen \u00e4r av h\u00f6g kvalitet.<\/li>\n<li>Plysch och vaddering \u00e4r av god kvalitet. Alla bj\u00f6rnar skickas efter strikt kvalitetskontroll. Plyschen inspekteras av en auktoriserad kvalitetsorganisation och \u00e4r CE-certifierad.<\/li>\n<\/ul>","protected":false},"featured_media":5481,"comment_status":"open","ping_status":"closed","template":"","meta":[],"product_brand":[],"product_cat":[235],"product_tag":[],"class_list":{"0":"post-5500","1":"product","2":"type-product","3":"status-publish","4":"has-post-thumbnail","6":"product_cat-plush-toys","8":"first","9":"instock","10":"shipping-taxable","11":"purchasable","12":"product-type-simple"},"_links":{"self":[{"href":"https:\/\/www.largepillow.com\/sv\/wp-json\/wp\/v2\/product\/5500","targetHints":{"allow":["GET"]}}],"collection":[{"href":"https:\/\/www.largepillow.com\/sv\/wp-json\/wp\/v2\/product"}],"about":[{"href":"https:\/\/www.largepillow.com\/sv\/wp-json\/wp\/v2\/types\/product"}],"replies":[{"embeddable":true,"href":"https:\/\/www.largepillow.com\/sv\/wp-json\/wp\/v2\/comments?post=5500"}],"wp:featuredmedia":[{"embeddable":true,"href":"https:\/\/www.largepillow.com\/sv\/wp-json\/wp\/v2\/media\/5481"}],"wp:attachment":[{"href":"https:\/\/www.largepillow.com\/sv\/wp-json\/wp\/v2\/media?parent=5500"}],"wp:term":[{"taxonomy":"product_brand","embeddable":true,"href":"https:\/\/www.largepillow.com\/sv\/wp-json\/wp\/v2\/product_brand?post=5500"},{"taxonomy":"product_cat","embeddable":true,"href":"https:\/\/www.largepillow.com\/sv\/wp-json\/wp\/v2\/product_cat?post=5500"},{"taxonomy":"product_tag","embeddable":true,"href":"https:\/\/www.largepillow.com\/sv\/wp-json\/wp\/v2\/product_tag?post=5500"}],"curies":[{"name":"wp","href":"https:\/\/api.w.org\/{rel}","templated":true}]}}