{"id":590,"date":"2022-09-16T02:52:55","date_gmt":"2022-09-16T02:52:55","guid":{"rendered":"https:\/\/www.largepillow.com\/product\/bed-wedge"},"modified":"2026-05-07T13:47:57","modified_gmt":"2026-05-07T13:47:57","slug":"stor-kilkudde","status":"publish","type":"product","link":"https:\/\/www.largepillow.com\/sv\/product\/large-wedge-pillow\/","title":{"rendered":"Stor kilkudde"},"content":{"rendered":"<p>Den stora kilkudden \u2013 Din ultimata komfortkamrat<\/p>\n<p>\u00c4lskar du att l\u00e4sa, titta p\u00e5 TV eller bara varva ner i s\u00e4ngen efter en l\u00e5ng dag? I s\u00e5 fall \u00e4r den stora kilkudden precis vad du har letat efter! Denna m\u00e5ngsidiga huvudgavelkudd \u00e4r perfekt att anv\u00e4nda i s\u00e4ngen, i soffan eller till och med p\u00e5 en dagb\u00e4dd. Dess multifunktionella design g\u00f6r den till ett utm\u00e4rkt tillskott till alla sovrum och ger ultimat komfort och st\u00f6d n\u00e4r du beh\u00f6ver det som mest.<\/p>\n<p>Tillverkad av h\u00f6gkvalitativa material har den stora kilkudden ett \u00f6rngott i 100% polyester med sammanv\u00e4vd textur och uts\u00f6kta s\u00f6mmar som \u00e4r robusta runtom. Vadderingen \u00e4r tillverkad av h\u00f6gdensitets- och h\u00f6gkvalitativa polyesterfibrer som f\u00f6rhindrar att den sjunker ihop \u00e4ven efter m\u00e5naders anv\u00e4ndning. Oavsett om du anv\u00e4nder den som en l\u00e4skudde med ryggst\u00f6d, en l\u00e5ng kilkudde eller en benkudde f\u00f6r att lyfta upp benen, kan du vara s\u00e4ker p\u00e5 att den h\u00e4r kudden ger dig st\u00f6rsta m\u00f6jliga komfort och st\u00f6d.<\/p>\n<p>En av de b\u00e4sta egenskaperna hos Large Wedge Pillow \u00e4r dess l\u00e4ttrengjorda design. \u00d6rngottet f\u00e4sts p\u00e5 kudden med knappar och \u00e4r l\u00e4tt att ta bort med en enkel dragkedja. Ta bara bort \u00f6verdraget och tv\u00e4tta snabbt i maskin f\u00f6r att f\u00e5 din kudde att se ut som ny. Detta g\u00f6r den bekv\u00e4m f\u00f6r dig som vill h\u00e5lla sin kudde ren och fr\u00e4sch hela tiden.<\/p>\n<p>En annan bra funktion hos denna huvudgavelskudde \u00e4r dess praktiska sidoficka. Tack vare den perfekta f\u00f6rvaringsfickan som medf\u00f6ljer kudden kommer du aldrig att tappa bort din fj\u00e4rrkontroll igen. Du kan ha din telefon, bok eller n\u00e5got annat du beh\u00f6ver n\u00e4ra till hands.<\/p>\n<p>Denna kudde finns i en m\u00e4ngd olika storlekar, fr\u00e5n 45 cm till 200 cm, och passar olika s\u00e4ngstorlekar och stilar. V\u00e4lj den storlek som passar din s\u00e4ng b\u00e4st och njut av den komfort som kudden ger.<\/p>\n<p>Ta inte bara v\u00e5rt ord f\u00f6r det \u2013 h\u00e4r \u00e4r n\u00e5gra kommentarer fr\u00e5n v\u00e5ra n\u00f6jda kunder:<\/p>\n<p>\u201c\u00c4lskar den h\u00e4r kudden! Den var precis vad jag beh\u00f6vde f\u00f6r att st\u00f6dja ryggen n\u00e4r jag l\u00e4ste i s\u00e4ngen. Sidofickan \u00e4r perfekt f\u00f6r min telefon och glas\u00f6gon.\u201d \u2013 Sarah L.<\/p>\n<p>\u201cDen stora kilkudden \u00e4r revolutionerande! Jag har anv\u00e4nt den f\u00f6r att h\u00f6ja benen och den har gjort en enorm skillnad f\u00f6r min komfortniv\u00e5.\u201d \u2013 Tom H.<\/p>\n<p>\u201cJag k\u00f6pte den gula kudden i linneblandning och den ser j\u00e4ttefin ut i mitt sovrum. Den \u00e4r ocks\u00e5 v\u00e4ldigt bekv\u00e4m och jag \u00e4lskar att den \u00e4r l\u00e4tt att reng\u00f6ra.\u201d \u2013 Rachel W.<\/p>\n<p>Sammanfattningsvis, om du letar efter en h\u00f6gkvalitativ huvudgavelkudde som ger komfort, st\u00f6d och bekv\u00e4mlighet, beh\u00f6ver du inte leta l\u00e4ngre \u00e4n till Large Wedge Pillow. Skaffa din idag och upplev en helt ny niv\u00e5 av komfort och avkoppling.<\/p>","protected":false},"excerpt":{"rendered":"<ul>\n<li><strong>Ultimat komfort:<\/strong> V\u00e5r kudde f\u00f6r huvudgaveln \u00e4r utformad f\u00f6r att ge dig ultimat komfort n\u00e4r du l\u00e4ser, tittar p\u00e5 TV eller sover. Den \u00e4r perfekt f\u00f6r s\u00e4ngen, soffan, dagb\u00e4dden och mer!<\/li>\n<li><strong>Multifunktionell design:<\/strong> V\u00e5r stora bolsterkudde kan anv\u00e4ndas p\u00e5 flera s\u00e4tt \u2013 som en l\u00e4skudde med st\u00f6d f\u00f6r ryggen, en l\u00e5ng kilformad kudde eller en benkudde f\u00f6r att lyfta upp benen. Den \u00e4r snygg och funktionell, vilket g\u00f6r den till ett utm\u00e4rkt tillskott till alla sovrum.<\/li>\n<li><strong>Premiummaterial:<\/strong> V\u00e5rt \u00f6rngott \u00e4r tillverkat av 100% polyester med en sammanv\u00e4vd textur och uts\u00f6kta s\u00f6mmar som \u00e4r robusta runtom. Vadderingen \u00e4r tillverkad av h\u00f6gdensitets- och h\u00f6gkvalitativa polyesterfibrer som f\u00f6rhindrar att det sjunker ihop \u00e4ven efter m\u00e5naders anv\u00e4ndning.<\/li>\n<li><strong>L\u00e4tt att reng\u00f6ra:<\/strong> \u00d6verdraget till huvudgaveln \u00e4r f\u00e4st vid kudden med knappar och \u00e4r enkelt att ta bort med en enkel dragkedja. Ta bara bort \u00f6verdraget och tv\u00e4tta det snabbt i maskin f\u00f6r att f\u00e5 din kudde att se ut som ny.<\/li>\n<li><strong>Perfekt f\u00f6rvaringsficka:<\/strong> V\u00e5r kudde f\u00f6r huvudgaveln har en praktisk sidoficka, vilket s\u00e4kerst\u00e4ller att du aldrig tappar bort din fj\u00e4rrkontroll igen.<\/li>\n<li><strong>Tyg:<\/strong>\u00a0Blandning av polyester och linne.<\/li>\n<li><strong>Storlek:<\/strong> 45 cm (L45 x B20 x H50 | 0 knappar), 60 cm (L60 x B20 x H50 | 0 knappar), 80 cm (L80 x B20 x H50 | 2 knappar), 100 cm (L100 x B20 x H50 | 3 knappar), 120 cm (L120 x B20 x H50 | 4 knappar), 140 cm (L140 x B20 x H50 | 4 knappar), 160 cm (L160 x B20 x H50 | 5 knappar), 180 cm (L180 x B20 x H50 | 6 knappar), 200 cm (L200 x B20 x H50 | 7 knappar).<\/li>\n<\/ul>","protected":false},"featured_media":575,"comment_status":"open","ping_status":"closed","template":"","meta":[],"product_brand":[],"product_cat":[15],"product_tag":[66,73,102,181,199,189,59,71,200],"class_list":{"0":"post-590","1":"product","2":"type-product","3":"status-publish","4":"has-post-thumbnail","6":"product_cat-large-wedge-pillow","7":"product_tag-back-support-pillow","8":"product_tag-bedroom-pillow","9":"product_tag-couch-pillow","10":"product_tag-elevated-backrest-pillow","11":"product_tag-large-wedge-pillow","12":"product_tag-linen-pillow","13":"product_tag-reading-pillow","14":"product_tag-tv-pillow","15":"product_tag-yellow-pillow","17":"first","18":"instock","19":"featured","20":"shipping-taxable","21":"purchasable","22":"product-type-variable"},"_links":{"self":[{"href":"https:\/\/www.largepillow.com\/sv\/wp-json\/wp\/v2\/product\/590","targetHints":{"allow":["GET"]}}],"collection":[{"href":"https:\/\/www.largepillow.com\/sv\/wp-json\/wp\/v2\/product"}],"about":[{"href":"https:\/\/www.largepillow.com\/sv\/wp-json\/wp\/v2\/types\/product"}],"replies":[{"embeddable":true,"href":"https:\/\/www.largepillow.com\/sv\/wp-json\/wp\/v2\/comments?post=590"}],"wp:featuredmedia":[{"embeddable":true,"href":"https:\/\/www.largepillow.com\/sv\/wp-json\/wp\/v2\/media\/575"}],"wp:attachment":[{"href":"https:\/\/www.largepillow.com\/sv\/wp-json\/wp\/v2\/media?parent=590"}],"wp:term":[{"taxonomy":"product_brand","embeddable":true,"href":"https:\/\/www.largepillow.com\/sv\/wp-json\/wp\/v2\/product_brand?post=590"},{"taxonomy":"product_cat","embeddable":true,"href":"https:\/\/www.largepillow.com\/sv\/wp-json\/wp\/v2\/product_cat?post=590"},{"taxonomy":"product_tag","embeddable":true,"href":"https:\/\/www.largepillow.com\/sv\/wp-json\/wp\/v2\/product_tag?post=590"}],"curies":[{"name":"wp","href":"https:\/\/api.w.org\/{rel}","templated":true}]}}