{"id":5959,"date":"2025-02-02T13:23:53","date_gmt":"2025-02-02T13:23:53","guid":{"rendered":"https:\/\/www.largepillow.com\/product\/side-sleeper-pillow-with-arm-hole-foam-wedge-for-neck-and-shoulder-pain"},"modified":"2025-11-23T05:21:48","modified_gmt":"2025-11-23T05:21:48","slug":"sidosangkudde-med-armhalsskumkil-for-nacke-och-axelsmartor","status":"publish","type":"product","link":"https:\/\/www.largepillow.com\/sv\/product\/side-sleeper-pillow-with-arm-hole-foam-wedge-for-neck-and-shoulder-pain","title":{"rendered":"Sidos\u00e4ngkudde med armh\u00e5l och skumkil f\u00f6r nacke- och axelsm\u00e4rtor"},"content":{"rendered":"[zc_getpagecontent mb=&#8221;mb_aplus&#8221; apid=&#8221;116&#8243;]\n","protected":false},"excerpt":{"rendered":"<ul>\n<li>Avancerad design: V\u00e5r nya version av sidokudden f\u00f6r axelsm\u00e4rtor best\u00e5r av tre viktiga delar: en kilformad skumkudde f\u00f6r stabilt st\u00f6d, ett litet nackst\u00f6d och en bekv\u00e4m H-formad kroppskudde. Denna revolutionerande design erbjuder betydande funktionella f\u00f6rb\u00e4ttringar j\u00e4mf\u00f6rt med traditionella U-formade kroppskuddar, vilket m\u00f6jligg\u00f6r enkla sidof\u00f6rflyttningar under s\u00f6mnen.<\/li>\n<li>F\u00f6rb\u00e4ttrad funktionalitet: Till skillnad fr\u00e5n konventionell U-formad sidosovningskudde som hindrar r\u00f6relser under s\u00f6mnen, m\u00f6jligg\u00f6r v\u00e5r H-formade kroppskudde och separata nackst\u00f6dsdesign enkel armr\u00f6relse och sidobyten. Den optimerade lutningen p\u00e5 kilkudden s\u00e4kerst\u00e4ller ett skonsamt st\u00f6d och tillgodoser de olika behoven hos sidosovare.<\/li>\n<li>Tryckavlastning p\u00e5 armarna: Njut av o\u00f6vertr\u00e4ffad komfort med det smart utformade dubbla armh\u00e5let i skumkudden. Denna design lindrar trycket p\u00e5 armarna, fr\u00e4mjar b\u00e4ttre blodcirkulation och s\u00e4kerst\u00e4ller en vilsam natts s\u00f6mn utan obehaget av dinglande armar.<\/li>\n<li>Ultimat komfort: Tillverkade av mjuk och fluffig polyesterfiber, garanterar den H-formade kroppskudden och nackst\u00f6det maximal komfort medan du sover. Det andningsbara tyget i \u00f6rngottet s\u00e4kerst\u00e4ller en vilsam natts s\u00f6mn. Den ergonomiska skumkudden lyfter \u00f6verkroppen och lindrar effektivt ryggsm\u00e4rtor, sura uppst\u00f6tningar och halsbr\u00e4nna. Fylld med h\u00f6gdensitetsskum f\u00f6r l\u00e5ngvarig stabilitet ger denna kudde ett fast st\u00f6d hela natten, vilket hj\u00e4lper sidosovere att \u00e5terh\u00e4mta sig snabbare.<\/li>\n<li>Omfattande st\u00f6d: Njut av helkroppsst\u00f6d med den f\u00f6rl\u00e4ngda \u00f6vre delen av den H-formade ergonomiska kudden f\u00f6r sidosovning, som str\u00e4cker sig fr\u00e5n huvud till f\u00f6tter. Oavsett om det \u00e4r dina h\u00f6fter, rygg, nacke eller mage som beh\u00f6ver avslappning, ger denna kroppskudde skr\u00e4ddarsytt st\u00f6d. Anslutningsdesignen i mitten av kroppskudden s\u00e4kerst\u00e4ller att sidosovningskuddarna f\u00f6r vuxna inte omsluter din kropp n\u00e4r du v\u00e4nder dig.<\/li>\n<\/ul>","protected":false},"featured_media":5945,"comment_status":"open","ping_status":"closed","template":"","meta":[],"product_brand":[],"product_cat":[228],"product_tag":[],"class_list":{"0":"post-5959","1":"product","2":"type-product","3":"status-publish","4":"has-post-thumbnail","6":"product_cat-cushions","8":"first","9":"instock","10":"shipping-taxable","11":"purchasable","12":"product-type-variable","13":"has-default-attributes"},"_links":{"self":[{"href":"https:\/\/www.largepillow.com\/sv\/wp-json\/wp\/v2\/product\/5959","targetHints":{"allow":["GET"]}}],"collection":[{"href":"https:\/\/www.largepillow.com\/sv\/wp-json\/wp\/v2\/product"}],"about":[{"href":"https:\/\/www.largepillow.com\/sv\/wp-json\/wp\/v2\/types\/product"}],"replies":[{"embeddable":true,"href":"https:\/\/www.largepillow.com\/sv\/wp-json\/wp\/v2\/comments?post=5959"}],"wp:featuredmedia":[{"embeddable":true,"href":"https:\/\/www.largepillow.com\/sv\/wp-json\/wp\/v2\/media\/5945"}],"wp:attachment":[{"href":"https:\/\/www.largepillow.com\/sv\/wp-json\/wp\/v2\/media?parent=5959"}],"wp:term":[{"taxonomy":"product_brand","embeddable":true,"href":"https:\/\/www.largepillow.com\/sv\/wp-json\/wp\/v2\/product_brand?post=5959"},{"taxonomy":"product_cat","embeddable":true,"href":"https:\/\/www.largepillow.com\/sv\/wp-json\/wp\/v2\/product_cat?post=5959"},{"taxonomy":"product_tag","embeddable":true,"href":"https:\/\/www.largepillow.com\/sv\/wp-json\/wp\/v2\/product_tag?post=5959"}],"curies":[{"name":"wp","href":"https:\/\/api.w.org\/{rel}","templated":true}]}}