{"id":614,"date":"2022-09-16T03:33:52","date_gmt":"2022-09-16T03:33:52","guid":{"rendered":"https:\/\/www.largepillow.com\/product\/bed-wedge-pillow-2"},"modified":"2026-04-11T08:10:25","modified_gmt":"2026-04-11T08:10:25","slug":"stor-ryggkudde-till-sangen","status":"publish","type":"product","link":"https:\/\/www.largepillow.com\/sv\/product\/large-back-pillow-for-bed","title":{"rendered":"Stor ryggkudde f\u00f6r s\u00e4ngen"},"content":{"rendered":"<p>Upplev ultimat komfort med v\u00e5r premium stora ryggkudde f\u00f6r s\u00e4ngen<\/p>\n<p>Njut av o\u00f6vertr\u00e4ffad komfort med v\u00e5r lyxiga stora ryggkudde, utformad f\u00f6r att f\u00f6rh\u00f6ja din s\u00e4ngg\u00e5ende upplevelse. Oavsett om du \u00e4r en bokmal som \u00e4r vilse i en saga, en film\u00e4lskare eller bara letar efter ett mysigt ryggst\u00f6d, har v\u00e5r huvudgavelkudde det du s\u00f6ker.<\/p>\n<p>M\u00e5ngsidig och multifunktionell<\/p>\n<p>V\u00e5r kuddes m\u00e5ngsidighet k\u00e4nner inga gr\u00e4nser. Anv\u00e4nd den som ett st\u00f6djande ryggst\u00f6d f\u00f6r l\u00e4sning, en l\u00e5ng kilformad kudde f\u00f6r extra komfort, eller till och med som en benkudde f\u00f6r att lugna tr\u00f6tta muskler. Dess eleganta design g\u00f6r den till ett v\u00e4lkommet tillskott till alla sovrumsinredningar.<\/p>\n<p>Premiummaterial, orubbligt st\u00f6d<\/p>\n<p>Tillverkat av premium 100% polyester- och linneblandning, har v\u00e5rt \u00f6rngott en sammanv\u00e4vd textur och uts\u00f6kta s\u00f6mmar som utstr\u00e5lar h\u00e5llbarhet. Den h\u00f6gdensitetsiga, h\u00f6gkvalitativa polyesterfiberstoppningen garanterar exceptionellt st\u00f6d och f\u00f6rhindrar att det slappnar av \u00e4ven efter l\u00e5ngvarig anv\u00e4ndning.<\/p>\n<p>Enkelt underh\u00e5ll<\/p>\n<p>Att beh\u00e5lla v\u00e5r huvudgavelskudde i toppskick \u00e4r hur enkelt som helst. \u00d6ppna bara dragkedjan p\u00e5 \u00f6rngottet med den l\u00e4tt\u00e5tkomliga dragkedjan och sl\u00e4ng det i tv\u00e4ttmaskinen f\u00f6r enkel reng\u00f6ring. S\u00e5 enkelt \u00e4r det!<\/p>\n<p>Praktisk f\u00f6rvaringsficka<\/p>\n<p>Tappa aldrig bort din fj\u00e4rrkontroll igen! V\u00e5r kudde f\u00f6r huvudgaveln har en smart sidoficka som ger en s\u00e4ker och bekv\u00e4m plats att f\u00f6rvara dina viktiga saker.<\/p>\n<p>Kundomd\u00f6men<\/p>\n<p>\u201cDen h\u00e4r kudden \u00e4r otroligt bekv\u00e4m! Jag anv\u00e4nder den f\u00f6r att l\u00e4sa i s\u00e4ngen och den har gjort min kv\u00e4llsrutin s\u00e5 mycket roligare.\u201d \u2013 Sarah J.<\/p>\n<p>\u201cJag \u00e4lskar hur m\u00e5ngsidig den h\u00e4r kudden \u00e4r. Den \u00e4r perfekt f\u00f6r b\u00e5de avkoppling och s\u00f6mn. F\u00f6rvaringsfickan \u00e4r en fantastisk bonus!\u201d \u2013 Emily B.<\/p>\n<p>Tillg\u00e4ngliga storlekar<\/p>\n<p>V\u00e5r stora ryggkudde finns i olika storlekar f\u00f6r att passa dina behov:<\/p>\n<p>* 45 cm (L45 x B20 x H50)<br \/>\n* 60 cm (L60 x B20 x H50)<br \/>\n* 80 cm (L80 x B20 x H50)<br \/>\n* 100 cm (L100 x B20 x H50)<br \/>\n* 120 cm (L120 x B20 x H50)<br \/>\n* 140 cm (L140 x B20 x H50)<br \/>\n* 160 cm (L160 x B20 x H50)<br \/>\n* 180 cm (L180 x B20 x H50)<br \/>\n* 200 cm (L200 x B20 x H50)<\/p>\n<p>Uppgradera din s\u00f6mn- och avkopplingsupplevelse med v\u00e5r stora ryggkudde f\u00f6r s\u00e4ngen idag. Best\u00e4ll nu och njut av den ultimata komforten!<\/p>","protected":false},"excerpt":{"rendered":"<ul>\n<li><strong>Ultimat komfort:<\/strong> V\u00e5r kudde f\u00f6r huvudgaveln \u00e4r utformad f\u00f6r att ge dig ultimat komfort n\u00e4r du l\u00e4ser, tittar p\u00e5 TV eller sover. Den \u00e4r perfekt f\u00f6r s\u00e4ngen, soffan, dagb\u00e4dden och mer!<\/li>\n<li><strong>Multifunktionell design:<\/strong> V\u00e5r stora bolsterkudde kan anv\u00e4ndas p\u00e5 flera s\u00e4tt \u2013 som en l\u00e4skudde med st\u00f6d f\u00f6r ryggen, en l\u00e5ng kilformad kudde eller en benkudde f\u00f6r att lyfta upp benen. Den \u00e4r snygg och funktionell, vilket g\u00f6r den till ett utm\u00e4rkt tillskott till alla sovrum.<\/li>\n<li><strong>Premiummaterial:<\/strong> V\u00e5rt \u00f6rngott \u00e4r tillverkat av 100% polyester med en sammanv\u00e4vd textur och uts\u00f6kta s\u00f6mmar som \u00e4r robusta runtom. Vadderingen \u00e4r tillverkad av h\u00f6gdensitets- och h\u00f6gkvalitativa polyesterfibrer som f\u00f6rhindrar att det sjunker ihop \u00e4ven efter m\u00e5naders anv\u00e4ndning.<\/li>\n<li><strong>L\u00e4tt att reng\u00f6ra:<\/strong> \u00d6verdraget till huvudgaveln \u00e4r f\u00e4st vid kudden med knappar och \u00e4r enkelt att ta bort med en enkel dragkedja. Ta bara bort \u00f6verdraget och tv\u00e4tta det snabbt i maskin f\u00f6r att f\u00e5 din kudde att se ut som ny.<\/li>\n<li><strong>Perfekt f\u00f6rvaringsficka:<\/strong> V\u00e5r kudde f\u00f6r huvudgaveln har en praktisk sidoficka, vilket s\u00e4kerst\u00e4ller att du aldrig tappar bort din fj\u00e4rrkontroll igen.<\/li>\n<li><strong>Tyg:<\/strong>\u00a0Blandning av polyester och linne.<\/li>\n<li><strong>Storlek:<\/strong> 45 cm (L45 x B20 x H50 | 0 knappar), 60 cm (L60 x B20 x H50 | 0 knappar), 80 cm (L80 x B20 x H50 | 2 knappar), 100 cm (L100 x B20 x H50 | 3 knappar), 120 cm (L120 x B20 x H50 | 4 knappar), 140 cm (L140 x B20 x H50 | 4 knappar), 160 cm (L160 x B20 x H50 | 5 knappar), 180 cm (L180 x B20 x H50 | 6 knappar), 200 cm (L200 x B20 x H50 | 7 knappar).<\/li>\n<\/ul>","protected":false},"featured_media":600,"comment_status":"open","ping_status":"closed","template":"","meta":[],"product_brand":[],"product_cat":[15],"product_tag":[187,75,168,197,189,184,143,59,71,198],"class_list":{"0":"post-614","1":"product","2":"type-product","3":"status-publish","4":"has-post-thumbnail","6":"product_cat-large-wedge-pillow","7":"product_tag-back-support-reading-pillow","8":"product_tag-daybed-pillow","9":"product_tag-headboard-pillow","10":"product_tag-large-back-pillow-for-bed","11":"product_tag-linen-pillow","12":"product_tag-long-wedge-pillow","13":"product_tag-multifunctional-pillow","14":"product_tag-reading-pillow","15":"product_tag-tv-pillow","16":"product_tag-white-pillow","18":"first","19":"instock","20":"featured","21":"shipping-taxable","22":"purchasable","23":"product-type-variable"},"_links":{"self":[{"href":"https:\/\/www.largepillow.com\/sv\/wp-json\/wp\/v2\/product\/614","targetHints":{"allow":["GET"]}}],"collection":[{"href":"https:\/\/www.largepillow.com\/sv\/wp-json\/wp\/v2\/product"}],"about":[{"href":"https:\/\/www.largepillow.com\/sv\/wp-json\/wp\/v2\/types\/product"}],"replies":[{"embeddable":true,"href":"https:\/\/www.largepillow.com\/sv\/wp-json\/wp\/v2\/comments?post=614"}],"wp:featuredmedia":[{"embeddable":true,"href":"https:\/\/www.largepillow.com\/sv\/wp-json\/wp\/v2\/media\/600"}],"wp:attachment":[{"href":"https:\/\/www.largepillow.com\/sv\/wp-json\/wp\/v2\/media?parent=614"}],"wp:term":[{"taxonomy":"product_brand","embeddable":true,"href":"https:\/\/www.largepillow.com\/sv\/wp-json\/wp\/v2\/product_brand?post=614"},{"taxonomy":"product_cat","embeddable":true,"href":"https:\/\/www.largepillow.com\/sv\/wp-json\/wp\/v2\/product_cat?post=614"},{"taxonomy":"product_tag","embeddable":true,"href":"https:\/\/www.largepillow.com\/sv\/wp-json\/wp\/v2\/product_tag?post=614"}],"curies":[{"name":"wp","href":"https:\/\/api.w.org\/{rel}","templated":true}]}}