{"id":640,"date":"2022-09-16T03:40:56","date_gmt":"2022-09-16T03:40:56","guid":{"rendered":"https:\/\/www.largepillow.com\/product\/leg-elevation-pillow-2"},"modified":"2025-11-24T12:37:09","modified_gmt":"2025-11-24T12:37:09","slug":"kudde-for-huvudgavel","status":"publish","type":"product","link":"https:\/\/www.largepillow.com\/sv\/product\/cushion-for-headboard","title":{"rendered":"Kudde f\u00f6r huvudgavel"},"content":{"rendered":"<p>Kudden till huvudgaveln \u2013 den ultimata komforten du letat efter! Denna huvudgavelskudde \u00e4r designad med din komfort i \u00e5tanke, perfekt f\u00f6r att l\u00e4sa, titta p\u00e5 TV eller bara f\u00e5 en god natts s\u00f6mn. Den \u00e4r multifunktionell, snygg och ett utm\u00e4rkt tillskott till alla sovrum.<\/p>\n<p>V\u00e5r stora bolsterkudde kan anv\u00e4ndas p\u00e5 flera s\u00e4tt \u2013 som en l\u00e4skudde f\u00f6r ryggen, en l\u00e5ng kilkudde eller en benkudde f\u00f6r att lyfta upp dina ben. Den \u00e4r tillverkad av h\u00f6gdensitets- och h\u00f6gkvalitativa polyesterfibrer som f\u00f6rhindrar att den slappnar av \u00e4ven efter m\u00e5naders anv\u00e4ndning. \u00d6rngottet \u00e4r tillverkat av 100% polyester med en sammanv\u00e4vd textur och uts\u00f6kta s\u00f6mmar som \u00e4r robusta runtom.<\/p>\n<p>En av de b\u00e4sta egenskaperna hos den h\u00e4r huvudgavelkudden \u00e4r att den \u00e4r l\u00e4tt att reng\u00f6ra. Ta bara bort \u00f6verdraget med en enkel dragkedja och tv\u00e4tta den snabbt i maskin f\u00f6r att f\u00e5 din kudde att se ut som ny.<\/p>\n<p>Men det \u00e4r inte allt \u2013 v\u00e5r kudde f\u00f6r huvudgaveln har ocks\u00e5 en praktisk sidoficka, vilket s\u00e4kerst\u00e4ller att du aldrig tappar bort din fj\u00e4rrkontroll igen. Det \u00e4r den perfekta f\u00f6rvaringsfickan f\u00f6r alla dina n\u00f6dv\u00e4ndigheter.<\/p>\n<p>Vi erbjuder olika storlekar p\u00e5 denna kudd, fr\u00e5n 45 cm till 200 cm. Du kan v\u00e4lja den storlek som passar din s\u00e4ng och huvudgavel b\u00e4st. Kudden \u00e4r tillverkad av en blandning av polyester och linne, ett bekv\u00e4mt och slitstarkt material.<\/p>\n<p>Ta inte bara v\u00e5rt ord f\u00f6r det, h\u00e4r \u00e4r n\u00e5gra kommentarer fr\u00e5n v\u00e5ra n\u00f6jda kunder:<\/p>\n<p>\u201cJag \u00e4lskar verkligen den h\u00e4r kudden. Den \u00e4r s\u00e5 bekv\u00e4m och stadig. Jag anv\u00e4nder den varje kv\u00e4ll f\u00f6r att l\u00e4sa innan jag g\u00e5r och l\u00e4gger mig.\u201d<\/p>\n<p>\u201cTyget \u00e4r av h\u00f6g kvalitet och kudden \u00e4r vackert tillverkad. Jag \u00e4lskar sidofickan eftersom den \u00e4r s\u00e5 praktisk.\u201d<\/p>\n<p>\u201cDen h\u00e4r kudden har gjort min s\u00e4ng s\u00e5 mycket bekv\u00e4mare. Det \u00e4r som att ha ett mysigt litet n\u00e4ste att koppla av i.\u201d<\/p>\n<p>Sammanfattningsvis, om du letar efter en bekv\u00e4m och multifunktionell kudde till huvudgaveln \u00e4r v\u00e5r kudde f\u00f6r huvudgaveln det perfekta valet f\u00f6r dig. Den \u00e4r snygg, funktionell och l\u00e4tt att reng\u00f6ra. Best\u00e4ll din idag och upplev den ultimata komforten!<\/p>","protected":false},"excerpt":{"rendered":"<ul>\n<li><strong>Ultimat komfort:<\/strong> V\u00e5r kudde f\u00f6r huvudgaveln \u00e4r utformad f\u00f6r att ge dig ultimat komfort n\u00e4r du l\u00e4ser, tittar p\u00e5 TV eller sover. Den \u00e4r perfekt f\u00f6r s\u00e4ngen, soffan, dagb\u00e4dden och mer!<\/li>\n<li><strong>Multifunktionell design:<\/strong> V\u00e5r stora bolsterkudde kan anv\u00e4ndas p\u00e5 flera s\u00e4tt \u2013 som en l\u00e4skudde med st\u00f6d f\u00f6r ryggen, en l\u00e5ng kilformad kudde eller en benkudde f\u00f6r att lyfta upp benen. Den \u00e4r snygg och funktionell, vilket g\u00f6r den till ett utm\u00e4rkt tillskott till alla sovrum.<\/li>\n<li><strong>Premiummaterial:<\/strong> V\u00e5rt \u00f6rngott \u00e4r tillverkat av 100% polyester med en sammanv\u00e4vd textur och uts\u00f6kta s\u00f6mmar som \u00e4r robusta runtom. Vadderingen \u00e4r tillverkad av h\u00f6gdensitets- och h\u00f6gkvalitativa polyesterfibrer som f\u00f6rhindrar att det sjunker ihop \u00e4ven efter m\u00e5naders anv\u00e4ndning.<\/li>\n<li><strong>L\u00e4tt att reng\u00f6ra:<\/strong> \u00d6verdraget till huvudgaveln \u00e4r f\u00e4st vid kudden med knappar och \u00e4r enkelt att ta bort med en enkel dragkedja. Ta bara bort \u00f6verdraget och tv\u00e4tta det snabbt i maskin f\u00f6r att f\u00e5 din kudde att se ut som ny.<\/li>\n<li><strong>Perfekt f\u00f6rvaringsficka:<\/strong> V\u00e5r kudde f\u00f6r huvudgaveln har en praktisk sidoficka, vilket s\u00e4kerst\u00e4ller att du aldrig tappar bort din fj\u00e4rrkontroll igen.<\/li>\n<li><strong>Tyg:<\/strong>\u00a0Blandning av polyester och linne.<\/li>\n<li><strong>Storlek:<\/strong> 45 cm (L45 x B20 x H50 | 0 knappar), 60 cm (L60 x B20 x H50 | 0 knappar), 80 cm (L80 x B20 x H50 | 2 knappar), 100 cm (L100 x B20 x H50 | 3 knappar), 120 cm (L120 x B20 x H50 | 4 knappar), 140 cm (L140 x B20 x H50 | 4 knappar), 160 cm (L160 x B20 x H50 | 5 knappar), 180 cm (L180 x B20 x H50 | 6 knappar), 200 cm (L200 x B20 x H50 | 7 knappar).<\/li>\n<\/ul>","protected":false},"featured_media":624,"comment_status":"open","ping_status":"closed","template":"","meta":[],"product_brand":[],"product_cat":[15],"product_tag":[66,187,195,196,192,189,184,143,59],"class_list":{"0":"post-640","1":"product","2":"type-product","3":"status-publish","4":"has-post-thumbnail","6":"product_cat-large-wedge-pillow","7":"product_tag-back-support-pillow","8":"product_tag-back-support-reading-pillow","9":"product_tag-brown-pillow","10":"product_tag-cushion-for-headboard","11":"product_tag-headboard-cushion","12":"product_tag-linen-pillow","13":"product_tag-long-wedge-pillow","14":"product_tag-multifunctional-pillow","15":"product_tag-reading-pillow","17":"first","18":"instock","19":"shipping-taxable","20":"purchasable","21":"product-type-variable"},"_links":{"self":[{"href":"https:\/\/www.largepillow.com\/sv\/wp-json\/wp\/v2\/product\/640","targetHints":{"allow":["GET"]}}],"collection":[{"href":"https:\/\/www.largepillow.com\/sv\/wp-json\/wp\/v2\/product"}],"about":[{"href":"https:\/\/www.largepillow.com\/sv\/wp-json\/wp\/v2\/types\/product"}],"replies":[{"embeddable":true,"href":"https:\/\/www.largepillow.com\/sv\/wp-json\/wp\/v2\/comments?post=640"}],"wp:featuredmedia":[{"embeddable":true,"href":"https:\/\/www.largepillow.com\/sv\/wp-json\/wp\/v2\/media\/624"}],"wp:attachment":[{"href":"https:\/\/www.largepillow.com\/sv\/wp-json\/wp\/v2\/media?parent=640"}],"wp:term":[{"taxonomy":"product_brand","embeddable":true,"href":"https:\/\/www.largepillow.com\/sv\/wp-json\/wp\/v2\/product_brand?post=640"},{"taxonomy":"product_cat","embeddable":true,"href":"https:\/\/www.largepillow.com\/sv\/wp-json\/wp\/v2\/product_cat?post=640"},{"taxonomy":"product_tag","embeddable":true,"href":"https:\/\/www.largepillow.com\/sv\/wp-json\/wp\/v2\/product_tag?post=640"}],"curies":[{"name":"wp","href":"https:\/\/api.w.org\/{rel}","templated":true}]}}